{"id":156,"date":"2020-07-11T10:29:25","date_gmt":"2020-07-11T08:29:25","guid":{"rendered":"https:\/\/ndpo2020.keeo.com\/lycee-professionnel\/?page_id=156"},"modified":"2024-04-10T17:39:42","modified_gmt":"2024-04-10T15:39:42","slug":"blog","status":"publish","type":"page","link":"https:\/\/www.ndpo.fr\/lycee-professionnel\/blog\/","title":{"rendered":"BLOG !"},"content":{"rendered":"<p>[vc_row][vc_column]<div class=\"rs-blog-grid rs-blog \">\n\t\t\t\t\t<div class=\"row\"><div class=\"col-md-12 col-sm-12 col-xs-12\">\n\t\t\t\t\t\t\t<div class=\"blog-item\">\n\t\t\t\t\t\t\t<div class=\"blog-img\"> \n\t\t\t\t\t\t\t\t<a href=\"https:\/\/www.ndpo.fr\/lycee-professionnel\/?post_type=post&p=1010\">\n\t\t\t\t\t\t\t\t\t<img decoding=\"async\" src=\"\" alt=\"&#8230;pour aider les sans-abris&#8230;\" \/>\n\t\t\t\t\t\t\t\t<\/a>\n\t\t\t\t\t\t\t\t<a href=\"https:\/\/www.ndpo.fr\/lycee-professionnel\/?post_type=post&p=1010\" class=\"blog-link\"><i class=\"fa fa-link\"><\/i><\/a>\n\t\t\t\t\t\t\t<\/div>\n\t\t\t\t\t\t\t<div class=\"full-blog-content\"> \n\t\t\t\t\t\t\t<div class=\"blog-meta\"><h3 class=\"blog-title\">\n\t\t\t\t\t\t\t\t\t<a href=\"https:\/\/www.ndpo.fr\/lycee-professionnel\/?post_type=post&p=1010\"> &#8230;pour aider les sans-abris&#8230; <\/a>\n\t\t\t\t\t\t\t\t<\/h3><\/div>\t\t\t\t\t\t\n\t\t\t\t\t\t\t\t<div class=\"blog-desc\">\n\t\t\t\t\t\t\t\t\tAidez-nous \u00e0 les aider Nous aider en faisant un don. Merci d&#8217;orienter vos dons vers les produits ci-dessous : Dentifrice et brosse \u00e0 dents. Gel douche. Shampoing. Sous...\n\t\t\t\t\t\t\t\t<\/div><div class=\"blog-button\"><a href=\"https:\/\/www.ndpo.fr\/lycee-professionnel\/?post_type=post&p=1010\">Lire plus<\/a><\/div><\/div>\n\t\t\t\t\t\t\t<\/div>\n\n\n\t\t\t\t\t<\/div><div class=\"col-md-12 col-sm-12 col-xs-12\">\n\t\t\t\t\t\t\t<div class=\"blog-item\">\n\t\t\t\t\t\t\t<div class=\"blog-img\"> \n\t\t\t\t\t\t\t\t<a href=\"https:\/\/www.ndpo.fr\/lycee-professionnel\/?post_type=post&p=1357\">\n\t\t\t\t\t\t\t\t\t<img decoding=\"async\" src=\"https:\/\/www.ndpo.fr\/app\/uploads\/sites\/3\/2023\/05\/La-gazette-n\u00b05-_Page_1-scaled.jpg\" alt=\"La Gazette n\u00b05\" \/>\n\t\t\t\t\t\t\t\t<\/a>\n\t\t\t\t\t\t\t\t<a href=\"https:\/\/www.ndpo.fr\/lycee-professionnel\/?post_type=post&p=1357\" class=\"blog-link\"><i class=\"fa fa-link\"><\/i><\/a>\n\t\t\t\t\t\t\t<\/div>\n\t\t\t\t\t\t\t<div class=\"full-blog-content\"> \n\t\t\t\t\t\t\t<div class=\"blog-meta\"><h3 class=\"blog-title\">\n\t\t\t\t\t\t\t\t\t<a href=\"https:\/\/www.ndpo.fr\/lycee-professionnel\/?post_type=post&p=1357\"> La Gazette n\u00b05 <\/a>\n\t\t\t\t\t\t\t\t<\/h3><\/div>\t\t\t\t\t\t\n\t\t\t\t\t\t\t\t<div class=\"blog-desc\">\n\t\t\t\t\t\t\t\t\t\n\t\t\t\t\t\t\t\t<\/div><div class=\"blog-button\"><a href=\"https:\/\/www.ndpo.fr\/lycee-professionnel\/?post_type=post&p=1357\">Lire plus<\/a><\/div><\/div>\n\t\t\t\t\t\t\t<\/div>\n\n\n\t\t\t\t\t<\/div><div class=\"col-md-12 col-sm-12 col-xs-12\">\n\t\t\t\t\t\t\t<div class=\"blog-item\">\n\t\t\t\t\t\t\t<div class=\"blog-img\"> \n\t\t\t\t\t\t\t\t<a href=\"https:\/\/www.ndpo.fr\/lycee-professionnel\/?post_type=post&p=1335\">\n\t\t\t\t\t\t\t\t\t<img decoding=\"async\" src=\"https:\/\/www.ndpo.fr\/app\/uploads\/sites\/3\/2023\/04\/IMG_5172-scaled.jpg\" alt=\"Bowling internes\" \/>\n\t\t\t\t\t\t\t\t<\/a>\n\t\t\t\t\t\t\t\t<a href=\"https:\/\/www.ndpo.fr\/lycee-professionnel\/?post_type=post&p=1335\" class=\"blog-link\"><i class=\"fa fa-link\"><\/i><\/a>\n\t\t\t\t\t\t\t<\/div>\n\t\t\t\t\t\t\t<div class=\"full-blog-content\"> \n\t\t\t\t\t\t\t<div class=\"blog-meta\"><h3 class=\"blog-title\">\n\t\t\t\t\t\t\t\t\t<a href=\"https:\/\/www.ndpo.fr\/lycee-professionnel\/?post_type=post&p=1335\"> Bowling internes <\/a>\n\t\t\t\t\t\t\t\t<\/h3><\/div>\t\t\t\t\t\t\n\t\t\t\t\t\t\t\t<div class=\"blog-desc\">\n\t\t\t\t\t\t\t\t\tSortie au Bowling pour nos \u00e9l\u00e8ves internes\n\t\t\t\t\t\t\t\t<\/div><div class=\"blog-button\"><a href=\"https:\/\/www.ndpo.fr\/lycee-professionnel\/?post_type=post&p=1335\">Lire plus<\/a><\/div><\/div>\n\t\t\t\t\t\t\t<\/div>\n\n\n\t\t\t\t\t<\/div><div class=\"col-md-12 col-sm-12 col-xs-12\">\n\t\t\t\t\t\t\t<div class=\"blog-item\">\n\t\t\t\t\t\t\t<div class=\"blog-img\"> \n\t\t\t\t\t\t\t\t<a href=\"https:\/\/www.ndpo.fr\/lycee-professionnel\/?post_type=post&p=1313\">\n\t\t\t\t\t\t\t\t\t<img decoding=\"async\" src=\"\" alt=\"Merveilleux !\" \/>\n\t\t\t\t\t\t\t\t<\/a>\n\t\t\t\t\t\t\t\t<a href=\"https:\/\/www.ndpo.fr\/lycee-professionnel\/?post_type=post&p=1313\" class=\"blog-link\"><i class=\"fa fa-link\"><\/i><\/a>\n\t\t\t\t\t\t\t<\/div>\n\t\t\t\t\t\t\t<div class=\"full-blog-content\"> \n\t\t\t\t\t\t\t<div class=\"blog-meta\"><h3 class=\"blog-title\">\n\t\t\t\t\t\t\t\t\t<a href=\"https:\/\/www.ndpo.fr\/lycee-professionnel\/?post_type=post&p=1313\"> Merveilleux ! <\/a>\n\t\t\t\t\t\t\t\t<\/h3><\/div>\t\t\t\t\t\t\n\t\t\t\t\t\t\t\t<div class=\"blog-desc\">\n\t\t\t\t\t\t\t\t\tUn \u00ab\u00a0merveilleux\u00a0\u00bb TP\u00a0pour nos 2ProP\u00e2t 2,R\u00e9alisation des meringues, d\u00e9couverte de la cr\u00e8me au beurre et mise au point des couvertures pour r\u00e9aliser des copeaux !\n\t\t\t\t\t\t\t\t<\/div><div class=\"blog-button\"><a href=\"https:\/\/www.ndpo.fr\/lycee-professionnel\/?post_type=post&p=1313\">Lire plus<\/a><\/div><\/div>\n\t\t\t\t\t\t\t<\/div>\n\n\n\t\t\t\t\t<\/div><div class=\"col-md-12 col-sm-12 col-xs-12\">\n\t\t\t\t\t\t\t<div class=\"blog-item\">\n\t\t\t\t\t\t\t<div class=\"blog-img\"> \n\t\t\t\t\t\t\t\t<a href=\"https:\/\/www.ndpo.fr\/lycee-professionnel\/?post_type=post&p=1250\">\n\t\t\t\t\t\t\t\t\t<img decoding=\"async\" src=\"https:\/\/www.ndpo.fr\/app\/uploads\/sites\/3\/2022\/09\/int\u00e9gration3.jpg\" alt=\"Int\u00e9gration des 3\u00e8me Pr\u00e9pa-M\u00e9tiers\" \/>\n\t\t\t\t\t\t\t\t<\/a>\n\t\t\t\t\t\t\t\t<a href=\"https:\/\/www.ndpo.fr\/lycee-professionnel\/?post_type=post&p=1250\" class=\"blog-link\"><i class=\"fa fa-link\"><\/i><\/a>\n\t\t\t\t\t\t\t<\/div>\n\t\t\t\t\t\t\t<div class=\"full-blog-content\"> \n\t\t\t\t\t\t\t<div class=\"blog-meta\"><h3 class=\"blog-title\">\n\t\t\t\t\t\t\t\t\t<a href=\"https:\/\/www.ndpo.fr\/lycee-professionnel\/?post_type=post&p=1250\"> Int\u00e9gration des 3\u00e8me Pr\u00e9pa-M\u00e9tiers <\/a>\n\t\t\t\t\t\t\t\t<\/h3><\/div>\t\t\t\t\t\t\n\t\t\t\t\t\t\t\t<div class=\"blog-desc\">\n\t\t\t\t\t\t\t\t\tJourn\u00e9e d&#8217;Int\u00e9gration pour les \u00e9l\u00e8ves de 3\u00e8me Pr\u00e9pa-M\u00e9tiers.Une journ\u00e9e au top sous le soleil accompagn\u00e9s de leurs professeurs.\n\t\t\t\t\t\t\t\t<\/div><div class=\"blog-button\"><a href=\"https:\/\/www.ndpo.fr\/lycee-professionnel\/?post_type=post&p=1250\">Lire plus<\/a><\/div><\/div>\n\t\t\t\t\t\t\t<\/div>\n\n\n\t\t\t\t\t<\/div><div class=\"col-md-12 col-sm-12 col-xs-12\">\n\t\t\t\t\t\t\t<div class=\"blog-item\">\n\t\t\t\t\t\t\t<div class=\"blog-img\"> \n\t\t\t\t\t\t\t\t<a href=\"https:\/\/www.ndpo.fr\/lycee-professionnel\/?post_type=post&p=1193\">\n\t\t\t\t\t\t\t\t\t<img decoding=\"async\" src=\"https:\/\/www.ndpo.fr\/app\/uploads\/sites\/3\/2022\/05\/sortie-wimereux-1-scaled.jpg\" alt=\"Sortie \u00e0 Wimereux\" \/>\n\t\t\t\t\t\t\t\t<\/a>\n\t\t\t\t\t\t\t\t<a href=\"https:\/\/www.ndpo.fr\/lycee-professionnel\/?post_type=post&p=1193\" class=\"blog-link\"><i class=\"fa fa-link\"><\/i><\/a>\n\t\t\t\t\t\t\t<\/div>\n\t\t\t\t\t\t\t<div class=\"full-blog-content\"> \n\t\t\t\t\t\t\t<div class=\"blog-meta\"><h3 class=\"blog-title\">\n\t\t\t\t\t\t\t\t\t<a href=\"https:\/\/www.ndpo.fr\/lycee-professionnel\/?post_type=post&p=1193\"> Sortie \u00e0 Wimereux <\/a>\n\t\t\t\t\t\t\t\t<\/h3><\/div>\t\t\t\t\t\t\n\t\t\t\t\t\t\t\t<div class=\"blog-desc\">\n\t\t\t\t\t\t\t\t\tMercredi 25 mai les 1Pro P\u00e2t 1 et 2 Paddle et cano\u00eb \u00e0 Wimereux et chocolaterie de Beussent\n\t\t\t\t\t\t\t\t<\/div><div class=\"blog-button\"><a href=\"https:\/\/www.ndpo.fr\/lycee-professionnel\/?post_type=post&p=1193\">Lire plus<\/a><\/div><\/div>\n\t\t\t\t\t\t\t<\/div>\n\n\n\t\t\t\t\t<\/div><div class=\"col-md-12 col-sm-12 col-xs-12\">\n\t\t\t\t\t\t\t<div class=\"blog-item\">\n\t\t\t\t\t\t\t<div class=\"blog-img\"> \n\t\t\t\t\t\t\t\t<a href=\"https:\/\/www.ndpo.fr\/lycee-professionnel\/?post_type=post&p=1187\">\n\t\t\t\t\t\t\t\t\t<img decoding=\"async\" src=\"https:\/\/www.ndpo.fr\/app\/uploads\/sites\/3\/2022\/05\/tennis4.jpg\" alt=\"Championnats de France UGSEL de tennis de table\" \/>\n\t\t\t\t\t\t\t\t<\/a>\n\t\t\t\t\t\t\t\t<a href=\"https:\/\/www.ndpo.fr\/lycee-professionnel\/?post_type=post&p=1187\" class=\"blog-link\"><i class=\"fa fa-link\"><\/i><\/a>\n\t\t\t\t\t\t\t<\/div>\n\t\t\t\t\t\t\t<div class=\"full-blog-content\"> \n\t\t\t\t\t\t\t<div class=\"blog-meta\"><h3 class=\"blog-title\">\n\t\t\t\t\t\t\t\t\t<a href=\"https:\/\/www.ndpo.fr\/lycee-professionnel\/?post_type=post&p=1187\"> Championnats de France UGSEL de tennis de table <\/a>\n\t\t\t\t\t\t\t\t<\/h3><\/div>\t\t\t\t\t\t\n\t\t\t\t\t\t\t\t<div class=\"blog-desc\">\n\t\t\t\t\t\t\t\t\tCe week-end Hugo Lan\u00e7on a disput\u00e9 les championnats de France UGSEL de tennis de table \u00e0 Wattrelos. A l\u2019issue d\u2019un tr\u00e8s beau tournoi il a obtenu la place...\n\t\t\t\t\t\t\t\t<\/div><div class=\"blog-button\"><a href=\"https:\/\/www.ndpo.fr\/lycee-professionnel\/?post_type=post&p=1187\">Lire plus<\/a><\/div><\/div>\n\t\t\t\t\t\t\t<\/div>\n\n\n\t\t\t\t\t<\/div><div class=\"col-md-12 col-sm-12 col-xs-12\">\n\t\t\t\t\t\t\t<div class=\"blog-item\">\n\t\t\t\t\t\t\t<div class=\"blog-img\"> \n\t\t\t\t\t\t\t\t<a href=\"https:\/\/www.ndpo.fr\/lycee-professionnel\/?post_type=post&p=1180\">\n\t\t\t\t\t\t\t\t\t<img decoding=\"async\" src=\"https:\/\/www.ndpo.fr\/app\/uploads\/sites\/3\/2022\/05\/soir\u00e9e-internatcouv.jpg\" alt=\"Soir\u00e9e des internes\" \/>\n\t\t\t\t\t\t\t\t<\/a>\n\t\t\t\t\t\t\t\t<a href=\"https:\/\/www.ndpo.fr\/lycee-professionnel\/?post_type=post&p=1180\" class=\"blog-link\"><i class=\"fa fa-link\"><\/i><\/a>\n\t\t\t\t\t\t\t<\/div>\n\t\t\t\t\t\t\t<div class=\"full-blog-content\"> \n\t\t\t\t\t\t\t<div class=\"blog-meta\"><h3 class=\"blog-title\">\n\t\t\t\t\t\t\t\t\t<a href=\"https:\/\/www.ndpo.fr\/lycee-professionnel\/?post_type=post&p=1180\"> Soir\u00e9e des internes <\/a>\n\t\t\t\t\t\t\t\t<\/h3><\/div>\t\t\t\t\t\t\n\t\t\t\t\t\t\t\t<div class=\"blog-desc\">\n\t\t\t\t\t\t\t\t\tPour la fin d&#8217;ann\u00e9e les internes ont eu le droit \u00e0 une soir\u00e9e avec DJ&#8217;\n\t\t\t\t\t\t\t\t<\/div><div class=\"blog-button\"><a href=\"https:\/\/www.ndpo.fr\/lycee-professionnel\/?post_type=post&p=1180\">Lire plus<\/a><\/div><\/div>\n\t\t\t\t\t\t\t<\/div>\n\n\n\t\t\t\t\t<\/div><div class=\"col-md-12 col-sm-12 col-xs-12\">\n\t\t\t\t\t\t\t<div class=\"blog-item\">\n\t\t\t\t\t\t\t<div class=\"blog-img\"> \n\t\t\t\t\t\t\t\t<a href=\"https:\/\/www.ndpo.fr\/lycee-professionnel\/?post_type=post&p=1163\">\n\t\t\t\t\t\t\t\t\t<img decoding=\"async\" src=\"\" alt=\"Tournoi des \u00e9coles\" \/>\n\t\t\t\t\t\t\t\t<\/a>\n\t\t\t\t\t\t\t\t<a href=\"https:\/\/www.ndpo.fr\/lycee-professionnel\/?post_type=post&p=1163\" class=\"blog-link\"><i class=\"fa fa-link\"><\/i><\/a>\n\t\t\t\t\t\t\t<\/div>\n\t\t\t\t\t\t\t<div class=\"full-blog-content\"> \n\t\t\t\t\t\t\t<div class=\"blog-meta\"><h3 class=\"blog-title\">\n\t\t\t\t\t\t\t\t\t<a href=\"https:\/\/www.ndpo.fr\/lycee-professionnel\/?post_type=post&p=1163\"> Tournoi des \u00e9coles <\/a>\n\t\t\t\t\t\t\t\t<\/h3><\/div>\t\t\t\t\t\t\n\t\t\t\t\t\t\t\t<div class=\"blog-desc\">\n\t\t\t\t\t\t\t\t\tCe samedi 09 avril 2022, les \u00e9l\u00e8ves du lyc\u00e9e ont \u00e9t\u00e9 convi\u00e9s \u00e0 participer au 1er tournoi des \u00e9coles organis\u00e9 par Sodexo Live\u00a0!Ce tournoi a eu lieu dans...\n\t\t\t\t\t\t\t\t<\/div><div class=\"blog-button\"><a href=\"https:\/\/www.ndpo.fr\/lycee-professionnel\/?post_type=post&p=1163\">Lire plus<\/a><\/div><\/div>\n\t\t\t\t\t\t\t<\/div>\n\n\n\t\t\t\t\t<\/div><div class=\"col-md-12 col-sm-12 col-xs-12\">\n\t\t\t\t\t\t\t<div class=\"blog-item\">\n\t\t\t\t\t\t\t<div class=\"blog-img\"> \n\t\t\t\t\t\t\t\t<a href=\"https:\/\/www.ndpo.fr\/lycee-professionnel\/?post_type=post&p=1159\">\n\t\t\t\t\t\t\t\t\t<img decoding=\"async\" src=\"https:\/\/www.ndpo.fr\/app\/uploads\/sites\/3\/2022\/05\/foyerlyc1.jpg\" alt=\"Foyer lyc\u00e9e\" \/>\n\t\t\t\t\t\t\t\t<\/a>\n\t\t\t\t\t\t\t\t<a href=\"https:\/\/www.ndpo.fr\/lycee-professionnel\/?post_type=post&p=1159\" class=\"blog-link\"><i class=\"fa fa-link\"><\/i><\/a>\n\t\t\t\t\t\t\t<\/div>\n\t\t\t\t\t\t\t<div class=\"full-blog-content\"> \n\t\t\t\t\t\t\t<div class=\"blog-meta\"><h3 class=\"blog-title\">\n\t\t\t\t\t\t\t\t\t<a href=\"https:\/\/www.ndpo.fr\/lycee-professionnel\/?post_type=post&p=1159\"> Foyer lyc\u00e9e <\/a>\n\t\t\t\t\t\t\t\t<\/h3><\/div>\t\t\t\t\t\t\n\t\t\t\t\t\t\t\t<div class=\"blog-desc\">\n\t\t\t\t\t\t\t\t\tPlace \u00e0 la d\u00e9tente pour le foyer des lyc\u00e9ens \ud83d\ude42 Des nouvelles chaises ont \u00e9taient install\u00e9 ce jour.\n\t\t\t\t\t\t\t\t<\/div><div class=\"blog-button\"><a href=\"https:\/\/www.ndpo.fr\/lycee-professionnel\/?post_type=post&p=1159\">Lire plus<\/a><\/div><\/div>\n\t\t\t\t\t\t\t<\/div>\n\n\n\t\t\t\t\t<\/div><div class=\"col-md-12 col-sm-12 col-xs-12\">\n\t\t\t\t\t\t\t<div class=\"blog-item\">\n\t\t\t\t\t\t\t<div class=\"blog-img\"> \n\t\t\t\t\t\t\t\t<a href=\"https:\/\/www.ndpo.fr\/lycee-professionnel\/?post_type=post&p=1155\">\n\t\t\t\t\t\t\t\t\t<img decoding=\"async\" src=\"https:\/\/www.ndpo.fr\/app\/uploads\/sites\/3\/2022\/04\/bafa2022.jpg\" alt=\"BAFA 2022\" \/>\n\t\t\t\t\t\t\t\t<\/a>\n\t\t\t\t\t\t\t\t<a href=\"https:\/\/www.ndpo.fr\/lycee-professionnel\/?post_type=post&p=1155\" class=\"blog-link\"><i class=\"fa fa-link\"><\/i><\/a>\n\t\t\t\t\t\t\t<\/div>\n\t\t\t\t\t\t\t<div class=\"full-blog-content\"> \n\t\t\t\t\t\t\t<div class=\"blog-meta\"><h3 class=\"blog-title\">\n\t\t\t\t\t\t\t\t\t<a href=\"https:\/\/www.ndpo.fr\/lycee-professionnel\/?post_type=post&p=1155\"> BAFA 2022 <\/a>\n\t\t\t\t\t\t\t\t<\/h3><\/div>\t\t\t\t\t\t\n\t\t\t\t\t\t\t\t<div class=\"blog-desc\">\n\t\t\t\t\t\t\t\t\tComme chaque ann\u00e9e, l&#8217;Institution a organis\u00e9 son stage BAFA en partenariat avec L&#8217;AFOCAL.beaucoup de joie, de rires, et grands jeux ont raisonn\u00e9s durant les 8 jours de formation...\n\t\t\t\t\t\t\t\t<\/div><div class=\"blog-button\"><a href=\"https:\/\/www.ndpo.fr\/lycee-professionnel\/?post_type=post&p=1155\">Lire plus<\/a><\/div><\/div>\n\t\t\t\t\t\t\t<\/div>\n\n\n\t\t\t\t\t<\/div><\/div>\n\t\t\t<\/div>[\/vc_column][\/vc_row]<\/p>\n","protected":false},"excerpt":{"rendered":"<p>[vc_row][vc_column][\/vc_column]&#8230;<\/p>\n","protected":false},"author":2,"featured_media":0,"parent":0,"menu_order":0,"comment_status":"closed","ping_status":"closed","template":"","meta":{"footnotes":""},"class_list":["post-156","page","type-page","status-publish","hentry"],"_links":{"self":[{"href":"https:\/\/www.ndpo.fr\/lycee-professionnel\/wp-json\/wp\/v2\/pages\/156","targetHints":{"allow":["GET"]}}],"collection":[{"href":"https:\/\/www.ndpo.fr\/lycee-professionnel\/wp-json\/wp\/v2\/pages"}],"about":[{"href":"https:\/\/www.ndpo.fr\/lycee-professionnel\/wp-json\/wp\/v2\/types\/page"}],"author":[{"embeddable":true,"href":"https:\/\/www.ndpo.fr\/lycee-professionnel\/wp-json\/wp\/v2\/users\/2"}],"replies":[{"embeddable":true,"href":"https:\/\/www.ndpo.fr\/lycee-professionnel\/wp-json\/wp\/v2\/comments?post=156"}],"version-history":[{"count":3,"href":"https:\/\/www.ndpo.fr\/lycee-professionnel\/wp-json\/wp\/v2\/pages\/156\/revisions"}],"predecessor-version":[{"id":751,"href":"https:\/\/www.ndpo.fr\/lycee-professionnel\/wp-json\/wp\/v2\/pages\/156\/revisions\/751"}],"wp:attachment":[{"href":"https:\/\/www.ndpo.fr\/lycee-professionnel\/wp-json\/wp\/v2\/media?parent=156"}],"curies":[{"name":"wp","href":"https:\/\/api.w.org\/{rel}","templated":true}]}}