{"id":159,"date":"2020-07-11T10:51:41","date_gmt":"2020-07-11T08:51:41","guid":{"rendered":"https:\/\/ndpo2020.keeo.com\/lycee-professionnel\/?page_id=159"},"modified":"2020-07-11T10:51:41","modified_gmt":"2020-07-11T08:51:41","slug":"orientation","status":"publish","type":"page","link":"https:\/\/www.ndpo.fr\/lycee-professionnel\/orientation\/","title":{"rendered":"ORIENTATION"},"content":{"rendered":"<p>[vc_row][vc_column width=&#8221;1\/2&#8243;][vc_single_image img_size=&#8221;full&#8221;][\/vc_column][vc_column width=&#8221;1\/2&#8243;]\n        <div class=\"rs-heading style2   \">\n        \t<div class=\"title-inner\">\n\t            <span class=\"sub-text\">GUIDE PRATIQUE<\/span>\n\t            <h2 >PARCOURSUP<\/h2>\n\t        <\/div><div class=\"description\"><p >Parcoursup est la plateforme nationale de pr\u00e9inscription en premi\u00e8re ann\u00e9e de l\u2019enseignement sup\u00e9rieur en France.<\/p>\n<p>Les lyc\u00e9ens ou \u00e9tudiants en recherche d\u2019une r\u00e9orientation (y compris sous statut apprenti) qui souhaitent s\u2019inscrire en premi\u00e8re ann\u00e9e de l\u2019enseignement sup\u00e9rieur doivent constituer un dossier et formuler des v\u0153ux sur Parcoursup.<\/p><\/div><\/div>[vc_btn title=&#8221;D\u00c9COUVRIR&#8221; style=&#8221;custom&#8221; custom_background=&#8221;#3d578c&#8221; custom_text=&#8221;#ffffff&#8221;][\/vc_column][\/vc_row][vc_row][vc_column][vc_empty_space height=&#8221;50&#8243;][\/vc_column][\/vc_row][vc_row][vc_column][vc_single_image image=&#8221;160&#8243; img_size=&#8221;full&#8221;][\/vc_column][\/vc_row][vc_row][vc_column width=&#8221;1\/2&#8243;]\n        <div class=\"rs-heading    \">\n        \t<div class=\"title-inner\">\n\t            \n\t            <h2 >LES \u00c9TUDES POST-BAC<\/h2>\n\t        <\/div><div class=\"description\"><p >D\u00e9couvrez les \u00e9tudes sup\u00e9rieurs propos\u00e9es \u00e0 La Providence :<\/p>\n<p>&#8211; Le BTS MHR option A ou B en apprentissage<\/p>\n<p>&#8211; Le BTS MHR option C en initial<\/p>\n<p>&#8211; La mise \u00e0 niveau en apprentissage<\/p>\n<p><\/p><\/div><\/div>[vc_row_inner][vc_column_inner width=&#8221;1\/3&#8243;][vc_btn title=&#8221;INITIAL&#8221; style=&#8221;custom&#8221; custom_background=&#8221;#3d578c&#8221; custom_text=&#8221;#ffffff&#8221; link=&#8221;url:https%3A%2F%2Fndpo2020.keeo.com%2Flycee-professionnel%2Fbts-management-en-hotellerie-restauration%2F|title:BTS%20Management%20en%20H%C3%B4tellerie%20Restauration||&#8221;][\/vc_column_inner][vc_column_inner width=&#8221;1\/3&#8243;][vc_btn title=&#8221;APPRENTISSAGE&#8221; style=&#8221;custom&#8221; custom_background=&#8221;#155474&#8243; custom_text=&#8221;#ffffff&#8221; css=&#8221;.vc_custom_1594457342851{margin-left: -70px !important;}&#8221;][\/vc_column_inner][vc_column_inner width=&#8221;1\/3&#8243;][\/vc_column_inner][\/vc_row_inner][\/vc_column][vc_column width=&#8221;1\/2&#8243;][vc_single_image image=&#8221;161&#8243; img_size=&#8221;full&#8221;][\/vc_column][\/vc_row]<\/p>\n","protected":false},"excerpt":{"rendered":"<p>[vc_row][vc_column width=&#8221;1\/2&#8243;][vc_single_image img_size=&#8221;full&#8221;][\/vc_column][vc_column width=&#8221;1\/2&#8243;][vc_btn title=&#8221;D\u00c9COUVRIR&#8221; style=&#8221;custom&#8221; custom_background=&#8221;#3d578c&#8221; custom_text=&#8221;#ffffff&#8221;][\/vc_column][\/vc_row][vc_row][vc_column][vc_empty_space height=&#8221;50&#8243;][\/vc_column][\/vc_row][vc_row][vc_column][vc_single_image image=&#8221;160&#8243; img_size=&#8221;full&#8221;][\/vc_column][\/vc_row][vc_row][vc_column width=&#8221;1\/2&#8243;][vc_row_inner][vc_column_inner width=&#8221;1\/3&#8243;][vc_btn title=&#8221;INITIAL&#8221; style=&#8221;custom&#8221; custom_background=&#8221;#3d578c&#8221; custom_text=&#8221;#ffffff&#8221; link=&#8221;url:https%3A%2F%2Fndpo2020.keeo.com%2Flycee-professionnel%2Fbts-management-en-hotellerie-restauration%2F|title:BTS%20Management%20en%20H%C3%B4tellerie%20Restauration||&#8221;][\/vc_column_inner][vc_column_inner width=&#8221;1\/3&#8243;][vc_btn title=&#8221;APPRENTISSAGE&#8221; style=&#8221;custom&#8221; custom_background=&#8221;#155474&#8243; custom_text=&#8221;#ffffff&#8221; css=&#8221;.vc_custom_1594457342851{margin-left: -70px !important;}&#8221;][\/vc_column_inner][vc_column_inner width=&#8221;1\/3&#8243;][\/vc_column_inner][\/vc_row_inner][\/vc_column][vc_column width=&#8221;1\/2&#8243;][vc_single_image&#8230;<\/p>\n","protected":false},"author":2,"featured_media":0,"parent":0,"menu_order":0,"comment_status":"closed","ping_status":"closed","template":"","meta":{"footnotes":""},"class_list":["post-159","page","type-page","status-publish","hentry"],"_links":{"self":[{"href":"https:\/\/www.ndpo.fr\/lycee-professionnel\/wp-json\/wp\/v2\/pages\/159","targetHints":{"allow":["GET"]}}],"collection":[{"href":"https:\/\/www.ndpo.fr\/lycee-professionnel\/wp-json\/wp\/v2\/pages"}],"about":[{"href":"https:\/\/www.ndpo.fr\/lycee-professionnel\/wp-json\/wp\/v2\/types\/page"}],"author":[{"embeddable":true,"href":"https:\/\/www.ndpo.fr\/lycee-professionnel\/wp-json\/wp\/v2\/users\/2"}],"replies":[{"embeddable":true,"href":"https:\/\/www.ndpo.fr\/lycee-professionnel\/wp-json\/wp\/v2\/comments?post=159"}],"version-history":[{"count":13,"href":"https:\/\/www.ndpo.fr\/lycee-professionnel\/wp-json\/wp\/v2\/pages\/159\/revisions"}],"predecessor-version":[{"id":174,"href":"https:\/\/www.ndpo.fr\/lycee-professionnel\/wp-json\/wp\/v2\/pages\/159\/revisions\/174"}],"wp:attachment":[{"href":"https:\/\/www.ndpo.fr\/lycee-professionnel\/wp-json\/wp\/v2\/media?parent=159"}],"curies":[{"name":"wp","href":"https:\/\/api.w.org\/{rel}","templated":true}]}}