{"id":36,"date":"2020-06-18T17:15:13","date_gmt":"2020-06-18T15:15:13","guid":{"rendered":"https:\/\/ndpo2020.keeo.com\/lycee-professionnel\/?page_id=36"},"modified":"2023-06-12T15:35:40","modified_gmt":"2023-06-12T13:35:40","slug":"presentation","status":"publish","type":"page","link":"https:\/\/www.ndpo.fr\/lycee-professionnel\/presentation\/","title":{"rendered":"Pr\u00e9sentation"},"content":{"rendered":"<p>[vc_row][vc_column width=&#8221;1\/2&#8243;][vc_single_image image=&#8221;366&#8243; img_size=&#8221;full&#8221;][\/vc_column][vc_column width=&#8221;1\/2&#8243;]\n        <div class=\"rs-heading style2  text-justify \">\n        \t<div class=\"title-inner\">\n\t            <span class=\"sub-text\">Bienvenue au Lyc\u00e9e Professionnel<\/span>\n\t            <h2 >Mot du directeur adjoint<\/h2>\n\t        <\/div><div class=\"description\"><p >Votre enfant souhaite s&#8217;orienter vers une formation professionnalisante.<br \/>Il\/elle est attir\u00e9(e) par des m\u00e9tiers de contact, de cr\u00e9ativit\u00e9 et de passion.<br \/>\nNos \u00e9quipes sauront l&#8217;accompagner vers les m\u00e9tiers de la boulangerie\/p\u00e2tisserie et de l&#8217;h\u00f4tellerie\/restauration tout en gardant un cadre scolaire. Au rythme des ann\u00e9es d&#8217;\u00e9tude au sein de notre \u00e9tablissement, il\/elle saura acqu\u00e9rir de solides comp\u00e9tences par la formation initiale et par les stages au national ou \u00e0 l&#8217;international.<\/p>\n<p style=\"text-align: left;\">Philippe Leroy,<br \/>Directeur d\u00e9l\u00e9gu\u00e9 aux formations technologiques et professionnelles<\/p>\n<p><\/p><\/div><\/div>[vc_btn title=&#8221;Nos \u00e9quipes&#8221; style=&#8221;custom&#8221; custom_background=&#8221;#3d578c&#8221; custom_text=&#8221;#ffffff&#8221; link=&#8221;url:https%3A%2F%2Fwww.ndpo.fr%2Flycee-professionnel%2Fequipe-educative%2F|title:%C3%89QUIPE%20%C3%89DUCATIVE||&#8221;][\/vc_column][\/vc_row][vc_row][vc_column][vc_empty_space height=&#8221;50&#8243;][\/vc_column][\/vc_row][vc_row][vc_column width=&#8221;1\/2&#8243;]\n        <div class=\"rs-heading style2  text-justify \">\n        \t<div class=\"title-inner\">\n\t            \n\t            <h2 >Nos Valeurs<\/h2>\n\t        <\/div><div class=\"description\"><p >L\u2019engagement de l\u2019Institution est de former les professionnel(le)s et les cadres de l\u2019H\u00f4tellerie -Restauration et de la Boulangerie-P\u00e2tisserie.<br \/>\nAu travers des enseignements dispens\u00e9s et des exp\u00e9riences v\u00e9cues dans des \u00e9tablissements de renom, nous nous attachons \u00e0 leurs donner les armes pour entrer dans le Monde du Travail.<\/p>\n<p>Mais notre mission est \u00e9galement de sensibiliser nos jeunes \u00e0 l\u2019Autre en leur permettant de s\u2019investir dans des projets caritatifs pour venir en aide \u00e0 ceux qui en ont besoin.<\/p>\n<p>Faire grandir ensemble les Femmes et les Hommes de la Soci\u00e9t\u00e9 de Demain.<\/p><\/div><\/div>[vc_btn title=&#8221;Nos locaux&#8221; style=&#8221;custom&#8221; custom_background=&#8221;#3d578c&#8221; custom_text=&#8221;#ffffff&#8221; link=&#8221;url:https%3A%2F%2Fwww.ndpo.fr%2Flycee-professionnel%2Fnos-locaux%2F|title:Nos%20locaux||&#8221;][\/vc_column][vc_column width=&#8221;1\/2&#8243;][vc_single_image image=&#8221;37&#8243; img_size=&#8221;large&#8221;][\/vc_column][\/vc_row][vc_row][vc_column][vc_empty_space height=&#8221;50&#8243;][\/vc_column][\/vc_row][vc_row][vc_column]\n        <div class=\"rs-heading style1   center\">\n        \t<div class=\"title-inner\">\n\t            \n\t            <h2 >Pourquoi nous choisir ?<\/h2>\n\t        <\/div><\/div>[vc_row_inner][vc_column_inner width=&#8221;1\/3&#8243;]\n\t\t\t<div class=\"rs-services-style3  \">\n\t\t\t\t<div class=\"services-item rs-animation-hover\">\n\t\t\t\t    <div class=\"services-icon\">\n\t\t\t\t        <i  class=\"vc_icon_element-icon fa fa-users rs-animation-scale-up\"><\/i>\n\t\t\t\t    <\/div>\n\t\t\t\t    <div class=\"services-desc\">\n\t\t\t\t        <h4 class=\"services-title\"><a >UNE FAMILLE<\/a><\/h4>\n\t\t\t\t        <p>Int\u00e9grer La Providence, c&#8217;est rentrer dans une famille qui reconna\u00eet le travail, la discipline, la vie spirituelle et fraternelle comme des \u00e9l\u00e9ments essentiels \u00e0 la construction de chacun.<\/p>\n\t\t\t\t    <\/div>\n\t\t\t\t<\/div>\n\t\t\t<\/div>\n\t\t\t[\/vc_column_inner][vc_column_inner width=&#8221;1\/3&#8243;]\n\t\t\t<div class=\"rs-services-style3  \">\n\t\t\t\t<div class=\"services-item rs-animation-hover\">\n\t\t\t\t    <div class=\"services-icon\">\n\t\t\t\t        <i  class=\"vc_icon_element-icon vc_li vc_li-clip rs-animation-scale-up\"><\/i>\n\t\t\t\t    <\/div>\n\t\t\t\t    <div class=\"services-desc\">\n\t\t\t\t        <h4 class=\"services-title\"><a >ACCOMPAGNEMENTS<\/a><\/h4>\n\t\t\t\t        <p>En classe de seconde, un accompagnement personnalis\u00e9 orient\u00e9 vers le fran\u00e7ais, les math\u00e9matiques et l&#8217;anglais, avec une heure de plus que pr\u00e9vu au programme officiel.<\/p>\n\t\t\t\t    <\/div>\n\t\t\t\t<\/div>\n\t\t\t<\/div>\n\t\t\t[\/vc_column_inner][vc_column_inner width=&#8221;1\/3&#8243;]\n\t\t\t<div class=\"rs-services-style3  \">\n\t\t\t\t<div class=\"services-item rs-animation-hover\">\n\t\t\t\t    <div class=\"services-icon\">\n\t\t\t\t        <i  class=\"vc_icon_element-icon fa fa-users rs-animation-scale-up\"><\/i>\n\t\t\t\t    <\/div>\n\t\t\t\t    <div class=\"services-desc\">\n\t\t\t\t        <h4 class=\"services-title\"><a >STAGES<\/a><\/h4>\n\t\t\t\t        <p>Nous avons choisis \u00e0 La Providence de proposer des stages dans toute la France afin que nos \u00e9l\u00e8ves puissent \u00e9voluer dans des \u00e9tablissements de haut standing.<\/p>\n\t\t\t\t    <\/div>\n\t\t\t\t<\/div>\n\t\t\t<\/div>\n\t\t\t[\/vc_column_inner][\/vc_row_inner][\/vc_column][\/vc_row][vc_row][vc_column][vc_empty_space height=&#8221;50&#8243;][\/vc_column][\/vc_row][vc_row full_width=&#8221;stretch_row&#8221; parallax=&#8221;content-moving&#8221; parallax_image=&#8221;276&#8243; css=&#8221;.vc_custom_1601964946276{background-color: #3d578c !important;}&#8221;][vc_column width=&#8221;1\/3&#8243;]\n\t<div class=\"counter-top-area image-style border-style\" >\n    <div class=\"rs-counter-list\">\n\t\t<div class=\"count-icon\"><img decoding=\"async\" src=\"https:\/\/www.ndpo.fr\/app\/uploads\/sites\/3\/2020\/06\/Groupe-44.png\"><\/div>\n        <div class=\"count-text\"><div class=\"count-number\" style=\"color: #ffffff\"><h3 class=\"rs-counter\" style=\"color: #ffffff\">40<\/h3><\/div>         \n        <h4 style=\"color: #ffffff\">PROFESSEURS<\/h4><\/div>\n    <\/div><\/div>[\/vc_column][vc_column width=&#8221;1\/3&#8243;]\n\t<div class=\"counter-top-area image-style border-style\" >\n    <div class=\"rs-counter-list\">\n\t\t<div class=\"count-icon\"><img decoding=\"async\" src=\"https:\/\/www.ndpo.fr\/app\/uploads\/sites\/3\/2020\/06\/Groupe-43.png\"><\/div>\n        <div class=\"count-text\"><div class=\"count-number\" style=\"color: #ffffff\"><h3 class=\"rs-counter\" style=\"color: #ffffff\">07<\/h3><\/div>         \n        <h4 style=\"color: #ffffff\">FORMATIONS PROFESSIONNELLES<\/h4><\/div>\n    <\/div><\/div>[\/vc_column][vc_column width=&#8221;1\/3&#8243;]\n\t<div class=\"counter-top-area image-style border-style\" >\n    <div class=\"rs-counter-list\">\n\t\t<div class=\"count-icon\"><img decoding=\"async\" src=\"https:\/\/www.ndpo.fr\/app\/uploads\/sites\/3\/2020\/06\/Groupe-42.png\"><\/div>\n        <div class=\"count-text\"><div class=\"count-number\" style=\"color: #ffffff\"><h3 class=\"rs-counter\" style=\"color: #ffffff\">356<\/h3><\/div>         \n        <h4 style=\"color: #ffffff\">\u00c9L\u00c8VES<\/h4><\/div>\n    <\/div><\/div>[\/vc_column][\/vc_row][vc_row][vc_column][vc_empty_space height=&#8221;50&#8243;][\/vc_column][\/vc_row]<\/p>\n","protected":false},"excerpt":{"rendered":"<p>[vc_row][vc_column width=&#8221;1\/2&#8243;][vc_single_image image=&#8221;366&#8243; img_size=&#8221;full&#8221;][\/vc_column][vc_column width=&#8221;1\/2&#8243;][vc_btn title=&#8221;Nos \u00e9quipes&#8221; style=&#8221;custom&#8221; custom_background=&#8221;#3d578c&#8221; custom_text=&#8221;#ffffff&#8221; link=&#8221;url:https%3A%2F%2Fwww.ndpo.fr%2Flycee-professionnel%2Fequipe-educative%2F|title:%C3%89QUIPE%20%C3%89DUCATIVE||&#8221;][\/vc_column][\/vc_row][vc_row][vc_column][vc_empty_space height=&#8221;50&#8243;][\/vc_column][\/vc_row][vc_row][vc_column width=&#8221;1\/2&#8243;][vc_btn title=&#8221;Nos locaux&#8221; style=&#8221;custom&#8221; custom_background=&#8221;#3d578c&#8221; custom_text=&#8221;#ffffff&#8221; link=&#8221;url:https%3A%2F%2Fwww.ndpo.fr%2Flycee-professionnel%2Fnos-locaux%2F|title:Nos%20locaux||&#8221;][\/vc_column][vc_column width=&#8221;1\/2&#8243;][vc_single_image image=&#8221;37&#8243; img_size=&#8221;large&#8221;][\/vc_column][\/vc_row][vc_row][vc_column][vc_empty_space height=&#8221;50&#8243;][\/vc_column][\/vc_row][vc_row][vc_column][vc_row_inner][vc_column_inner width=&#8221;1\/3&#8243;][\/vc_column_inner][vc_column_inner width=&#8221;1\/3&#8243;][\/vc_column_inner][vc_column_inner width=&#8221;1\/3&#8243;][\/vc_column_inner][\/vc_row_inner][\/vc_column][\/vc_row][vc_row][vc_column][vc_empty_space height=&#8221;50&#8243;][\/vc_column][\/vc_row][vc_row full_width=&#8221;stretch_row&#8221;&#8230;<\/p>\n","protected":false},"author":2,"featured_media":0,"parent":0,"menu_order":0,"comment_status":"closed","ping_status":"closed","template":"","meta":{"footnotes":""},"class_list":["post-36","page","type-page","status-publish","hentry"],"_links":{"self":[{"href":"https:\/\/www.ndpo.fr\/lycee-professionnel\/wp-json\/wp\/v2\/pages\/36","targetHints":{"allow":["GET"]}}],"collection":[{"href":"https:\/\/www.ndpo.fr\/lycee-professionnel\/wp-json\/wp\/v2\/pages"}],"about":[{"href":"https:\/\/www.ndpo.fr\/lycee-professionnel\/wp-json\/wp\/v2\/types\/page"}],"author":[{"embeddable":true,"href":"https:\/\/www.ndpo.fr\/lycee-professionnel\/wp-json\/wp\/v2\/users\/2"}],"replies":[{"embeddable":true,"href":"https:\/\/www.ndpo.fr\/lycee-professionnel\/wp-json\/wp\/v2\/comments?post=36"}],"version-history":[{"count":16,"href":"https:\/\/www.ndpo.fr\/lycee-professionnel\/wp-json\/wp\/v2\/pages\/36\/revisions"}],"predecessor-version":[{"id":1411,"href":"https:\/\/www.ndpo.fr\/lycee-professionnel\/wp-json\/wp\/v2\/pages\/36\/revisions\/1411"}],"wp:attachment":[{"href":"https:\/\/www.ndpo.fr\/lycee-professionnel\/wp-json\/wp\/v2\/media?parent=36"}],"curies":[{"name":"wp","href":"https:\/\/api.w.org\/{rel}","templated":true}]}}