{"id":543,"date":"2021-05-18T12:28:03","date_gmt":"2021-05-18T10:28:03","guid":{"rendered":"https:\/\/ndpo2020.keeo.com\/lycee-professionnel\/?page_id=543"},"modified":"2023-09-28T15:57:04","modified_gmt":"2023-09-28T13:57:04","slug":"nos-realisations","status":"publish","type":"page","link":"https:\/\/www.ndpo.fr\/lycee-professionnel\/nos-realisations\/","title":{"rendered":"Nos r\u00e9alisations"},"content":{"rendered":"<p>[vc_row][vc_column]\n        <div class=\"rs-heading style2   center\">\n        \t<div class=\"title-inner\">\n\t            \n\t            <h2 >D\u00e9couvrez les r\u00e9alisations de nos \u00e9l\u00e8ves...<\/h2>\n\t        <\/div><\/div>[\/vc_column][\/vc_row][vc_row][vc_column][vc_media_grid style=&#8221;lazy&#8221; items_per_page=&#8221;9&#8243; grid_id=&#8221;vc_gid:1695906659272-f7902431e6475a8493cb7e688c98975f-6&#8243; include=&#8221;1457,1453,1452,1460,1451,1455,1456,567,545,546,547,571,549,550,570,566,568,1454,1459&#8243;][\/vc_column][\/vc_row]<\/p>\n","protected":false},"excerpt":{"rendered":"<p>[vc_row][vc_column][\/vc_column][\/vc_row][vc_row][vc_column][vc_media_grid style=&#8221;lazy&#8221; items_per_page=&#8221;9&#8243; grid_id=&#8221;vc_gid:1695906659272-f7902431e6475a8493cb7e688c98975f-6&#8243; include=&#8221;1457,1453,1452,1460,1451,1455,1456,567,545,546,547,571,549,550,570,566,568,1454,1459&#8243;][\/vc_column]&#8230;<\/p>\n","protected":false},"author":2,"featured_media":0,"parent":0,"menu_order":0,"comment_status":"closed","ping_status":"closed","template":"","meta":{"footnotes":""},"class_list":["post-543","page","type-page","status-publish","hentry"],"_links":{"self":[{"href":"https:\/\/www.ndpo.fr\/lycee-professionnel\/wp-json\/wp\/v2\/pages\/543","targetHints":{"allow":["GET"]}}],"collection":[{"href":"https:\/\/www.ndpo.fr\/lycee-professionnel\/wp-json\/wp\/v2\/pages"}],"about":[{"href":"https:\/\/www.ndpo.fr\/lycee-professionnel\/wp-json\/wp\/v2\/types\/page"}],"author":[{"embeddable":true,"href":"https:\/\/www.ndpo.fr\/lycee-professionnel\/wp-json\/wp\/v2\/users\/2"}],"replies":[{"embeddable":true,"href":"https:\/\/www.ndpo.fr\/lycee-professionnel\/wp-json\/wp\/v2\/comments?post=543"}],"version-history":[{"count":7,"href":"https:\/\/www.ndpo.fr\/lycee-professionnel\/wp-json\/wp\/v2\/pages\/543\/revisions"}],"predecessor-version":[{"id":1461,"href":"https:\/\/www.ndpo.fr\/lycee-professionnel\/wp-json\/wp\/v2\/pages\/543\/revisions\/1461"}],"wp:attachment":[{"href":"https:\/\/www.ndpo.fr\/lycee-professionnel\/wp-json\/wp\/v2\/media?parent=543"}],"curies":[{"name":"wp","href":"https:\/\/api.w.org\/{rel}","templated":true}]}}