{"id":15,"date":"2021-02-16T09:02:31","date_gmt":"2021-02-16T08:02:31","guid":{"rendered":"https:\/\/ndpo2020.keeo.com\/post-bac\/?page_id=15"},"modified":"2026-01-29T17:33:47","modified_gmt":"2026-01-29T16:33:47","slug":"accueil","status":"publish","type":"page","link":"https:\/\/www.ndpo.fr\/post-bac\/","title":{"rendered":"Accueil"},"content":{"rendered":"<p>[vc_row][vc_column width=&#8221;2\/3&#8243;]\n        <div class=\"rs-heading style2   \">\n        \t<div class=\"title-inner\">\n\t            <span class=\"sub-text\">\u00c0 Propos<\/span>\n\t            <h2 >Bienvenue \u00e0 la providence<\/h2>\n\t        <\/div><div class=\"description\"><p >Madame, Monsieur, futurs \u00e9l\u00e8ves,<\/p>\n<p>Je vous souhaite la bienvenue sur le site de l\u2019institution. Cr\u00e9\u00e9e en 1836 par la congr\u00e9gation des S\u0153urs de la providence, notre institution d\u00e9marra par une \u00e9cole, puis un coll\u00e8ge et enfin un Lyc\u00e9e professionnel. Depuis quelques ann\u00e9es, nous proposons une poursuite d\u2019\u00e9tude en Lyc\u00e9e d\u2019enseignement g\u00e9n\u00e9ral qui s\u2019appuie sur une exp\u00e9rience forte dans le domaine de la p\u00e9dagogie et qui tend \u00e0 promouvoir non seulement l\u2019excellence intellectuelle mais aussi un cadre \u00e0 dimension humaine prenant \u00e0 c\u0153ur le d\u00e9veloppement de l\u2019\u00e9l\u00e8ve et surtout dans l\u2019optique de faire grandir la personne en se r\u00e9f\u00e9rant explicitement \u00e0 l\u2019Evangile. Enfin, l\u2019institution s\u2019est enrichie d\u2019une nouvelle unit\u00e9 apprenante dans la cr\u00e9ation d\u2019une Unit\u00e9 de formation d\u2019apprenti en 2019, ce qui permet \u00e0 chaque jeune d\u2019assurer la formation de son choix en restant en C\u0153ur de P\u00e9v\u00e8le ce qui lui permettra de se concentrer sur son d\u00e9veloppement en \u00e9vitant de longs trajets fastidieux\u00a0!<\/p>\n<p>L\u2019institution Notre Dame de la Providence\u00a0c\u2019est 163 enseignants, plus de 60 personnels, bas\u00e9 sur plusieurs hectares au C\u0153ur de la ville d\u2019Orchies pour offrir avec passion une qualit\u00e9 de formation afin de se b\u00e2tir un avenir\u00a0!<\/p>\n<p>Au plaisir de se retrouver,<br \/>\nPhilippe Besin<br \/>\nChef d&#8217;\u00e9tablissement<\/p><\/div><\/div>[vc_btn title=&#8221;En savoir plus&#8221; style=&#8221;custom&#8221; custom_background=&#8221;#145374&#8243; custom_text=&#8221;#ffffff&#8221; link=&#8221;url:https%3A%2F%2Fwww.ndpo.fr%2Fpost-bac%2Finformations%2F|title:Informations||&#8221;][vc_empty_space height=&#8221;50&#8243;][\/vc_column][vc_column width=&#8221;1\/3&#8243;]<div class=\"rs-services\"><div class=\"service-inner services-style_6 left  \">\n\t\t\t\t\t<div class=\"services-wrap\"> \n\t\t\t\t        <div class=\"services-item\">\n\t\t\t\t            <div class=\"services-icon\"><img decoding=\"async\" src=\"https:\/\/www.ndpo.fr\/app\/uploads\/sites\/9\/2026\/01\/SITE-CFC-2-1-1024x381.png\" alt=\"Rs-service\" \/><\/div>\n\t\t\t\t\t\t\t<div class=\"services-desc\">\t\n\t\t\t\t\t\t\t    <i  class=\"vc_icon_element-icon vc_li vc_li-search rs-animation-scale-up\"><\/i>\n\t\t\t\t\t\t\t\t<h4 class=\"services-title\"><a href=\"https:\/\/www.ndpo.fr\/post-bac\/bts-mhr-management-dunite-dhebergement\/\" title=\"BTS MHR : Management d\u2019Unit\u00e9 d\u2019h\u00e9bergement\">INITIAL<\/a><\/h4>\t\t\n\t\t\t\t\t\t\t\t \n\t\t\t\t\t\t\t<\/div>\t\t\n\t\t\t\t\t\t<\/div>\t\n\t\t\t\t\t<\/div>\n\t\t\t\t<\/div>\n\t\t\t<\/div><div class=\"rs-services\"><div class=\"service-inner services-style_6 left  \">\n\t\t\t\t\t<div class=\"services-wrap\"> \n\t\t\t\t        <div class=\"services-item\">\n\t\t\t\t            <div class=\"services-icon\"><img decoding=\"async\" src=\"https:\/\/www.ndpo.fr\/app\/uploads\/sites\/9\/2026\/01\/SITE-CFC-1-1024x382.png\" alt=\"Rs-service\" \/><\/div>\n\t\t\t\t\t\t\t<div class=\"services-desc\">\t\n\t\t\t\t\t\t\t    <i  class=\"vc_icon_element-icon vc_li vc_li-study rs-animation-scale-up\"><\/i>\n\t\t\t\t\t\t\t\t<h4 class=\"services-title\"><a href=\"https:\/\/www.ndpo.fr\/post-bac\/parcours-apprentissage\/\" title=\"Parcours apprentissage\">APPRENTISSAGE<\/a><\/h4>\t\t\n\t\t\t\t\t\t\t\t \n\t\t\t\t\t\t\t<\/div>\t\t\n\t\t\t\t\t\t<\/div>\t\n\t\t\t\t\t<\/div>\n\t\t\t\t<\/div>\n\t\t\t<\/div><div class=\"rs-services\"><div class=\"service-inner services-style_6 left  \">\n\t\t\t\t\t<div class=\"services-wrap\"> \n\t\t\t\t        <div class=\"services-item\">\n\t\t\t\t            <div class=\"services-icon\"><img decoding=\"async\" src=\"https:\/\/www.ndpo.fr\/app\/uploads\/sites\/9\/2021\/02\/ndpo_lp-informations.jpg\" alt=\"Rs-service\" \/><\/div>\n\t\t\t\t\t\t\t<div class=\"services-desc\">\t\n\t\t\t\t\t\t\t    <i  class=\"vc_icon_element-icon vc_li vc_li-bulb rs-animation-scale-up\"><\/i>\n\t\t\t\t\t\t\t\t<h4 class=\"services-title\"><a href=\"https:\/\/www.ndpo.fr\/post-bac\/informations\/\" title=\"Informations\">INFORMATIONS<\/a><\/h4>\t\t\n\t\t\t\t\t\t\t\t \n\t\t\t\t\t\t\t<\/div>\t\t\n\t\t\t\t\t\t<\/div>\t\n\t\t\t\t\t<\/div>\n\t\t\t\t<\/div>\n\t\t\t<\/div><div class=\"rs-services\"><div class=\"service-inner services-style_6 left  \">\n\t\t\t\t\t<div class=\"services-wrap\"> \n\t\t\t\t        <div class=\"services-item\">\n\t\t\t\t            <div class=\"services-icon\"><img decoding=\"async\" src=\"https:\/\/www.ndpo.fr\/app\/uploads\/sites\/9\/2021\/08\/documents-important-bouton.jpg\" alt=\"Rs-service\" \/><\/div>\n\t\t\t\t\t\t\t<div class=\"services-desc\">\t\n\t\t\t\t\t\t\t    <i  class=\"vc_icon_element-icon vc_li vc_li-note rs-animation-scale-up\"><\/i>\n\t\t\t\t\t\t\t\t<h4 class=\"services-title\"><a href=\"https:\/\/www.ndpo.fr\/post-bac\/documents-importants\/\" title=\"Documents Importants\">DOCUMENTS IMPORTANTS<\/a><\/h4>\t\t\n\t\t\t\t\t\t\t\t \n\t\t\t\t\t\t\t<\/div>\t\t\n\t\t\t\t\t\t<\/div>\t\n\t\t\t\t\t<\/div>\n\t\t\t\t<\/div>\n\t\t\t<\/div>[vc_empty_space height=&#8221;50&#8243;][\/vc_column][\/vc_row][vc_row][vc_column]\n        <div class=\"rs-heading style2   center\">\n        \t<div class=\"title-inner\">\n\t            <span class=\"sub-text\">D\u00e9couvrez<\/span>\n\t            <h2 >NOS FORMATIONS<\/h2>\n\t        <\/div><\/div>[vc_row_inner][vc_column_inner width=&#8221;1\/3&#8243;]<div class=\"rs-services\"><div class=\"service-inner services-style_5 left  \">\n\t\t\t\t\t<div class=\"services-wrap\"> \n\t\t\t\t        <div class=\"services-item\">\n\t\t\t\t            <a href=\"https:\/\/www.ndpo.fr\/post-bac\/bts-mhr-option-a-management-dunite-de-restauration\/\" title=\"BTS MHR Option A : Management d\u2019unit\u00e9 de restauration\"><div class=\"services-icon\"><img decoding=\"async\" src=\"https:\/\/www.ndpo.fr\/app\/uploads\/sites\/9\/2021\/03\/ndpo_formations_bts-b-ufa.jpg\" alt=\"Rs-service\" \/><\/div><\/a>\n\t\t\t\t\t\t\t<div class=\"services-desc\">\t\n\t\t\t\t\t\t\t\t<h4 class=\"services-title\"><a href=\"https:\/\/www.ndpo.fr\/post-bac\/bts-mhr-option-a-management-dunite-de-restauration\/\" title=\"BTS MHR Option A : Management d\u2019unit\u00e9 de restauration\">BTS MANAGEMENT EN H\u00d4TELLERIE RESTAURATION OPTION A<\/a><\/h4>\t\t\n\t\t\t\t\t\t\t\tLa 1re ann\u00e9e de ce BTS est commune \u00e0 l&#8217;ensemble des \u00e9l\u00e8ves. Elle se concentre sur les fondamentaux en cuisine, en service et en h\u00e9bergement. L&#8217;objectif est qu&#8217;ils acqui\u00e8rent une polyvalence de\u00a0 &#8230; \n\t\t\t\t\t\t\t<\/div>\t\t\n\t\t\t\t\t\t<\/div>\t\n\t\t\t\t\t<\/div>\n\t\t\t\t<\/div>\n\t\t\t<\/div>[\/vc_column_inner][vc_column_inner width=&#8221;1\/3&#8243;]<div class=\"rs-services\"><div class=\"service-inner services-style_5 left  \">\n\t\t\t\t\t<div class=\"services-wrap\"> \n\t\t\t\t        <div class=\"services-item\">\n\t\t\t\t            <a href=\"https:\/\/www.ndpo.fr\/post-bac\/bts-mhr-option-b-management-dunite-de-production-culinaire\/\" title=\"BTS MHR Option B : Management d\u2019unit\u00e9 de production culinaire\"><div class=\"services-icon\"><img decoding=\"async\" src=\"https:\/\/www.ndpo.fr\/app\/uploads\/sites\/9\/2021\/03\/ndpo_formations_bts-a-ufa.jpg\" alt=\"Rs-service\" \/><\/div><\/a>\n\t\t\t\t\t\t\t<div class=\"services-desc\">\t\n\t\t\t\t\t\t\t\t<h4 class=\"services-title\"><a href=\"https:\/\/www.ndpo.fr\/post-bac\/bts-mhr-option-b-management-dunite-de-production-culinaire\/\" title=\"BTS MHR Option B : Management d\u2019unit\u00e9 de production culinaire\">BTS MANAGEMENT EN H\u00d4TELLERIE RESTAURATION OPTION B<\/a><\/h4>\t\t\n\t\t\t\t\t\t\t\tLa 1re ann\u00e9e de ce BTS est commune \u00e0 l&#8217;ensemble des \u00e9l\u00e8ves. L&#8217;option management d&#8217;unit\u00e9 de production culinaire vise \u00e0 ma\u00eetriser des techniques culinaires propres aux diff\u00e9rents types de &#8230; \n\t\t\t\t\t\t\t<\/div>\t\t\n\t\t\t\t\t\t<\/div>\t\n\t\t\t\t\t<\/div>\n\t\t\t\t<\/div>\n\t\t\t<\/div>[\/vc_column_inner][vc_column_inner width=&#8221;1\/3&#8243;]<div class=\"rs-services\"><div class=\"service-inner services-style_5 left  \">\n\t\t\t\t\t<div class=\"services-wrap\"> \n\t\t\t\t        <div class=\"services-item\">\n\t\t\t\t            <a href=\"https:\/\/www.ndpo.fr\/post-bac\/bts-mhr-option-c-management-dunite-dhebergement\/\" title=\"BTS MHR Option C : Management d\u2019unit\u00e9 d\u2019h\u00e9bergement\"><div class=\"services-icon\"><img decoding=\"async\" src=\"https:\/\/www.ndpo.fr\/app\/uploads\/sites\/9\/2021\/03\/BTS-option-C.jpg\" alt=\"Rs-service\" \/><\/div><\/a>\n\t\t\t\t\t\t\t<div class=\"services-desc\">\t\n\t\t\t\t\t\t\t\t<h4 class=\"services-title\"><a href=\"https:\/\/www.ndpo.fr\/post-bac\/bts-mhr-option-c-management-dunite-dhebergement\/\" title=\"BTS MHR Option C : Management d\u2019unit\u00e9 d\u2019h\u00e9bergement\">BTS MANAGEMENT EN H\u00d4TELLERIE RESTAURATION OPTION C<\/a><\/h4>\t\t\n\t\t\t\t\t\t\t\tLa 1re ann\u00e9e de ce BTS est commune \u00e0 l&#8217;ensemble des \u00e9l\u00e8ves. Elle se concentre sur les fondamentaux en cuisine, en service et en h\u00e9bergement. L&#8217;objectif est qu&#8217;ils acqui\u00e8rent une polyvalence de\u00a0 &#8230; \n\t\t\t\t\t\t\t<\/div>\t\t\n\t\t\t\t\t\t<\/div>\t\n\t\t\t\t\t<\/div>\n\t\t\t\t<\/div>\n\t\t\t<\/div>[\/vc_column_inner][\/vc_row_inner][vc_empty_space height=&#8221;50&#8243;][\/vc_column][\/vc_row]<\/p>\n","protected":false},"excerpt":{"rendered":"<p>[vc_row][vc_column width=&#8221;2\/3&#8243;][vc_btn title=&#8221;En savoir plus&#8221; style=&#8221;custom&#8221; custom_background=&#8221;#145374&#8243; custom_text=&#8221;#ffffff&#8221; link=&#8221;url:https%3A%2F%2Fwww.ndpo.fr%2Fpost-bac%2Finformations%2F|title:Informations||&#8221;][vc_empty_space height=&#8221;50&#8243;][\/vc_column][vc_column width=&#8221;1\/3&#8243;][vc_empty_space height=&#8221;50&#8243;][\/vc_column][\/vc_row][vc_row][vc_column][vc_row_inner][vc_column_inner width=&#8221;1\/3&#8243;][\/vc_column_inner][vc_column_inner width=&#8221;1\/3&#8243;][\/vc_column_inner][vc_column_inner width=&#8221;1\/3&#8243;][\/vc_column_inner][\/vc_row_inner][vc_empty_space height=&#8221;50&#8243;][\/vc_column]&#8230;<\/p>\n","protected":false},"author":2,"featured_media":0,"parent":0,"menu_order":0,"comment_status":"closed","ping_status":"closed","template":"","meta":{"footnotes":""},"class_list":["post-15","page","type-page","status-publish","hentry"],"_links":{"self":[{"href":"https:\/\/www.ndpo.fr\/post-bac\/wp-json\/wp\/v2\/pages\/15","targetHints":{"allow":["GET"]}}],"collection":[{"href":"https:\/\/www.ndpo.fr\/post-bac\/wp-json\/wp\/v2\/pages"}],"about":[{"href":"https:\/\/www.ndpo.fr\/post-bac\/wp-json\/wp\/v2\/types\/page"}],"author":[{"embeddable":true,"href":"https:\/\/www.ndpo.fr\/post-bac\/wp-json\/wp\/v2\/users\/2"}],"replies":[{"embeddable":true,"href":"https:\/\/www.ndpo.fr\/post-bac\/wp-json\/wp\/v2\/comments?post=15"}],"version-history":[{"count":19,"href":"https:\/\/www.ndpo.fr\/post-bac\/wp-json\/wp\/v2\/pages\/15\/revisions"}],"predecessor-version":[{"id":434,"href":"https:\/\/www.ndpo.fr\/post-bac\/wp-json\/wp\/v2\/pages\/15\/revisions\/434"}],"wp:attachment":[{"href":"https:\/\/www.ndpo.fr\/post-bac\/wp-json\/wp\/v2\/media?parent=15"}],"curies":[{"name":"wp","href":"https:\/\/api.w.org\/{rel}","templated":true}]}}