{"id":32,"date":"2021-02-22T09:32:49","date_gmt":"2021-02-22T08:32:49","guid":{"rendered":"https:\/\/ndpo2020.keeo.com\/post-bac\/?page_id=32"},"modified":"2024-03-14T11:43:23","modified_gmt":"2024-03-14T10:43:23","slug":"parcours-initial","status":"publish","type":"page","link":"https:\/\/www.ndpo.fr\/post-bac\/parcours-initial\/","title":{"rendered":"Parcours initial"},"content":{"rendered":"<p>[vc_row][vc_column]\n        <div class=\"rs-heading style2   center\">\n        \t<div class=\"title-inner\">\n\t            \n\t            <h2 >Parcours initial<\/h2>\n\t        <\/div><\/div>[\/vc_column][\/vc_row][vc_row][vc_column width=&#8221;1\/3&#8243;]<div class=\"rs-services\"><div class=\"service-inner services-style_5 left  \">\n\t\t\t\t\t<div class=\"services-wrap\"> \n\t\t\t\t        <div class=\"services-item\">\n\t\t\t\t            <a href=\"https:\/\/www.ndpo.fr\/post-bac\/bts-mhr-management-dunite-culinaire\/\" title=\"BTS MHR : Management d\u2019Unit\u00e9 d\u2019h\u00e9bergement\"><div class=\"services-icon\"><img decoding=\"async\" src=\"https:\/\/www.ndpo.fr\/app\/uploads\/sites\/9\/2021\/03\/ndpo_formations_bts-a-ufa.jpg\" alt=\"Rs-service\" \/><\/div><\/a>\n\t\t\t\t\t\t\t<div class=\"services-desc\">\t\n\t\t\t\t\t\t\t\t<h4 class=\"services-title\"><a href=\"https:\/\/www.ndpo.fr\/post-bac\/bts-mhr-management-dunite-culinaire\/\" title=\"BTS MHR : Management d\u2019Unit\u00e9 d\u2019h\u00e9bergement\">BTS MANAGEMENT EN H\u00d4TELLERIE RESTAURATION OPTION B<\/a><\/h4>\t\t\n\t\t\t\t\t\t\t\tLa 1re ann\u00e9e de ce BTS est commune \u00e0 l\u2019ensemble des \u00e9l\u00e8ves. L\u2019option management d\u2019unit\u00e9 de production culinaire vise \u00e0 ma\u00eetriser des techniques culinaires propres aux diff\u00e9rents types de \u2026 \n\t\t\t\t\t\t\t<\/div>\t\t\n\t\t\t\t\t\t<\/div>\t\n\t\t\t\t\t<\/div>\n\t\t\t\t<\/div>\n\t\t\t<\/div>[\/vc_column][vc_column width=&#8221;1\/3&#8243;]<div class=\"rs-services\"><div class=\"service-inner services-style_5 left  \">\n\t\t\t\t\t<div class=\"services-wrap\"> \n\t\t\t\t        <div class=\"services-item\">\n\t\t\t\t            <a href=\"https:\/\/ndpo2020.keeo.com\/post-bac\/bts-mhr-management-dunite-dhebergement\/\" title=\"BTS MHR : Management d\u2019Unit\u00e9 d\u2019h\u00e9bergement\"><div class=\"services-icon\"><img decoding=\"async\" src=\"https:\/\/www.ndpo.fr\/app\/uploads\/sites\/9\/2021\/02\/ndpo_formations-lp-btsc.jpg\" alt=\"Rs-service\" \/><\/div><\/a>\n\t\t\t\t\t\t\t<div class=\"services-desc\">\t\n\t\t\t\t\t\t\t\t<h4 class=\"services-title\"><a href=\"https:\/\/ndpo2020.keeo.com\/post-bac\/bts-mhr-management-dunite-dhebergement\/\" title=\"BTS MHR : Management d\u2019Unit\u00e9 d\u2019h\u00e9bergement\">BTS MANAGEMENT EN H\u00d4TELLERIE RESTAURATION OPTION C<\/a><\/h4>\t\t\n\t\t\t\t\t\t\t\tLe BTS Management en H\u00f4tellerie Restauration option C : Management d&#8217;Unit\u00e9 d&#8217;H\u00e9bergement, est une formation BAC + 2 accessible apr\u00e8s un Baccalaur\u00e9at. \n\t\t\t\t\t\t\t<\/div>\t\t\n\t\t\t\t\t\t<\/div>\t\n\t\t\t\t\t<\/div>\n\t\t\t\t<\/div>\n\t\t\t<\/div>[\/vc_column][vc_column width=&#8221;1\/3&#8243;][\/vc_column][\/vc_row]<\/p>\n","protected":false},"excerpt":{"rendered":"<p>[vc_row][vc_column][\/vc_column][\/vc_row][vc_row][vc_column width=&#8221;1\/3&#8243;][\/vc_column][vc_column width=&#8221;1\/3&#8243;][\/vc_column][vc_column width=&#8221;1\/3&#8243;][\/vc_column]&#8230;<\/p>\n","protected":false},"author":2,"featured_media":0,"parent":0,"menu_order":0,"comment_status":"closed","ping_status":"closed","template":"","meta":{"footnotes":""},"class_list":["post-32","page","type-page","status-publish","hentry"],"_links":{"self":[{"href":"https:\/\/www.ndpo.fr\/post-bac\/wp-json\/wp\/v2\/pages\/32","targetHints":{"allow":["GET"]}}],"collection":[{"href":"https:\/\/www.ndpo.fr\/post-bac\/wp-json\/wp\/v2\/pages"}],"about":[{"href":"https:\/\/www.ndpo.fr\/post-bac\/wp-json\/wp\/v2\/types\/page"}],"author":[{"embeddable":true,"href":"https:\/\/www.ndpo.fr\/post-bac\/wp-json\/wp\/v2\/users\/2"}],"replies":[{"embeddable":true,"href":"https:\/\/www.ndpo.fr\/post-bac\/wp-json\/wp\/v2\/comments?post=32"}],"version-history":[{"count":13,"href":"https:\/\/www.ndpo.fr\/post-bac\/wp-json\/wp\/v2\/pages\/32\/revisions"}],"predecessor-version":[{"id":349,"href":"https:\/\/www.ndpo.fr\/post-bac\/wp-json\/wp\/v2\/pages\/32\/revisions\/349"}],"wp:attachment":[{"href":"https:\/\/www.ndpo.fr\/post-bac\/wp-json\/wp\/v2\/media?parent=32"}],"curies":[{"name":"wp","href":"https:\/\/api.w.org\/{rel}","templated":true}]}}