{"id":76,"date":"2021-03-22T18:42:00","date_gmt":"2021-03-22T17:42:00","guid":{"rendered":"https:\/\/ndpo2020.keeo.com\/post-bac\/?page_id=76"},"modified":"2025-07-08T11:51:23","modified_gmt":"2025-07-08T09:51:23","slug":"bts-mhr-option-a-management-dunite-de-restauration","status":"publish","type":"page","link":"https:\/\/www.ndpo.fr\/post-bac\/bts-mhr-option-a-management-dunite-de-restauration\/","title":{"rendered":"BTS MHR Option A : Management d&#8217;unit\u00e9 de restauration"},"content":{"rendered":"<p>[vc_row][vc_column]\n        <div class=\"rs-heading style2   center\">\n        \t<div class=\"title-inner\">\n\t            \n\t            <h2 >BTS MANAGEMENT EN H\u00d4TELLERIE RESTAURATION OPTION A<\/h2>\n\t        <\/div><\/div>[\/vc_column][\/vc_row][vc_row][vc_column width=&#8221;2\/3&#8243;][vc_single_image image=&#8221;79&#8243; img_size=&#8221;full&#8221;][\/vc_column][vc_column width=&#8221;1\/3&#8243;][vc_single_image image=&#8221;80&#8243; img_size=&#8221;full&#8221;][vc_btn title=&#8221;FICHE FORMATION&#8221; style=&#8221;custom&#8221; custom_background=&#8221;#145374&#8243; custom_text=&#8221;#ffffff&#8221; align=&#8221;center&#8221; button_block=&#8221;true&#8221; link=&#8221;url:https%3A%2F%2Fwww.ndpo.fr%2Fapp%2Fuploads%2Fsites%2F9%2F2021%2F05%2Fdoc1_fiche_formation_BTS_MHR_A_ufa-la-providence.pdf|||&#8221;][vc_btn title=&#8221;S&#8217;INSCRIRE&#8221; style=&#8221;custom&#8221; custom_background=&#8221;#145374&#8243; custom_text=&#8221;#ffffff&#8221; align=&#8221;center&#8221; button_block=&#8221;true&#8221; link=&#8221;url:https%3A%2F%2Fcfajeanbosco-hdf.ymag.cloud%2Findex.php%2Fpreinscription%2Framsese%2F0597122W|||&#8221;]\n\t<div class=\"counter-top-area style-light \"  style=\"background: #145374\">\n    <div class=\"rs-counter-list\">\n\t\t\n        <div class=\"count-text\"><div class=\"count-number\" style=\"color: #ffffff\"><h3 class=\"rs-counter\" style=\"color: #ffffff\">60<\/h3><span>% de r\u00e9ussite au BTS<\/span><\/div>         \n        <h4 style=\"color: #ffffff\">2024 - 2025<\/h4><\/div>\n    <\/div><\/div>[\/vc_column][\/vc_row][vc_row][vc_column][vc_tta_tabs][vc_tta_section title=&#8221;Description&#8221; tab_id=&#8221;1613985700420-b272efd7-2ae7&#8243;][vc_empty_space]\n        <div class=\"rs-heading style2   \">\n        \t<div class=\"title-inner\">\n\t            \n\t            <h2 >\u00c0 SAVOIR<\/h2>\n\t        <\/div><div class=\"description\"><p ><strong>La premi\u00e8re ann\u00e9e<\/strong> de ce BTS est commune \u00e0 l\u2019ensemble des \u00e9l\u00e8ves. Elle se concentre sur les fondamentaux en cuisine, en service et en h\u00e9bergement.<br \/>\nL\u2019objectif est qu\u2019ils acqui\u00e8rent une polyvalence de comp\u00e9tences. Une partie importante est consacr\u00e9e aux r\u00e8gles d\u2019hygi\u00e8ne et de conservation des aliments, \u00e0 la gestion des stocks, aux techniques culinaires fondamentales, \u00e0 l\u2019accueil et au service des clients.<br \/>\nDes enseignements g\u00e9n\u00e9raux appliqu\u00e9s \u00e0 l\u2019h\u00f4tellerie-restauration sont \u00e9galement au programme : des notions de ressources humaines, de droit et de comptabilit\u00e9 sont int\u00e9gr\u00e9es dans un cours sur l\u2019entrepreneuriat et le pilotage de l\u2019entreprise h\u00f4teli\u00e8re.<br \/>\nL\u2019adaptation aux nouveaux modes de consommation des clients et \u00e0 la digitalisation est abord\u00e9e en management et marketing, tout comme la gestion d\u2019une \u00e9quipe.<br \/>\nEnfin, deux langues \u00e9trang\u00e8res, dont l\u2019anglais, sont au programme.<br \/>\nUn stage de 16 semaines, dont 12 cons\u00e9cutives, est \u00e0 effectuer dans l\u2019ann\u00e9e.<\/p>\n<p><strong>L\u2019option management d\u2019unit\u00e9 de restauration<\/strong> en deuxi\u00e8me ann\u00e9e met l\u2019accent sur les techniques du service en restaurant : dresser une table, pr\u00e9senter un menu, valoriser des produits, g\u00e9rer les stocks de boissons, ou encore encadrer une \u00e9quipe. L\u2019apprentissage de la sommellerie et des techniques de bar est renforc\u00e9 avec des cours sur la gestion d\u2019une cave \u00e0 vins et le service des alcools et cocktails.<\/p>\n<p>Le diplom\u00e9 peut d\u00e9buter comme ma\u00eetre d\u2019h\u00f4tel, sommelier, chef barman, avant d\u2019acc\u00e9der \u00e0 des postes d\u2019encadrement ou de direction.<\/p><\/div><\/div>[\/vc_tta_section][vc_tta_section title=&#8221;Programme&#8221; tab_id=&#8221;1613985700420-1cf957a5-8dc3&#8243;][\/vc_tta_section][vc_tta_section title=&#8221;Documents importants&#8221; tab_id=&#8221;1613985761837-fea28251-e85f&#8221;][vc_empty_space]\n        <div class=\"rs-heading style2   \">\n        \t<div class=\"title-inner\">\n\t            \n\t            <h2 >Les aides possibles<\/h2>\n\t        <\/div><div class=\"description\"><p >&#8211; Une aide aux transports, h\u00e9bergement et restauration est calcul\u00e9 et vers\u00e9 par l&#8217;UFA<br \/>\n<a href=\"http:\/\/www.generation-npdcp.fr\/carte-hdf\">&#8211; Carte rentr\u00e9e g\u00e9n\u00e9ration (HDF)<\/a><br \/>\n&#8211; Aide au permis de conduire<br \/>\n&#8211; <a href=\"https:\/\/ndpo2020.keeo.com\/app\/uploads\/sites\/4\/2020\/09\/AIDES-APPRENTIES.pdf\">R\u00e9capitulatif des aides<\/a><\/p><\/div><\/div>\n        <div class=\"rs-heading style2   \">\n        \t<div class=\"title-inner\">\n\t            \n\t            <h2 >Documentations<\/h2>\n\t        <\/div><div class=\"description\"><p >&#8211; <a href=\"https:\/\/www.lapprenti.com\/html\/apprenti\/salaire.asp\">Tableau de r\u00e9mun\u00e9ration des apprentis<\/a><br \/>\n&#8211; <a href=\"https:\/\/ndpo2020.keeo.com\/app\/uploads\/sites\/4\/2020\/09\/CIRCULAIRE-APPRENANTS-2020-21-PDF.pdf\">Circulaire de rentr\u00e9e 2020 &#8211; 2021<\/a><br \/>\n&#8211; <a href=\"https:\/\/ndpo2020.keeo.com\/app\/uploads\/sites\/4\/2020\/09\/\u00e6CAP-SALLE-FILLE-PDF.pdf\">Bon de commande BTS A FILLES<\/a><br \/>\n&#8211; <a href=\"https:\/\/ndpo2020.keeo.com\/app\/uploads\/sites\/4\/2020\/09\/CAP-SALLE-GARCON-PDF.pdf\">Bon de commande BTS A GAR\u00c7ONS<\/a><br \/>\n<a href=\"https:\/\/ndpo2020.keeo.com\/app\/uploads\/sites\/4\/2020\/09\/BON-DE-COMMANDE-MAN-CAP-SERVICE-PDF.pdf\">&#8211; Bon de commande mat\u00e9riels BTS A<\/a><\/p><\/div><\/div>[\/vc_tta_section][vc_tta_section title=&#8221;TROUVER UNE ENTREPRISE&#8221; tab_id=&#8221;1613985815472-5e7b2a69-1f84&#8243;][vc_empty_space]\n        <div class=\"rs-heading    \">\n        \t<div class=\"title-inner\">\n\t            \n\t            <h2 >La recherche d'entreprises en quelques \u00e9tapes ...<\/h2>\n\t        <\/div><div class=\"description\"><p >Vous \u00eates inscrits \u00e0 l&#8217;Unit\u00e9 de Formation par Apprentissage La Providence et l&#8217;heure est venue de chercher une entreprise. Les d\u00e9marches \u00e0 faire peuvent para\u00eetre difficiles mais avec les bons outils et en suivant quelques conseils, c&#8217;est toujours plus facile !<\/p>\n<p>Bien s\u00fbr, l&#8217;UFA est l\u00e0 pour t&#8217;envoyer des contacts et te motiver tout au long de ta recherche !<\/p>\n<p>1 &#8211; R\u00e9diger un bon CV (ajouter un PDF sur comment avoir un bon CV)<br \/>\n2 &#8211; D\u00e9finir quel poste vous souhaitez et faire en sorte qu&#8217;il corresponde \u00e0 la formation<br \/>\n3 &#8211; Rechercher des entreprises en recherches d&#8217;apprentis ou de salari\u00e9s<br \/>\n4 &#8211; R\u00e9diger des lettres de motivation adapt\u00e9es<br \/>\n5 &#8211; Suivre les candidatures et ne pas h\u00e9siter \u00e0 relancer les recruteurs<\/p><\/div><\/div>[\/vc_tta_section][\/vc_tta_tabs][\/vc_column][\/vc_row]<\/p>\n","protected":false},"excerpt":{"rendered":"<p>[vc_row][vc_column][\/vc_column][\/vc_row][vc_row][vc_column width=&#8221;2\/3&#8243;][vc_single_image image=&#8221;79&#8243; img_size=&#8221;full&#8221;][\/vc_column][vc_column width=&#8221;1\/3&#8243;][vc_single_image image=&#8221;80&#8243; img_size=&#8221;full&#8221;][vc_btn title=&#8221;FICHE FORMATION&#8221; style=&#8221;custom&#8221; custom_background=&#8221;#145374&#8243; custom_text=&#8221;#ffffff&#8221; align=&#8221;center&#8221; button_block=&#8221;true&#8221; link=&#8221;url:https%3A%2F%2Fwww.ndpo.fr%2Fapp%2Fuploads%2Fsites%2F9%2F2021%2F05%2Fdoc1_fiche_formation_BTS_MHR_A_ufa-la-providence.pdf|||&#8221;][vc_btn title=&#8221;S&#8217;INSCRIRE&#8221; style=&#8221;custom&#8221; custom_background=&#8221;#145374&#8243; custom_text=&#8221;#ffffff&#8221; align=&#8221;center&#8221; button_block=&#8221;true&#8221; link=&#8221;url:https%3A%2F%2Fcfajeanbosco-hdf.ymag.cloud%2Findex.php%2Fpreinscription%2Framsese%2F0597122W|||&#8221;][\/vc_column][\/vc_row][vc_row][vc_column][vc_tta_tabs][vc_tta_section title=&#8221;Description&#8221; tab_id=&#8221;1613985700420-b272efd7-2ae7&#8243;][vc_empty_space][\/vc_tta_section][vc_tta_section title=&#8221;Programme&#8221; tab_id=&#8221;1613985700420-1cf957a5-8dc3&#8243;][\/vc_tta_section][vc_tta_section title=&#8221;Documents importants&#8221;&#8230;<\/p>\n","protected":false},"author":2,"featured_media":0,"parent":0,"menu_order":0,"comment_status":"closed","ping_status":"closed","template":"","meta":{"footnotes":""},"class_list":["post-76","page","type-page","status-publish","hentry"],"_links":{"self":[{"href":"https:\/\/www.ndpo.fr\/post-bac\/wp-json\/wp\/v2\/pages\/76","targetHints":{"allow":["GET"]}}],"collection":[{"href":"https:\/\/www.ndpo.fr\/post-bac\/wp-json\/wp\/v2\/pages"}],"about":[{"href":"https:\/\/www.ndpo.fr\/post-bac\/wp-json\/wp\/v2\/types\/page"}],"author":[{"embeddable":true,"href":"https:\/\/www.ndpo.fr\/post-bac\/wp-json\/wp\/v2\/users\/2"}],"replies":[{"embeddable":true,"href":"https:\/\/www.ndpo.fr\/post-bac\/wp-json\/wp\/v2\/comments?post=76"}],"version-history":[{"count":12,"href":"https:\/\/www.ndpo.fr\/post-bac\/wp-json\/wp\/v2\/pages\/76\/revisions"}],"predecessor-version":[{"id":373,"href":"https:\/\/www.ndpo.fr\/post-bac\/wp-json\/wp\/v2\/pages\/76\/revisions\/373"}],"wp:attachment":[{"href":"https:\/\/www.ndpo.fr\/post-bac\/wp-json\/wp\/v2\/media?parent=76"}],"curies":[{"name":"wp","href":"https:\/\/api.w.org\/{rel}","templated":true}]}}