{"id":12,"date":"2020-09-02T16:16:41","date_gmt":"2020-09-02T14:16:41","guid":{"rendered":"https:\/\/ndpo2020.keeo.com\/restaurants-magasins\/?page_id=12"},"modified":"2024-05-24T09:05:08","modified_gmt":"2024-05-24T07:05:08","slug":"accueil","status":"publish","type":"page","link":"https:\/\/www.ndpo.fr\/restaurants-magasins\/","title":{"rendered":"Accueil"},"content":{"rendered":"<p>[vc_row][vc_column width=&#8221;2\/3&#8243;]\n        <div class=\"rs-heading style2   \">\n        \t<div class=\"title-inner\">\n\t            <span class=\"sub-text\">\u00c0 Propos<\/span>\n\t            <h2 >Bienvenue \u00e0 La Providence<\/h2>\n\t        <\/div><div class=\"description\"><p >Dans le cadre de nos formations de m\u00e9tiers de bouche, la Providence vous propose les r\u00e9alisations de ses \u00e9l\u00e8ves et apprentis. Ces deux magasins \u00e9ph\u00e9m\u00e8res suivent un programme selon les r\u00e9f\u00e9rentiels de formations. Vous pouvez retrouver dans l&#8217;onglet &#8220;magasin&#8221;, le programme de nos prestations. Nous comptons sur votre soutien afin de nous aider \u00e0 enrichir l&#8217;exp\u00e9rience client\u00e8le de nos apprenants.<\/p>\n<p>Vous avez \u00e9galement la possibilit\u00e9 de venir vous restaurer sur place dans l&#8217;un de nos deux restaurants : la Table de Mathilde pour une exp\u00e9rience gastronomique et le Bistronome dans une d\u00e9marche de brasserie am\u00e9lior\u00e9e. Les menus sont disponibles et une r\u00e9servation est possible en ligne.<\/p>\n<p>Bon app\u00e9tit !<\/p><\/div><\/div>[vc_empty_space height=&#8221;50&#8243;][\/vc_column][vc_column width=&#8221;1\/3&#8243;]<div class=\"rs-services\"><div class=\"service-inner services-style_6 left  \">\n\t\t\t\t\t<div class=\"services-wrap\"> \n\t\t\t\t        <div class=\"services-item\">\n\t\t\t\t            <div class=\"services-icon\"><img decoding=\"async\" src=\"https:\/\/www.ndpo.fr\/app\/uploads\/sites\/7\/2022\/05\/bouton-magasin-lyc\u00e9e@3x-1024x410.jpg\" alt=\"Rs-service\" \/><\/div>\n\t\t\t\t\t\t\t<div class=\"services-desc\">\t\n\t\t\t\t\t\t\t    <i  class=\"vc_icon_element-icon vc-material vc-material-payment rs-animation-scale-up\"><\/i>\n\t\t\t\t\t\t\t\t<h4 class=\"services-title\"><a href=\"https:\/\/ndpo2020.keeo.com\/restaurants-magasins\/magasins\/\" title=\"Magasins\">MAGASIN LYC\u00c9E<\/a><\/h4>\t\t\n\t\t\t\t\t\t\t\t \n\t\t\t\t\t\t\t<\/div>\t\t\n\t\t\t\t\t\t<\/div>\t\n\t\t\t\t\t<\/div>\n\t\t\t\t<\/div>\n\t\t\t<\/div><div class=\"rs-services\"><div class=\"service-inner services-style_6 left  \">\n\t\t\t\t\t<div class=\"services-wrap\"> \n\t\t\t\t        <div class=\"services-item\">\n\t\t\t\t            <div class=\"services-icon\"><img decoding=\"async\" src=\"https:\/\/www.ndpo.fr\/app\/uploads\/sites\/7\/2022\/05\/bouton-magasin-ufa@2x-1024x410.jpg\" alt=\"Rs-service\" \/><\/div>\n\t\t\t\t\t\t\t<div class=\"services-desc\">\t\n\t\t\t\t\t\t\t    <i  class=\"vc_icon_element-icon vc-material vc-material-phone rs-animation-scale-up\"><\/i>\n\t\t\t\t\t\t\t\t<h4 class=\"services-title\"><a href=\"https:\/\/www.ndpo.fr\/restaurants-magasins\/magasins\/\" title=\"Magasins\">MAGASIN UFA<\/a><\/h4>\t\t\n\t\t\t\t\t\t\t\t \n\t\t\t\t\t\t\t<\/div>\t\t\n\t\t\t\t\t\t<\/div>\t\n\t\t\t\t\t<\/div>\n\t\t\t\t<\/div>\n\t\t\t<\/div><div class=\"rs-services\"><div class=\"service-inner services-style_6 left  \">\n\t\t\t\t\t<div class=\"services-wrap\"> \n\t\t\t\t        <div class=\"services-item\">\n\t\t\t\t            <div class=\"services-icon\"><img decoding=\"async\" src=\"https:\/\/www.ndpo.fr\/app\/uploads\/sites\/7\/2022\/05\/bouton-restau-table-mathilde@2x-1024x410.jpg\" alt=\"Rs-service\" \/><\/div>\n\t\t\t\t\t\t\t<div class=\"services-desc\">\t\n\t\t\t\t\t\t\t    <i  class=\"vc_icon_element-icon vc-material vc-material-restaurant_menu rs-animation-scale-up\"><\/i>\n\t\t\t\t\t\t\t\t<h4 class=\"services-title\"><a href=\"https:\/\/www.ndpo.fr\/restaurants-magasins\/la-table-de-mathilde\/\" title=\"Magasins\">LA TABLE DE MATHILDE (LYC\u00c9E)<\/a><\/h4>\t\t\n\t\t\t\t\t\t\t\t \n\t\t\t\t\t\t\t<\/div>\t\t\n\t\t\t\t\t\t<\/div>\t\n\t\t\t\t\t<\/div>\n\t\t\t\t<\/div>\n\t\t\t<\/div><div class=\"rs-services\"><div class=\"service-inner services-style_6 left  \">\n\t\t\t\t\t<div class=\"services-wrap\"> \n\t\t\t\t        <div class=\"services-item\">\n\t\t\t\t            <div class=\"services-icon\"><img decoding=\"async\" src=\"https:\/\/www.ndpo.fr\/app\/uploads\/sites\/7\/2020\/09\/ndpo_le-bistronome.jpg\" alt=\"Rs-service\" \/><\/div>\n\t\t\t\t\t\t\t<div class=\"services-desc\">\t\n\t\t\t\t\t\t\t    <i  class=\"vc_icon_element-icon vc-material vc-material-local_bar rs-animation-scale-up\"><\/i>\n\t\t\t\t\t\t\t\t<h4 class=\"services-title\"><a href=\"https:\/\/www.ndpo.fr\/restaurants-magasins\/le-bistronome-2\/\" title=\"Magasins\">LE BISTRONOME (UFA)<\/a><\/h4>\t\t\n\t\t\t\t\t\t\t\t \n\t\t\t\t\t\t\t<\/div>\t\t\n\t\t\t\t\t\t<\/div>\t\n\t\t\t\t\t<\/div>\n\t\t\t\t<\/div>\n\t\t\t<\/div>[\/vc_column][\/vc_row][vc_row][vc_column][vc_empty_space height=&#8221;50&#8243;][\/vc_column][\/vc_row][vc_row][vc_column width=&#8221;1\/4&#8243;][\/vc_column][vc_column width=&#8221;1\/4&#8243;][\/vc_column][\/vc_row]<\/p>\n","protected":false},"excerpt":{"rendered":"<p>[vc_row][vc_column width=&#8221;2\/3&#8243;][vc_empty_space height=&#8221;50&#8243;][\/vc_column][vc_column width=&#8221;1\/3&#8243;][\/vc_column][\/vc_row][vc_row][vc_column][vc_empty_space height=&#8221;50&#8243;][\/vc_column][\/vc_row][vc_row][vc_column width=&#8221;1\/4&#8243;][\/vc_column][vc_column width=&#8221;1\/4&#8243;][\/vc_column]&#8230;<\/p>\n","protected":false},"author":2,"featured_media":0,"parent":0,"menu_order":0,"comment_status":"closed","ping_status":"closed","template":"","meta":{"footnotes":""},"class_list":["post-12","page","type-page","status-publish","hentry"],"_links":{"self":[{"href":"https:\/\/www.ndpo.fr\/restaurants-magasins\/wp-json\/wp\/v2\/pages\/12","targetHints":{"allow":["GET"]}}],"collection":[{"href":"https:\/\/www.ndpo.fr\/restaurants-magasins\/wp-json\/wp\/v2\/pages"}],"about":[{"href":"https:\/\/www.ndpo.fr\/restaurants-magasins\/wp-json\/wp\/v2\/types\/page"}],"author":[{"embeddable":true,"href":"https:\/\/www.ndpo.fr\/restaurants-magasins\/wp-json\/wp\/v2\/users\/2"}],"replies":[{"embeddable":true,"href":"https:\/\/www.ndpo.fr\/restaurants-magasins\/wp-json\/wp\/v2\/comments?post=12"}],"version-history":[{"count":20,"href":"https:\/\/www.ndpo.fr\/restaurants-magasins\/wp-json\/wp\/v2\/pages\/12\/revisions"}],"predecessor-version":[{"id":479,"href":"https:\/\/www.ndpo.fr\/restaurants-magasins\/wp-json\/wp\/v2\/pages\/12\/revisions\/479"}],"wp:attachment":[{"href":"https:\/\/www.ndpo.fr\/restaurants-magasins\/wp-json\/wp\/v2\/media?parent=12"}],"curies":[{"name":"wp","href":"https:\/\/api.w.org\/{rel}","templated":true}]}}