{"id":120,"date":"2021-06-10T14:55:41","date_gmt":"2021-06-10T12:55:41","guid":{"rendered":"https:\/\/www.ndpo.fr\/restaurants-magasins\/?page_id=120"},"modified":"2023-09-28T15:55:43","modified_gmt":"2023-09-28T13:55:43","slug":"nos-realisations","status":"publish","type":"page","link":"https:\/\/www.ndpo.fr\/restaurants-magasins\/nos-realisations\/","title":{"rendered":"Nos r\u00e9alisations"},"content":{"rendered":"<p>[vc_row][vc_column]\n        <div class=\"rs-heading style2   center\">\n        \t<div class=\"title-inner\">\n\t            \n\t            <h2 >D\u00e9couvrez les r\u00e9alisations de nos \u00e9l\u00e8ves...<\/h2>\n\t        <\/div><\/div>[\/vc_column][\/vc_row][vc_row][vc_column][vc_media_grid grid_id=&#8221;vc_gid:1695906867462-da3ce9b92a951951542ceace691112db-2&#8243; include=&#8221;401,406,410,122,133,257,258,403,409,136,400,123,261,405,245,132,402,238,259,125,260,135,127,404,130,126&#8243;][\/vc_column][\/vc_row]<\/p>\n","protected":false},"excerpt":{"rendered":"<p>[vc_row][vc_column][\/vc_column][\/vc_row][vc_row][vc_column][vc_media_grid grid_id=&#8221;vc_gid:1695906867462-da3ce9b92a951951542ceace691112db-2&#8243; include=&#8221;401,406,410,122,133,257,258,403,409,136,400,123,261,405,245,132,402,238,259,125,260,135,127,404,130,126&#8243;][\/vc_column]&#8230;<\/p>\n","protected":false},"author":4,"featured_media":0,"parent":0,"menu_order":0,"comment_status":"closed","ping_status":"closed","template":"","meta":{"footnotes":""},"class_list":["post-120","page","type-page","status-publish","hentry"],"_links":{"self":[{"href":"https:\/\/www.ndpo.fr\/restaurants-magasins\/wp-json\/wp\/v2\/pages\/120","targetHints":{"allow":["GET"]}}],"collection":[{"href":"https:\/\/www.ndpo.fr\/restaurants-magasins\/wp-json\/wp\/v2\/pages"}],"about":[{"href":"https:\/\/www.ndpo.fr\/restaurants-magasins\/wp-json\/wp\/v2\/types\/page"}],"author":[{"embeddable":true,"href":"https:\/\/www.ndpo.fr\/restaurants-magasins\/wp-json\/wp\/v2\/users\/4"}],"replies":[{"embeddable":true,"href":"https:\/\/www.ndpo.fr\/restaurants-magasins\/wp-json\/wp\/v2\/comments?post=120"}],"version-history":[{"count":6,"href":"https:\/\/www.ndpo.fr\/restaurants-magasins\/wp-json\/wp\/v2\/pages\/120\/revisions"}],"predecessor-version":[{"id":411,"href":"https:\/\/www.ndpo.fr\/restaurants-magasins\/wp-json\/wp\/v2\/pages\/120\/revisions\/411"}],"wp:attachment":[{"href":"https:\/\/www.ndpo.fr\/restaurants-magasins\/wp-json\/wp\/v2\/media?parent=120"}],"curies":[{"name":"wp","href":"https:\/\/api.w.org\/{rel}","templated":true}]}}