{"id":48,"date":"2020-09-02T17:41:28","date_gmt":"2020-09-02T15:41:28","guid":{"rendered":"https:\/\/ndpo2020.keeo.com\/restaurants-magasins\/?page_id=48"},"modified":"2025-09-16T15:51:14","modified_gmt":"2025-09-16T13:51:14","slug":"le-bistronome-2","status":"publish","type":"page","link":"https:\/\/www.ndpo.fr\/restaurants-magasins\/le-bistronome-2\/","title":{"rendered":"Le Bistronome"},"content":{"rendered":"<p>[vc_row][vc_column width=&#8221;1\/2&#8243;][vc_single_image image=&#8221;84&#8243; img_size=&#8221;full&#8221; css_animation=&#8221;fadeInDown&#8221;][\/vc_column][vc_column width=&#8221;1\/2&#8243;]\n        <div class=\"rs-heading style2   \">\n        \t<div class=\"title-inner\">\n\t            <span class=\"sub-text\">Horaires<\/span>\n\t            <h2 >Restaurant Le Bistronome<\/h2>\n\t        <\/div><div class=\"description\"><p ><\/p>\n<p data-start=\"126\" data-end=\"370\">Le <strong>Bistron\u00f4me<\/strong> vous accueille le midi, au rythme de la formation de nos apprentis.\u00a0<br data-start=\"207\" data-end=\"210\" \/>Avec ses 30 couverts, c\u2019est l\u2019endroit id\u00e9al pour d\u00e9guster une cuisine de tradition, pr\u00e9par\u00e9e avec soin et mettant en avant nos producteurs locaux.<\/p>\n<p data-start=\"372\" data-end=\"482\">R\u00e9servations : 03 20 41 10 40 (le matin) ou en ligne ci-dessous<\/p>\n<p data-start=\"372\" data-end=\"482\"><br data-start=\"440\" data-end=\"443\" \/>38 rue Jules Ferry \u2013 59310 Orchies<\/p>\n<p><\/p><\/div><\/div>[vc_btn title=&#8221;Consultez le menu&#8221; style=&#8221;custom&#8221; custom_background=&#8221;#540e34&#8243; custom_text=&#8221;#ffffff&#8221; link=&#8221;url:https%3A%2F%2Fwww.ndpo.fr%2Fapp%2Fuploads%2Fsites%2F7%2F2025%2F09%2Fle-bistronome-25-26.pdf||target:%20_blank|&#8221;][\/vc_column][\/vc_row][vc_row][vc_column][vc_message message_box_color=&#8221;white&#8221; css=&#8221;.vc_custom_1728388399769{background-color: #540e34 !important;}&#8221;]<\/p>\n<h3 style=\"text-align: center;\"><span style=\"color: #ffffff;\">Le bistronome \u00e9tant un restaurant d\u2019application. Votre arriv\u00e9e doit imp\u00e9rativement s\u2019effectuer \u00e0 12h00 et la fin du service ne peut exc\u00e9der 14h00.<br \/>\nNos apprentis reprennent les cours ensuite. Merci de votre compr\u00e9hension<\/span><\/h3>\n<p>[\/vc_message][\/vc_column][\/vc_row][vc_row][vc_column]\n        <div class=\"rs-heading style2   center\">\n        \t<div class=\"title-inner\">\n\t            \n\t            <h2 >R\u00c9SERVATION LE BISTRONOME<\/h2>\n\t        <\/div><\/div>[vc_raw_html]JTNDJTIxZG9jdHlwZSUyMGh0bWwlM0UlMEElM0NodG1sJTIweG1sbnMlM0QlMjJodHRwJTNBJTJGJTJGd3d3LnczLm9yZyUyRjE5OTklMkZ4aHRtbCUyMiUzRSUwQSUwQSUzQ2hlYWQlM0UlMEElMjAlMjAlMjAlMjAlM0N0aXRsZSUzRSUwQSUyMCUyMCUyMCUyMCUyMCUyMCUyMCUyMEV1cmVzdG8lMjBSJUMzJUE5c2ElMjBJZnJhbWUlMEElMjAlMjAlMjAlMjAlM0MlMkZ0aXRsZSUzRSUwQSUyMCUyMCUyMCUyMCUzQ21ldGElMjBodHRwLWVxdWl2JTNEJTIyWC1VQS1Db21wYXRpYmxlJTIyJTIwY29udGVudCUzRCUyMklFJTNEZWRnZSUyMiUzRSUwQSUyMCUyMCUyMCUyMCUzQ21ldGElMjBodHRwLWVxdWl2JTNEJTIyQ29udGVudC1UeXBlJTIyJTIwY29udGVudCUzRCUyMnRleHQlMkZodG1sJTNCJTIwY2hhcnNldCUzRFVURi04JTIyJTNFJTBBJTIwJTIwJTIwJTIwJTNDbWV0YSUyMG5hbWUlM0QlMjJ2aWV3cG9ydCUyMiUyMGNvbnRlbnQlM0QlMjJ3aWR0aCUzRGRldmljZS13aWR0aCUyQyUyMGluaXRpYWwtc2NhbGUlM0QxJTIyJTNFJTBBJTNDJTJGaGVhZCUzRSUwQSUwQSUzQ2JvZHklMjBzdHlsZSUzRCUyMmJhY2tncm91bmQtY29sb3IlM0ElMjNEOUQ5RDklM0IlMjIlM0UlMEElMjAlMjAlMjAlMjAlM0NkaXYlMjBzdHlsZSUzRCUyMmJhY2tncm91bmQtY29sb3IlM0ElMjNEOUQ5RDklM0IlMjIlM0UlMEElMjAlMjAlMjAlMjAlMjAlMjAlMjAlMjAlM0NpZnJhbWUlMjBzdHlsZSUzRCUyMndpZHRoJTNBJTIwNzAwcHglM0IlMjBoZWlnaHQlM0ElMjA3MDBweCUzQiUyMiUwQSUyMCUyMCUyMCUyMCUyMCUyMCUyMCUyMCUyMCUyMCUyMCUyMHNyYyUzRCUyMmh0dHBzJTNBJTJGJTJGcmVzZXJ2YXRpb24uZXVyZXN0by5jb20lMkYlM0ZrZXklM0QwOTI3OWViYi1jYzFhLTRlNTAtODM3NS05ZmU1MGFjY2YyN2ElMjIlM0UlM0MlMkZpZnJhbWUlM0UlMEElMjAlMjAlMjAlMjAlM0MlMkZkaXYlM0UlMEElM0MlMkZib2R5JTNFJTBBJTBBJTNDJTJGaHRtbCUzRSUwQSUwQQ==[\/vc_raw_html][\/vc_column][\/vc_row][vc_row][vc_column]\n        <div class=\"rs-heading style2   center\">\n        \t<div class=\"title-inner\">\n\t            \n\t            <h2 >ZOOM SUR LES SOIR\u00c9ES<\/h2>\n\t        <\/div><\/div>[vc_media_grid gap=&#8221;30&#8243; grid_id=&#8221;vc_gid:1758030642666-b61184ee-a89f-9&#8243; include=&#8221;85,86,245&#8243;][\/vc_column][\/vc_row]<\/p>\n","protected":false},"excerpt":{"rendered":"<p>[vc_row][vc_column width=&#8221;1\/2&#8243;][vc_single_image image=&#8221;84&#8243; img_size=&#8221;full&#8221; css_animation=&#8221;fadeInDown&#8221;][\/vc_column][vc_column width=&#8221;1\/2&#8243;][vc_btn title=&#8221;Consultez le menu&#8221; style=&#8221;custom&#8221; custom_background=&#8221;#540e34&#8243; custom_text=&#8221;#ffffff&#8221; link=&#8221;url:https%3A%2F%2Fwww.ndpo.fr%2Fapp%2Fuploads%2Fsites%2F7%2F2025%2F09%2Fle-bistronome-25-26.pdf||target:%20_blank|&#8221;][\/vc_column][\/vc_row][vc_row][vc_column][vc_message message_box_color=&#8221;white&#8221; css=&#8221;.vc_custom_1728388399769{background-color: #540e34 !important;}&#8221;] Le bistronome \u00e9tant un restaurant d\u2019application. Votre arriv\u00e9e doit imp\u00e9rativement s\u2019effectuer&#8230;<\/p>\n","protected":false},"author":2,"featured_media":0,"parent":0,"menu_order":0,"comment_status":"closed","ping_status":"closed","template":"","meta":{"footnotes":""},"class_list":["post-48","page","type-page","status-publish","hentry"],"_links":{"self":[{"href":"https:\/\/www.ndpo.fr\/restaurants-magasins\/wp-json\/wp\/v2\/pages\/48","targetHints":{"allow":["GET"]}}],"collection":[{"href":"https:\/\/www.ndpo.fr\/restaurants-magasins\/wp-json\/wp\/v2\/pages"}],"about":[{"href":"https:\/\/www.ndpo.fr\/restaurants-magasins\/wp-json\/wp\/v2\/types\/page"}],"author":[{"embeddable":true,"href":"https:\/\/www.ndpo.fr\/restaurants-magasins\/wp-json\/wp\/v2\/users\/2"}],"replies":[{"embeddable":true,"href":"https:\/\/www.ndpo.fr\/restaurants-magasins\/wp-json\/wp\/v2\/comments?post=48"}],"version-history":[{"count":70,"href":"https:\/\/www.ndpo.fr\/restaurants-magasins\/wp-json\/wp\/v2\/pages\/48\/revisions"}],"predecessor-version":[{"id":550,"href":"https:\/\/www.ndpo.fr\/restaurants-magasins\/wp-json\/wp\/v2\/pages\/48\/revisions\/550"}],"wp:attachment":[{"href":"https:\/\/www.ndpo.fr\/restaurants-magasins\/wp-json\/wp\/v2\/media?parent=48"}],"curies":[{"name":"wp","href":"https:\/\/api.w.org\/{rel}","templated":true}]}}