{"id":524,"date":"2026-04-01T09:36:03","date_gmt":"2026-04-01T07:36:03","guid":{"rendered":"https:\/\/www.ndpo.fr\/restaurants-magasins\/?page_id=524"},"modified":"2026-04-01T10:36:31","modified_gmt":"2026-04-01T08:36:31","slug":"seminaire","status":"publish","type":"page","link":"https:\/\/www.ndpo.fr\/restaurants-magasins\/seminaire\/","title":{"rendered":"S\u00e9minaire"},"content":{"rendered":"<p>[vc_row][vc_column][\/vc_column][\/vc_row][vc_row][vc_column width=&#8221;1\/2&#8243;][vc_single_image image=&#8221;525&#8243; img_size=&#8221;full&#8221; css_animation=&#8221;fadeInDown&#8221;][\/vc_column][vc_column width=&#8221;1\/2&#8243;]\n        <div class=\"rs-heading    \">\n        \t<div class=\"title-inner\">\n\t            \n\t            <h2 >S\u00e9minaires \u00e0 La Providence<\/h2>\n\t        <\/div><div class=\"description\"><p ><\/p>\n<p data-start=\"0\" data-end=\"155\">La Providence Orchies vous propose ses espaces pour accueillir vos s\u00e9minaires, r\u00e9unions, formations ou conf\u00e9rences dans un cadre adapt\u00e9 et professionnel.<\/p>\n<p>&nbsp;<\/p>\n<p data-start=\"157\" data-end=\"382\">Id\u00e9alement situ\u00e9e \u00e0 proximit\u00e9 de l\u2019autoroute A23, \u00e0 seulement 20 minutes de Lille ou de Valenciennes, et \u00e0 quelques m\u00e8tres de la gare SNCF d\u2019Orchies, notre \u00e9tablissement est facilement accessible pour tous vos participants.<\/p>\n<p>&nbsp;<\/p>\n<p data-start=\"384\" data-end=\"727\" data-is-last-node=\"\" data-is-only-node=\"\">Organiser votre \u00e9v\u00e9nement chez nous, c\u2019est aussi contribuer \u00e0 une d\u00e9marche p\u00e9dagogique concr\u00e8te : nos \u00e9l\u00e8ves sont pleinement impliqu\u00e9s dans l\u2019accueil, le service et, selon les projets, dans la pr\u00e9paration culinaire. Une exp\u00e9rience formatrice qui r\u00e9pond aux exigences du monde professionnel, tout en vous garantissant une prestation de qualit\u00e9.<\/p>\n<p><\/p><\/div><\/div>[\/vc_column][\/vc_row][vc_row][vc_column]\n        <div class=\"rs-heading style2  vc_custom_1744104651740  center\">\n        \t<div class=\"title-inner\">\n\t            \n\t            <h2 >Nos atouts<\/h2>\n\t        <\/div><\/div>[vc_column_text]<\/p>\n<ul>\n<li class=\"\" data-start=\"702\" data-end=\"759\">\n<p class=\"\" data-start=\"704\" data-end=\"759\"><strong data-start=\"707\" data-end=\"726\">Salles modernes<\/strong> \u00e9quip\u00e9es de mat\u00e9riel audiovisuel<\/p>\n<\/li>\n<li class=\"\" data-start=\"760\" data-end=\"836\">\n<p class=\"\" data-start=\"762\" data-end=\"836\"><strong data-start=\"766\" data-end=\"786\">Service traiteur<\/strong> r\u00e9alis\u00e9 par nos \u00e9l\u00e8ves en h\u00f4tellerie-restauration<\/p>\n<\/li>\n<li class=\"\" data-start=\"837\" data-end=\"903\">\n<p class=\"\" data-start=\"839\" data-end=\"903\"><strong data-start=\"841\" data-end=\"903\">Accueil caf\u00e9, pauses gourmandes et d\u00e9jeuners personnalis\u00e9s<\/strong><\/p>\n<\/li>\n<li class=\"\" data-start=\"904\" data-end=\"938\">\n<p class=\"\" data-start=\"906\" data-end=\"938\"><strong data-start=\"909\" data-end=\"928\">Parking gratuit<\/strong> sur place<\/p>\n<\/li>\n<li class=\"\" data-start=\"939\" data-end=\"1036\">\n<p class=\"\" data-start=\"941\" data-end=\"1036\"><strong data-start=\"947\" data-end=\"972\">\u00c9v\u00e9nements sur mesure<\/strong> organis\u00e9s avec le soutien de nos \u00e9quipes p\u00e9dagogiques et \u00e9l\u00e8ves<\/p>\n<\/li>\n<\/ul>\n<p>[\/vc_column_text][vc_empty_space height=&#8221;50&#8243;][\/vc_column][\/vc_row][vc_row][vc_column]\n        <div class=\"rs-heading style2  vc_custom_1744104527907  center\">\n        \t<div class=\"title-inner\">\n\t            \n\t            <h2 >Capacit\u00e9 et \u00e9quipements<\/h2>\n\t        <\/div><\/div>[\/vc_column][\/vc_row][vc_row][vc_column][vc_column_text css_animation=&#8221;fadeInDown&#8221;]<\/p>\n<p class=\"\" style=\"text-align: center;\" data-start=\"1072\" data-end=\"1152\">Nous proposons plusieurs configurations possibles pour s\u2019adapter \u00e0 vos besoins :<\/p>\n<div class=\"overflow-x-auto bg-no-repeat contain-inline-size\">\n<table data-start=\"1154\" data-end=\"1457\">\n<thead data-start=\"1154\" data-end=\"1188\">\n<tr data-start=\"1154\" data-end=\"1188\">\n<th data-start=\"1154\" data-end=\"1162\">Salle<\/th>\n<th data-start=\"1162\" data-end=\"1173\">Capacit\u00e9<\/th>\n<th data-start=\"1173\" data-end=\"1188\">\u00c9quipements<\/th>\n<\/tr>\n<\/thead>\n<tbody data-start=\"1224\" data-end=\"1457\">\n<tr data-start=\"1224\" data-end=\"1308\">\n<td>Salle de conf\u00e9rence<\/td>\n<td>Jusqu\u2019\u00e0 80 personnes<\/td>\n<td>Vid\u00e9oprojecteur, sonorisation, wifi<\/td>\n<\/tr>\n<tr data-start=\"1309\" data-end=\"1376\">\n<td>Salles de r\u00e9union<\/td>\n<td>10 \u00e0 30 personnes<\/td>\n<td>Paperboard, \u00e9cran, wifi<\/td>\n<\/tr>\n<tr data-start=\"1377\" data-end=\"1457\">\n<td>Salle de restauration<\/td>\n<td>Jusqu\u2019\u00e0 100 couverts<\/td>\n<td>Service assur\u00e9 par les \u00e9l\u00e8ves<\/td>\n<\/tr>\n<\/tbody>\n<\/table>\n<\/div>\n<p>[\/vc_column_text][\/vc_column][\/vc_row][vc_row][vc_column]\n        <div class=\"rs-heading style2  vc_custom_1775030610865  center\">\n        \t<div class=\"title-inner\">\n\t            \n\t            <h2 >R\u00e9servez votre s\u00e9minaire<\/h2>\n\t        <\/div><div class=\"description\"><p ><\/p>\n<p data-start=\"1793\" data-end=\"1862\">Pour organiser un \u00e9v\u00e9nement \u00e0 La Providence Orchies, contactez-nous :<\/p>\n<p data-start=\"1864\" data-end=\"1950\"><strong data-start=\"1867\" data-end=\"1886\"><a class=\"decorated-link cursor-pointer\" rel=\"noopener\" data-start=\"1869\" data-end=\"1884\">accueil@ndpo.fr &#8211; <\/a><\/strong><strong data-start=\"1892\" data-end=\"1910\">03 20 71 62 00<\/strong><br data-start=\"1910\" data-end=\"1913\" \/><strong data-start=\"1916\" data-end=\"1950\">Rue des glycines, 59310 Orchies<\/strong><\/p>\n<p><\/p><\/div><\/div>[\/vc_column][\/vc_row]<\/p>\n","protected":false},"excerpt":{"rendered":"<p>[vc_row][vc_column][\/vc_column][\/vc_row][vc_row][vc_column width=&#8221;1\/2&#8243;][vc_single_image image=&#8221;525&#8243; img_size=&#8221;full&#8221; css_animation=&#8221;fadeInDown&#8221;][\/vc_column][vc_column width=&#8221;1\/2&#8243;][\/vc_column][\/vc_row][vc_row][vc_column][vc_column_text] Salles modernes \u00e9quip\u00e9es de mat\u00e9riel audiovisuel Service traiteur r\u00e9alis\u00e9 par nos \u00e9l\u00e8ves en h\u00f4tellerie-restauration Accueil caf\u00e9, pauses gourmandes et d\u00e9jeuners personnalis\u00e9s Parking&#8230;<\/p>\n","protected":false},"author":4,"featured_media":0,"parent":0,"menu_order":0,"comment_status":"closed","ping_status":"closed","template":"","meta":{"footnotes":""},"class_list":["post-524","page","type-page","status-publish","hentry"],"_links":{"self":[{"href":"https:\/\/www.ndpo.fr\/restaurants-magasins\/wp-json\/wp\/v2\/pages\/524","targetHints":{"allow":["GET"]}}],"collection":[{"href":"https:\/\/www.ndpo.fr\/restaurants-magasins\/wp-json\/wp\/v2\/pages"}],"about":[{"href":"https:\/\/www.ndpo.fr\/restaurants-magasins\/wp-json\/wp\/v2\/types\/page"}],"author":[{"embeddable":true,"href":"https:\/\/www.ndpo.fr\/restaurants-magasins\/wp-json\/wp\/v2\/users\/4"}],"replies":[{"embeddable":true,"href":"https:\/\/www.ndpo.fr\/restaurants-magasins\/wp-json\/wp\/v2\/comments?post=524"}],"version-history":[{"count":11,"href":"https:\/\/www.ndpo.fr\/restaurants-magasins\/wp-json\/wp\/v2\/pages\/524\/revisions"}],"predecessor-version":[{"id":585,"href":"https:\/\/www.ndpo.fr\/restaurants-magasins\/wp-json\/wp\/v2\/pages\/524\/revisions\/585"}],"wp:attachment":[{"href":"https:\/\/www.ndpo.fr\/restaurants-magasins\/wp-json\/wp\/v2\/media?parent=524"}],"curies":[{"name":"wp","href":"https:\/\/api.w.org\/{rel}","templated":true}]}}