{"id":113,"date":"2020-08-27T14:27:46","date_gmt":"2020-08-27T12:27:46","guid":{"rendered":"https:\/\/ndpo2020.keeo.com\/ufa\/?page_id=113"},"modified":"2026-04-07T09:54:22","modified_gmt":"2026-04-07T07:54:22","slug":"cs-patisserie-de-boutique","status":"publish","type":"page","link":"https:\/\/www.ndpo.fr\/ufa\/cs-patisserie-de-boutique\/","title":{"rendered":"CS P\u00e2tisserie de boutique"},"content":{"rendered":"<p>[vc_row][vc_column]\n        <div class=\"rs-heading style2  vc_custom_1733412994945  center\">\n        \t<div class=\"title-inner\">\n\t            \n\t            <h2 >CERTIFICAT DE SPECIALISATION P\u00c2TISSERIE DE BOUTIQUE<\/h2>\n\t        <\/div><\/div>[\/vc_column][\/vc_row][vc_row][vc_column width=&#8221;2\/3&#8243;][vc_single_image image=&#8221;1428&#8243; img_size=&#8221;full&#8221;]\n        <div class=\"rs-heading    \">\n        \t<div class=\"title-inner\">\n\t            \n\t            \n\t        <\/div><div class=\"description\"><p >Le <strong><span style=\"color: #3d578c;\">Certificat de Sp\u00e9cialisation P\u00e2tisserie de Boutique<\/span> <\/strong> forme des professionnels \u00e0 la r\u00e9alisation de p\u00e2tisseries et de produits sucr\u00e9s destin\u00e9s \u00e0 la vente en boutique.<\/p>\n<p>Cette formation s\u2019adresse aux titulaires d\u2019un dipl\u00f4me en p\u00e2tisserie souhaitant renforcer leurs comp\u00e9tences techniques et cr\u00e9atives, tout en ma\u00eetrisant les exigences de qualit\u00e9, de r\u00e9gularit\u00e9 et de pr\u00e9sentation propres au m\u00e9tier.<\/p><\/div><\/div>[vc_row_inner][vc_column_inner width=&#8221;1\/3&#8243;][vc_btn title=&#8221;S&#8217;INSCRIRE&#8221; style=&#8221;custom&#8221; custom_background=&#8221;#3e5889&#8243; custom_text=&#8221;#ffffff&#8221; size=&#8221;lg&#8221; align=&#8221;center&#8221; css_animation=&#8221;fadeInDown&#8221; button_block=&#8221;true&#8221; link=&#8221;url:https%3A%2F%2Fcfajeanbosco-hdf.ymag.cloud%2Findex.php%2Fpreinscription%2Framsese%2F0597122W||target:%20_blank|&#8221;][\/vc_column_inner][vc_column_inner width=&#8221;1\/3&#8243;][vc_btn title=&#8221;FICHE FORMATION&#8221; style=&#8221;custom&#8221; custom_background=&#8221;#3e5889&#8243; custom_text=&#8221;#ffffff&#8221; size=&#8221;lg&#8221; align=&#8221;center&#8221; css_animation=&#8221;fadeInDown&#8221; button_block=&#8221;true&#8221; link=&#8221;url:https%3A%2F%2Fwww.ndpo.fr%2Fapp%2Fuploads%2Fsites%2F4%2F2026%2F03%2FCS-Patisserie-de-boutique-2026.pdf||target:%20_blank|&#8221;][\/vc_column_inner][vc_column_inner width=&#8221;1\/3&#8243;][vc_btn title=&#8221;DEMANDE IMMERSION&#8221; style=&#8221;custom&#8221; custom_background=&#8221;#3e5889&#8243; custom_text=&#8221;#ffffff&#8221; size=&#8221;lg&#8221; align=&#8221;center&#8221; css_animation=&#8221;fadeInDown&#8221; button_block=&#8221;true&#8221; link=&#8221;url:https%3A%2F%2Fwww.ndpo.fr%2Fufa%2Fimmersion%2F|title:IMMERSION|target:%20_blank|&#8221;][\/vc_column_inner][\/vc_row_inner][vc_row_inner][vc_column_inner][vc_empty_space][\/vc_column_inner][\/vc_row_inner]\n        <div class=\"rs-heading style1   \">\n        \t<div class=\"title-inner\">\n\t            \n\t            <h2 >Contenu de la formation<\/h2>\n\t        <\/div><div class=\"description\"><p >Bloc 1 : Organisation de la production<br \/>\nBloc 2 : Environnement technologique, scientifique et commercial de la production<br \/>\nBloc 3 : \u00c9valuation de l\u2019activit\u00e9 professionnelle<\/p><\/div><\/div>\n        <div class=\"rs-heading style1   \">\n        \t<div class=\"title-inner\">\n\t            \n\t            <h2 >Modalit\u00e9s, m\u00e9thodes et outils p\u00e9dagogique<\/h2>\n\t        <\/div><div class=\"description\"><p >\u2022 Formation en pr\u00e9sentiel<br \/>\n\u2022 Alternance th\u00e9orique et pratique<br \/>\n\u2022 Accompagnement et suivi individuel<br \/>\n\u2022 Intervention de professionnels<\/p><\/div><\/div>\n        <div class=\"rs-heading style1   \">\n        \t<div class=\"title-inner\">\n\t            \n\t            <h2 >Modalit\u00e9s d'\u00e9valuation<\/h2>\n\t        <\/div><div class=\"description\"><p >\u2022 \u00c9valuation tout au long de la formation<br \/>\n\u2022 Examen ponctuel en fin de formation<\/p><\/div><\/div>\n        <div class=\"rs-heading style1   \">\n        \t<div class=\"title-inner\">\n\t            \n\t            <h2 >Objectifs<\/h2>\n\t        <\/div><div class=\"description\"><p >\u2022 R\u00e9aliser des productions dans les r\u00e8gles de l\u2019art<br \/>\n\u2022 Optimiser la production<br \/>\n\u2022 Se sp\u00e9cialiser dans toutes les formes de la p\u00e2tisserie<\/p><\/div><\/div>[\/vc_column][vc_column width=&#8221;1\/3&#8243;]\n        <div class=\"rs-heading style1   \">\n        \t<div class=\"title-inner\">\n\t            \n\t            <h2 >Public concern\u00e9<\/h2>\n\t        <\/div><div class=\"description\"><p >Jeunes entre 15 et 29 ans<\/p><\/div><\/div>\n        <div class=\"rs-heading style1   \">\n        \t<div class=\"title-inner\">\n\t            \n\t            <h2 >Pr\u00e9requis<\/h2>\n\t        <\/div><div class=\"description\"><p >Titulaire d\u2019un CAP p\u00e2tissier minimum<\/p><\/div><\/div>\n        <div class=\"rs-heading style1   \">\n        \t<div class=\"title-inner\">\n\t            \n\t            <h2 >Modalit\u00e9s et d\u00e9lais d'acc\u00e8s<\/h2>\n\t        <\/div><div class=\"description\"><p >\u2022 D\u00e9p\u00f4t du dossier d&#8217;inscription<br \/>\n\u2022 Entretien de motivation<br \/>\n\u2022 Signature du contrat d&#8217;apprentissage<\/p><\/div><\/div>\n        <div class=\"rs-heading style1   \">\n        \t<div class=\"title-inner\">\n\t            \n\t            <h2 >Acc\u00e8s handicap<\/h2>\n\t        <\/div><div class=\"description\"><p ><\/p>\n<p style=\"text-align: left;\">Notre UFA et ses locaux sont accessibles aux<br \/>\napprentis en situation de handicap.<br \/>\nNotre personne ressource handicap est \u00e0 votre \u00e9coute pour am\u00e9nager la formation aux besoins :<br \/>\n<strong>Madame Rachel LIPS<\/strong><br \/>\n<strong>03 20 41 56 84<\/strong><br \/>\n<strong>cpecfa@ndpo.fr<\/strong><\/p><\/div><\/div>\n        <div class=\"rs-heading style1   \">\n        \t<div class=\"title-inner\">\n\t            \n\t            <h2 >Rythme<\/h2>\n\t        <\/div><div class=\"description\"><p >420h de formation<br \/>\n1 semaine sur 3 \u00e0 l&#8217;UFA<\/p><\/div><\/div>\n        <div class=\"rs-heading style1   \">\n        \t<div class=\"title-inner\">\n\t            \n\t            <h2 >Co\u00fbt<\/h2>\n\t        <\/div><div class=\"description\"><p >Les \u00e9tudes sont gratuites.<br \/>\nFormation \u00e0 partir de 6404\u20ac\/an<br \/>\nfinanc\u00e9e par les OPCO<\/p><\/div><\/div>\n        <div class=\"rs-heading style1   \">\n        \t<div class=\"title-inner\">\n\t            \n\t            <h2 >Taux de la session 2024 - 2025<\/h2>\n\t        <\/div><div class=\"description\"><p >\u2022 85 % Taux d&#8217;obtention du dipl\u00f4me<br \/>\n\u2022 25 % Taux de poursuite d&#8217;\u00e9tude<br \/>\n\u2022 10 % Taux d&#8217;interruption de la formation<br \/>\n\u2022 75 % Taux d&#8217;insertion professionnel \u00e0 6 mois<br \/>\n\u2022 83 % Dont taux d\u2019insertion dans l\u2019un des m\u00e9tiers vis\u00e9s par la certification<\/p><\/div><\/div>[\/vc_column][\/vc_row][vc_row][vc_column]\n        <div class=\"rs-heading style2   \">\n        \t<div class=\"title-inner\">\n\t            \n\t            <h2 >Poursuites d\u2019\u00e9tudes et d\u00e9bouch\u00e9s<\/h2>\n\t        <\/div><div class=\"description\"><p ><\/p>\n<table>\n<tbody>\n<tr>\n<td width=\"247\"><strong><u>Poursuites d\u2019\u00e9tude UFA<\/u><\/strong><\/td>\n<td width=\"225\"><strong><u>Poursuites d\u2019\u00e9tude autres<\/u><\/strong><\/td>\n<td width=\"225\"><strong><u>D\u00e9bouch\u00e9s professionnels<\/u><\/strong><\/td>\n<\/tr>\n<tr>\n<td width=\"247\">&#8211; CAP Chocolatier-confiseur<\/p>\n<p>&#8211; CS Traiteur<\/td>\n<td width=\"225\">&#8211; Baccalaur\u00e9at professionnel boulangerie-p\u00e2tisserie<\/p>\n<p>&#8211; CAP Glacier fabricant<\/td>\n<td width=\"225\">&#8211; P\u00e2tissier \/ commis en boutique<\/p>\n<p>&#8211; Chef p\u00e2tissier<\/td>\n<\/tr>\n<\/tbody>\n<\/table>\n<p><\/p><\/div><\/div>[\/vc_column][\/vc_row]<\/p>\n","protected":false},"excerpt":{"rendered":"<p>[vc_row][vc_column][\/vc_column][\/vc_row][vc_row][vc_column width=&#8221;2\/3&#8243;][vc_single_image image=&#8221;1428&#8243; img_size=&#8221;full&#8221;][vc_row_inner][vc_column_inner width=&#8221;1\/3&#8243;][vc_btn title=&#8221;S&#8217;INSCRIRE&#8221; style=&#8221;custom&#8221; custom_background=&#8221;#3e5889&#8243; custom_text=&#8221;#ffffff&#8221; size=&#8221;lg&#8221; align=&#8221;center&#8221; css_animation=&#8221;fadeInDown&#8221; button_block=&#8221;true&#8221; link=&#8221;url:https%3A%2F%2Fcfajeanbosco-hdf.ymag.cloud%2Findex.php%2Fpreinscription%2Framsese%2F0597122W||target:%20_blank|&#8221;][\/vc_column_inner][vc_column_inner width=&#8221;1\/3&#8243;][vc_btn title=&#8221;FICHE FORMATION&#8221; style=&#8221;custom&#8221; custom_background=&#8221;#3e5889&#8243; custom_text=&#8221;#ffffff&#8221; size=&#8221;lg&#8221; align=&#8221;center&#8221; css_animation=&#8221;fadeInDown&#8221; button_block=&#8221;true&#8221; link=&#8221;url:https%3A%2F%2Fwww.ndpo.fr%2Fapp%2Fuploads%2Fsites%2F4%2F2026%2F03%2FCS-Patisserie-de-boutique-2026.pdf||target:%20_blank|&#8221;][\/vc_column_inner][vc_column_inner width=&#8221;1\/3&#8243;][vc_btn title=&#8221;DEMANDE IMMERSION&#8221;&#8230;<\/p>\n","protected":false},"author":2,"featured_media":0,"parent":0,"menu_order":0,"comment_status":"closed","ping_status":"closed","template":"","meta":{"footnotes":""},"class_list":["post-113","page","type-page","status-publish","hentry"],"_links":{"self":[{"href":"https:\/\/www.ndpo.fr\/ufa\/wp-json\/wp\/v2\/pages\/113","targetHints":{"allow":["GET"]}}],"collection":[{"href":"https:\/\/www.ndpo.fr\/ufa\/wp-json\/wp\/v2\/pages"}],"about":[{"href":"https:\/\/www.ndpo.fr\/ufa\/wp-json\/wp\/v2\/types\/page"}],"author":[{"embeddable":true,"href":"https:\/\/www.ndpo.fr\/ufa\/wp-json\/wp\/v2\/users\/2"}],"replies":[{"embeddable":true,"href":"https:\/\/www.ndpo.fr\/ufa\/wp-json\/wp\/v2\/comments?post=113"}],"version-history":[{"count":32,"href":"https:\/\/www.ndpo.fr\/ufa\/wp-json\/wp\/v2\/pages\/113\/revisions"}],"predecessor-version":[{"id":1548,"href":"https:\/\/www.ndpo.fr\/ufa\/wp-json\/wp\/v2\/pages\/113\/revisions\/1548"}],"wp:attachment":[{"href":"https:\/\/www.ndpo.fr\/ufa\/wp-json\/wp\/v2\/media?parent=113"}],"curies":[{"name":"wp","href":"https:\/\/api.w.org\/{rel}","templated":true}]}}