{"id":119,"date":"2020-08-27T14:30:31","date_gmt":"2020-08-27T12:30:31","guid":{"rendered":"https:\/\/ndpo2020.keeo.com\/ufa\/?page_id=119"},"modified":"2026-04-07T09:48:55","modified_gmt":"2026-04-07T07:48:55","slug":"cap-patisserie","status":"publish","type":"page","link":"https:\/\/www.ndpo.fr\/ufa\/cap-patisserie\/","title":{"rendered":"CAP P\u00e2tisserie"},"content":{"rendered":"<p>[vc_row][vc_column]\n        <div class=\"rs-heading style2  vc_custom_1601361054518  center\">\n        \t<div class=\"title-inner\">\n\t            \n\t            <h2 >CAP P\u00e2tisserie<\/h2>\n\t        <\/div><\/div>[\/vc_column][\/vc_row][vc_row][vc_column width=&#8221;2\/3&#8243;][vc_single_image image=&#8221;1431&#8243; img_size=&#8221;full&#8221;]\n        <div class=\"rs-heading    \">\n        \t<div class=\"title-inner\">\n\t            \n\t            \n\t        <\/div><div class=\"description\"><p >Le <strong><span style=\"color: #3d578c;\">CAP P\u00e2tissier<\/span> <\/strong> permet d\u2019apprendre les techniques essentielles de la p\u00e2tisserie artisanale en alternant th\u00e9orie et pratique. La formation couvre la fabrication de g\u00e2teaux, viennoiseries, entremets et desserts, tout en d\u00e9veloppant le sens du go\u00fbt, de la pr\u00e9cision et de la cr\u00e9ativit\u00e9.<\/p>\n<p>Elle s\u2019adresse aux personnes souhaitant se former en apprentissage, acqu\u00e9rir un savoir-faire professionnel et pr\u00e9parer leur insertion dans le secteur de la p\u00e2tisserie, avec la possibilit\u00e9 de poursuivre ensuite des formations sp\u00e9cialis\u00e9es ou un Certificat de Sp\u00e9cialisation.<\/p><\/div><\/div>[vc_row_inner][vc_column_inner width=&#8221;1\/3&#8243;][vc_btn title=&#8221;S&#8217;INCRIRE&#8221; style=&#8221;custom&#8221; custom_background=&#8221;#3e5889&#8243; custom_text=&#8221;#ffffff&#8221; size=&#8221;lg&#8221; align=&#8221;center&#8221; css_animation=&#8221;fadeInDown&#8221; button_block=&#8221;true&#8221; link=&#8221;url:https%3A%2F%2Fcfajeanbosco-hdf.ymag.cloud%2Findex.php%2Fpreinscription%2Framsese%2F0597122W||target:%20_blank|&#8221;][\/vc_column_inner][vc_column_inner width=&#8221;1\/3&#8243;][vc_btn title=&#8221;FICHE FORMATION&#8221; style=&#8221;custom&#8221; custom_background=&#8221;#3e5889&#8243; custom_text=&#8221;#ffffff&#8221; size=&#8221;lg&#8221; align=&#8221;center&#8221; css_animation=&#8221;fadeInDown&#8221; button_block=&#8221;true&#8221; link=&#8221;url:https%3A%2F%2Fwww.ndpo.fr%2Fapp%2Fuploads%2Fsites%2F4%2F2026%2F03%2FCAP-Patissier-2026.pdf||target:%20_blank|&#8221;][\/vc_column_inner][vc_column_inner width=&#8221;1\/3&#8243;][vc_btn title=&#8221;DEMANDE IMMERSION&#8221; style=&#8221;custom&#8221; custom_background=&#8221;#3e5889&#8243; custom_text=&#8221;#ffffff&#8221; size=&#8221;lg&#8221; align=&#8221;center&#8221; css_animation=&#8221;fadeInDown&#8221; button_block=&#8221;true&#8221; link=&#8221;url:https%3A%2F%2Fwww.ndpo.fr%2Fufa%2Fimmersion%2F|title:IMMERSION|target:%20_blank|&#8221;][\/vc_column_inner][\/vc_row_inner][vc_row_inner][vc_column_inner][vc_empty_space][\/vc_column_inner][\/vc_row_inner]\n        <div class=\"rs-heading style1   \">\n        \t<div class=\"title-inner\">\n\t            \n\t            <h2 >Contenu de la formation<\/h2>\n\t        <\/div><div class=\"description\"><p >Bloc 1 : Tour, petits fours secs et moelleux, g\u00e2teaux de voyage<br \/>\nBloc 2 : Entremets et petits g\u00e2teaux<br \/>\nBloc 3 : Fran\u00e7ais, Histoire-g\u00e9ographies, enseignement moral et civique<br \/>\nBloc 4 : Math\u00e9matiques, Sciences physiques et chimiques<br \/>\nBloc 5 : \u00c9ducation physique et sportive<br \/>\nBloc 6 : Langue vivante obligatoire<br \/>\nBloc 7 : Arts appliqu\u00e9s et cultures artistiques<\/p><\/div><\/div>\n        <div class=\"rs-heading style1   \">\n        \t<div class=\"title-inner\">\n\t            \n\t            <h2 >Modalit\u00e9s, m\u00e9thodes et outils p\u00e9dagogique<\/h2>\n\t        <\/div><div class=\"description\"><p >\u2022 Formation en pr\u00e9sentiel<br \/>\n\u2022 Alternance th\u00e9orique et pratique<br \/>\n\u2022 Accompagnement et suivi individuel<br \/>\n\u2022 Intervention de professionnels<\/p><\/div><\/div>\n        <div class=\"rs-heading style1   \">\n        \t<div class=\"title-inner\">\n\t            \n\t            <h2 >Modalit\u00e9s d'\u00e9valuation<\/h2>\n\t        <\/div><div class=\"description\"><p >\u2022 \u00c9valuation tout au long de la formation<br \/>\n\u2022 Examen ponctuel en fin de formation<\/p><\/div><\/div>\n        <div class=\"rs-heading style1   \">\n        \t<div class=\"title-inner\">\n\t            \n\t            <h2 >Objectifs<\/h2>\n\t        <\/div><div class=\"description\"><p >\u2022\u00a0Organiser la fabrication et la pr\u00e9paration des p\u00e2tisseries<br \/>\n\u2022\u00a0Fabriquer les p\u00e2tes et les cr\u00e8mes<br \/>\n\u2022\u00a0D\u00e9corer les desserts, les pr\u00e9senter et les d\u00e9crcire<br \/>\n\u2022\u00a0Assurer la gestion des stocks<\/p><\/div><\/div>[\/vc_column][vc_column width=&#8221;1\/3&#8243;]\n        <div class=\"rs-heading style1   \">\n        \t<div class=\"title-inner\">\n\t            \n\t            <h2 >Public concern\u00e9<\/h2>\n\t        <\/div><div class=\"description\"><p >Jeunes entre 15 et 29 ans<\/p><\/div><\/div>\n        <div class=\"rs-heading style1   \">\n        \t<div class=\"title-inner\">\n\t            \n\t            <h2 >Pr\u00e9requis<\/h2>\n\t        <\/div><div class=\"description\"><p ><span class=\"Apple-converted-space\">\u00a0<\/span>L\u2019acc\u00e8s est ouvert aux \u00e9tudiants ayant un niveau scolaire de fin de 3\u00e8me.<span class=\"Apple-converted-space\">\u00a0<\/span><\/p><\/div><\/div>\n        <div class=\"rs-heading style1   \">\n        \t<div class=\"title-inner\">\n\t            \n\t            <h2 >Modalit\u00e9s et d\u00e9lais d'acc\u00e8s<\/h2>\n\t        <\/div><div class=\"description\"><p >\u2022 D\u00e9p\u00f4t du dossier d&#8217;inscription<br \/>\n\u2022 Entretien de motivation<br \/>\n\u2022 Signature du contrat d&#8217;apprentissage<\/p><\/div><\/div>\n        <div class=\"rs-heading style1   \">\n        \t<div class=\"title-inner\">\n\t            \n\t            <h2 >Acc\u00e8s handicap<\/h2>\n\t        <\/div><div class=\"description\"><p ><\/p>\n<p style=\"text-align: left;\">Notre UFA et ses locaux sont accessibles aux<br \/>\napprentis en situation de handicap.<br \/>\nNotre personne ressource handicap est \u00e0 votre \u00e9coute pour am\u00e9nager la formation aux besoins :<br \/>\n<strong>Madame Rachel LIPS<\/strong><br \/>\n<strong>03 20 41 56 84<\/strong><br \/>\n<strong>cpecfa@ndpo.fr<\/strong><\/p><\/div><\/div>\n        <div class=\"rs-heading style1   \">\n        \t<div class=\"title-inner\">\n\t            \n\t            <h2 >Rythme<\/h2>\n\t        <\/div><div class=\"description\"><p >437h de formation <i>(1<\/i><i>\u00e8re <\/i><i>ann\u00e9e) <\/i><br \/>\n463h de formation <i>(2<\/i><i>\u00e8me <\/i><i>ann\u00e9e) <\/i><br \/>\n1 semaine sur 3 \u00e0 l\u2019UFA<\/p><\/div><\/div>\n        <div class=\"rs-heading style1   \">\n        \t<div class=\"title-inner\">\n\t            \n\t            <h2 >Co\u00fbt<\/h2>\n\t        <\/div><div class=\"description\"><p >Les \u00e9tudes sont gratuites.<br \/>\nFormation \u00e0 partir de 6342\u20ac\/an<br \/>\nfinanc\u00e9e par les OPCO<\/p><\/div><\/div>\n        <div class=\"rs-heading style1   \">\n        \t<div class=\"title-inner\">\n\t            \n\t            <h2 >Taux de la session 2024 - 2025<\/h2>\n\t        <\/div><div class=\"description\"><p >\u2022 100 % Taux d&#8217;obtention du dipl\u00f4me<br \/>\n\u2022 80 % Taux de poursuite d&#8217;\u00e9tude<br \/>\n\u2022 17 % Taux d&#8217;interruption de la formation<br \/>\n\u2022 5 % Taux d&#8217;insertion professionnel \u00e0 6 mois<br \/>\n\u2022 100 % Dont taux d\u2019insertion dans l\u2019un des m\u00e9tiers vis\u00e9s par la certification<\/p><\/div><\/div>[\/vc_column][\/vc_row][vc_row][vc_column]\n        <div class=\"rs-heading style2   \">\n        \t<div class=\"title-inner\">\n\t            \n\t            <h2 >Poursuites d'\u00e9tudes et d\u00e9bouch\u00e9s<\/h2>\n\t        <\/div><div class=\"description\"><p ><\/p>\n<table>\n<tbody>\n<tr>\n<td width=\"247\"><strong><u>Poursuites d\u2019\u00e9tude UFA<\/u><\/strong><\/td>\n<td width=\"225\"><strong><u>Poursuites d\u2019\u00e9tude autres<\/u><\/strong><\/td>\n<td width=\"225\"><strong><u>D\u00e9bouch\u00e9s professionnels<\/u><\/strong><\/td>\n<\/tr>\n<tr>\n<td width=\"247\">&#8211; CAP Boulanger<\/p>\n<p>&#8211; CAP Chocolatier-confiseur<\/p>\n<p>&#8211; CS P\u00e2tisserie de boutique<\/p>\n<p>&#8211; CS Traiteur<\/td>\n<td width=\"225\">&#8211; Baccalaur\u00e9at professionnel boulangerie-p\u00e2tisserie<\/p>\n<p>&#8211; CAP Glacier fabricant<\/td>\n<td width=\"225\">&#8211; P\u00e2tissier \/ commis p\u00e2tissier<\/p>\n<p>&#8211; P\u00e2tissier en boulangerie\/p\u00e2tisserie<\/p>\n<p>&#8211; P\u00e2tissier en grande distribution<\/td>\n<\/tr>\n<\/tbody>\n<\/table>\n<p><\/p><\/div><\/div>[\/vc_column][\/vc_row]<\/p>\n","protected":false},"excerpt":{"rendered":"<p>[vc_row][vc_column][\/vc_column][\/vc_row][vc_row][vc_column width=&#8221;2\/3&#8243;][vc_single_image image=&#8221;1431&#8243; img_size=&#8221;full&#8221;][vc_row_inner][vc_column_inner width=&#8221;1\/3&#8243;][vc_btn title=&#8221;S&#8217;INCRIRE&#8221; style=&#8221;custom&#8221; custom_background=&#8221;#3e5889&#8243; custom_text=&#8221;#ffffff&#8221; size=&#8221;lg&#8221; align=&#8221;center&#8221; css_animation=&#8221;fadeInDown&#8221; button_block=&#8221;true&#8221; link=&#8221;url:https%3A%2F%2Fcfajeanbosco-hdf.ymag.cloud%2Findex.php%2Fpreinscription%2Framsese%2F0597122W||target:%20_blank|&#8221;][\/vc_column_inner][vc_column_inner width=&#8221;1\/3&#8243;][vc_btn title=&#8221;FICHE FORMATION&#8221; style=&#8221;custom&#8221; custom_background=&#8221;#3e5889&#8243; custom_text=&#8221;#ffffff&#8221; size=&#8221;lg&#8221; align=&#8221;center&#8221; css_animation=&#8221;fadeInDown&#8221; button_block=&#8221;true&#8221; link=&#8221;url:https%3A%2F%2Fwww.ndpo.fr%2Fapp%2Fuploads%2Fsites%2F4%2F2026%2F03%2FCAP-Patissier-2026.pdf||target:%20_blank|&#8221;][\/vc_column_inner][vc_column_inner width=&#8221;1\/3&#8243;][vc_btn title=&#8221;DEMANDE IMMERSION&#8221;&#8230;<\/p>\n","protected":false},"author":2,"featured_media":0,"parent":0,"menu_order":0,"comment_status":"closed","ping_status":"closed","template":"","meta":{"footnotes":""},"class_list":["post-119","page","type-page","status-publish","hentry"],"_links":{"self":[{"href":"https:\/\/www.ndpo.fr\/ufa\/wp-json\/wp\/v2\/pages\/119","targetHints":{"allow":["GET"]}}],"collection":[{"href":"https:\/\/www.ndpo.fr\/ufa\/wp-json\/wp\/v2\/pages"}],"about":[{"href":"https:\/\/www.ndpo.fr\/ufa\/wp-json\/wp\/v2\/types\/page"}],"author":[{"embeddable":true,"href":"https:\/\/www.ndpo.fr\/ufa\/wp-json\/wp\/v2\/users\/2"}],"replies":[{"embeddable":true,"href":"https:\/\/www.ndpo.fr\/ufa\/wp-json\/wp\/v2\/comments?post=119"}],"version-history":[{"count":28,"href":"https:\/\/www.ndpo.fr\/ufa\/wp-json\/wp\/v2\/pages\/119\/revisions"}],"predecessor-version":[{"id":1366,"href":"https:\/\/www.ndpo.fr\/ufa\/wp-json\/wp\/v2\/pages\/119\/revisions\/1366"}],"wp:attachment":[{"href":"https:\/\/www.ndpo.fr\/ufa\/wp-json\/wp\/v2\/media?parent=119"}],"curies":[{"name":"wp","href":"https:\/\/api.w.org\/{rel}","templated":true}]}}