{"id":121,"date":"2020-08-27T14:31:10","date_gmt":"2020-08-27T12:31:10","guid":{"rendered":"https:\/\/ndpo2020.keeo.com\/ufa\/?page_id=121"},"modified":"2026-04-07T09:55:36","modified_gmt":"2026-04-07T07:55:36","slug":"cs-boulangerie-specialisee","status":"publish","type":"page","link":"https:\/\/www.ndpo.fr\/ufa\/cs-boulangerie-specialisee\/","title":{"rendered":"CS Boulangerie sp\u00e9cialis\u00e9e"},"content":{"rendered":"<p>[vc_row][vc_column]\n        <div class=\"rs-heading style2  vc_custom_1733414473451  center\">\n        \t<div class=\"title-inner\">\n\t            \n\t            <h2 >CERTIFICAT DE SP\u00c9CIALISATION Boulangerie sp\u00e9cialis\u00e9e<\/h2>\n\t        <\/div><\/div>[\/vc_column][\/vc_row][vc_row][vc_column width=&#8221;2\/3&#8243;][vc_single_image image=&#8221;1415&#8243; img_size=&#8221;full&#8221;]\n        <div class=\"rs-heading style5  text-justify \">\n        \t<div class=\"title-inner\">\n\t            \n\t            \n\t        <\/div><div class=\"description\"><p >Le <strong><span style=\"color: #3d578c;\">Certificat de Sp\u00e9cialisation Boulangerie Sp\u00e9cialis\u00e9e<\/span> <\/strong> forme des professionnels \u00e0 la fabrication de pains et de produits boulangers sp\u00e9cifiques, tels que les pains de tradition, pains sp\u00e9ciaux ou produits de snacking.<\/p>\n<p>&nbsp;<\/p>\n<p>Cette formation s\u2019adresse aux titulaires d\u2019un dipl\u00f4me en boulangerie souhaitant approfondir leurs comp\u00e9tences techniques, d\u00e9velopper leur cr\u00e9ativit\u00e9 et ma\u00eetriser les exigences de qualit\u00e9, de r\u00e9gularit\u00e9 et d\u2019adaptation aux attentes de la client\u00e8le.<\/p><\/div><\/div>[vc_row_inner][vc_column_inner width=&#8221;1\/3&#8243;][vc_btn title=&#8221;S&#8217;INSCRIRE&#8221; style=&#8221;custom&#8221; custom_background=&#8221;#3e5889&#8243; custom_text=&#8221;#ffffff&#8221; size=&#8221;lg&#8221; align=&#8221;center&#8221; css_animation=&#8221;fadeInDown&#8221; button_block=&#8221;true&#8221; link=&#8221;url:https%3A%2F%2Fcfajeanbosco-hdf.ymag.cloud%2Findex.php%2Fpreinscription%2Framsese%2F0597122W||target:%20_blank|&#8221;][\/vc_column_inner][vc_column_inner width=&#8221;1\/3&#8243;][vc_btn title=&#8221;FICHE FORMATION&#8221; style=&#8221;custom&#8221; custom_background=&#8221;#3e5889&#8243; custom_text=&#8221;#ffffff&#8221; size=&#8221;lg&#8221; align=&#8221;center&#8221; css_animation=&#8221;fadeInDown&#8221; button_block=&#8221;true&#8221; link=&#8221;url:https%3A%2F%2Fwww.ndpo.fr%2Fapp%2Fuploads%2Fsites%2F4%2F2026%2F03%2FCS-Boul-spe-2026.pdf||target:%20_blank|&#8221;][\/vc_column_inner][vc_column_inner width=&#8221;1\/3&#8243;][vc_btn title=&#8221;DEMANDE IMMERSION&#8221; style=&#8221;custom&#8221; custom_background=&#8221;#3e5889&#8243; custom_text=&#8221;#ffffff&#8221; size=&#8221;lg&#8221; align=&#8221;center&#8221; css_animation=&#8221;fadeInDown&#8221; button_block=&#8221;true&#8221; link=&#8221;url:https%3A%2F%2Fwww.ndpo.fr%2Fufa%2Fimmersion%2F|title:IMMERSION|target:%20_blank|&#8221;][\/vc_column_inner][\/vc_row_inner][vc_row_inner][vc_column_inner][vc_empty_space][\/vc_column_inner][\/vc_row_inner]\n        <div class=\"rs-heading style1   \">\n        \t<div class=\"title-inner\">\n\t            \n\t            <h2 >Contenu de la formation<\/h2>\n\t        <\/div><div class=\"description\"><p >Bloc 1 : Fabrication d\u2019une commande<span class=\"Apple-converted-space\">\u00a0<\/span><\/p>\n<p>Bloc 2 : Technologie professionnelle<span class=\"Apple-converted-space\">\u00a0<\/span><\/p>\n<p>Bloc 3 : Sciences appliqu\u00e9es \u00e0 l\u2019alimentation, \u00e0 l\u2019hygi\u00e8ne, aux \u00e9quipements, aux locaux et \u00e0 l\u2019environnement professionnels<span class=\"Apple-converted-space\">\u00a0<\/span><\/p>\n<p>Bloc 4 : Environnement \u00e9conomique, juridique et gestion de l\u2019entreprise<span class=\"Apple-converted-space\">\u00a0<\/span><\/p>\n<p>Bloc 5 : \u00c9tude technique li\u00e9e \u00e0 l\u2019activit\u00e9 professionnelle<span class=\"Apple-converted-space\">\u00a0<\/span><\/p>\n<p>Bloc 6 : Mati\u00e8res d\u2019enseignements g\u00e9n\u00e9raux<span class=\"Apple-converted-space\">\u00a0<\/span><\/p><\/div><\/div>\n        <div class=\"rs-heading style1   \">\n        \t<div class=\"title-inner\">\n\t            \n\t            <h2 >Modalit\u00e9s, m\u00e9thodes et outils p\u00e9dagogique<\/h2>\n\t        <\/div><div class=\"description\"><p >\u2022 Formation en pr\u00e9sentiel<br \/>\n\u2022 Alternance th\u00e9orique et pratique<br \/>\n\u2022 Accompagnement et suivi individuel<br \/>\n\u2022 Intervention de professionnels<\/p><\/div><\/div>\n        <div class=\"rs-heading style1   \">\n        \t<div class=\"title-inner\">\n\t            \n\t            <h2 >Modalit\u00e9s d'\u00e9valuation<\/h2>\n\t        <\/div><div class=\"description\"><p >\u2022 \u00c9valuation tout au long de la formation<br \/>\n\u2022 Examen ponctuel en fin de formation<\/p><\/div><\/div>\n        <div class=\"rs-heading style1   \">\n        \t<div class=\"title-inner\">\n\t            \n\t            <h2 >Objectifs<\/h2>\n\t        <\/div><div class=\"description\"><p >\u2022\u00a0Panification<span class=\"Apple-converted-space\">\u00a0<\/span><\/p>\n<p>\u2022\u00a0Viennoiseries : derni\u00e8res techniques afin d\u2019optimiser la production et l\u2019organisation<span class=\"Apple-converted-space\">\u00a0<\/span><\/p>\n<p>\u2022\u00a0Restauration boulang\u00e8re<span class=\"Apple-converted-space\">\u00a0<\/span><\/p>\n<p>\u2022\u00a0La parfaite connaissance du mat\u00e9riel, des processus et des mati\u00e8res premi\u00e8res utilis\u00e9es permettant l\u2019optimisation de la production<span class=\"Apple-converted-space\">\u00a0<\/span><\/p>\n<p>\u2022\u00a0La prise en compte des contraintes \u00e9conomiques et r\u00e9glementaires et des exigences en termes de s\u00e9curit\u00e9 alimentaire, de qualit\u00e9 et de productivit\u00e9 de l\u2019entreprise<span class=\"Apple-converted-space\">\u00a0<\/span><\/p>\n<p>\u2022\u00a0La capacit\u00e9 \u00e0 animer, manager l\u2019\u00e9quipe de production et participer \u00e0 la commercialisation des produits<span class=\"Apple-converted-space\">\u00a0<\/span><\/p><\/div><\/div>[\/vc_column][vc_column width=&#8221;1\/3&#8243;]\n        <div class=\"rs-heading style1   \">\n        \t<div class=\"title-inner\">\n\t            \n\t            <h2 >Public concern\u00e9<\/h2>\n\t        <\/div><div class=\"description\"><p >Jeunes entre 15 et 29 ans<\/p><\/div><\/div>\n        <div class=\"rs-heading style1   \">\n        \t<div class=\"title-inner\">\n\t            \n\t            <h2 >Pr\u00e9requis<\/h2>\n\t        <\/div><div class=\"description\"><p ><span class=\"Apple-converted-space\">\u00a0<\/span>L\u2019acc\u00e8s est ouvert aux \u00e9tudiants ayant un CAP Boulanger, Mc Boulangerie sp\u00e9cialis\u00e9e, MC P\u00e2tisserie Boulangerie ou un Bac Pro Boulangerie-P\u00e2tisserie<span class=\"Apple-converted-space\">\u00a0<\/span><\/p><\/div><\/div>\n        <div class=\"rs-heading style1   \">\n        \t<div class=\"title-inner\">\n\t            \n\t            <h2 >Modalit\u00e9s et d\u00e9lais d'acc\u00e8s<\/h2>\n\t        <\/div><div class=\"description\"><p >\u2022 D\u00e9p\u00f4t du dossier d&#8217;inscription<br \/>\n\u2022 Entretien de motivation<br \/>\n\u2022 Signature du contrat d&#8217;apprentissage<\/p><\/div><\/div>\n        <div class=\"rs-heading style1   \">\n        \t<div class=\"title-inner\">\n\t            \n\t            <h2 >Acc\u00e8s handicap<\/h2>\n\t        <\/div><div class=\"description\"><p ><\/p>\n<p style=\"text-align: left;\">Notre UFA et ses locaux sont accessibles aux<br \/>\napprentis en situation de handicap.<br \/>\nNotre personne ressource handicap est \u00e0 votre \u00e9coute pour am\u00e9nager la formation aux besoins :<br \/>\n<strong>Madame Rachel LIPS<\/strong><br \/>\n<strong>03 20 41 56 84<\/strong><br \/>\n<strong>cpecfa@ndpo.fr<\/strong><\/p><\/div><\/div>\n        <div class=\"rs-heading style1   \">\n        \t<div class=\"title-inner\">\n\t            \n\t            <h2 >Rythme<\/h2>\n\t        <\/div><div class=\"description\"><p >455h de formation<br \/>\n1 semaine sur 3 \u00e0 l\u2019UFA<\/p><\/div><\/div>\n        <div class=\"rs-heading style1   \">\n        \t<div class=\"title-inner\">\n\t            \n\t            <h2 >Co\u00fbt<\/h2>\n\t        <\/div><div class=\"description\"><p >Les \u00e9tudes sont gratuites.<br \/>\nFormation \u00e0 partir de 6504\u20ac\/an<br \/>\nfinanc\u00e9e par les OPCO<\/p><\/div><\/div>\n        <div class=\"rs-heading style1   \">\n        \t<div class=\"title-inner\">\n\t            \n\t            <h2 >Taux de la session 2024 - 2025<\/h2>\n\t        <\/div><div class=\"description\"><p >\u2022 73 % Taux d&#8217;obtention du dipl\u00f4me<br \/>\n\u2022 100 % Taux de poursuite d&#8217;\u00e9tude<br \/>\n\u2022 21 % Taux d&#8217;interruption de la formation<br \/>\n\u2022 27 % Taux d&#8217;insertion professionnel \u00e0 6 mois<br \/>\n\u2022 100 % Dont taux d\u2019insertion dans l\u2019un des m\u00e9tiers vis\u00e9s par la certification<\/p><\/div><\/div>[\/vc_column][\/vc_row][vc_row][vc_column]\n        <div class=\"rs-heading style2   \">\n        \t<div class=\"title-inner\">\n\t            \n\t            <h2 >Poursuites d\u2019\u00e9tudes et d\u00e9bouch\u00e9s<\/h2>\n\t        <\/div><div class=\"description\"><p ><\/p>\n<table>\n<tbody>\n<tr>\n<td width=\"247\"><strong><u>Poursuites d\u2019\u00e9tude UFA<\/u><\/strong><\/td>\n<td width=\"225\"><strong><u>Poursuites d\u2019\u00e9tude autres<\/u><\/strong><\/td>\n<td width=\"225\"><strong><u>D\u00e9bouch\u00e9s professionnels<\/u><\/strong><\/td>\n<\/tr>\n<tr>\n<td width=\"247\">&#8211; BP Boulanger<\/p>\n<p>&#8211; CS Traiteur<\/p>\n<p>&#8211; CAP P\u00e2tissier<\/p>\n<p>&nbsp;<\/td>\n<td width=\"225\">&#8211; Baccalaur\u00e9at professionnel boulangerie-p\u00e2tisserie<\/td>\n<td width=\"225\"><\/td>\n<\/tr>\n<\/tbody>\n<\/table>\n<p><\/p><\/div><\/div>[\/vc_column][\/vc_row]<\/p>\n","protected":false},"excerpt":{"rendered":"<p>[vc_row][vc_column][\/vc_column][\/vc_row][vc_row][vc_column width=&#8221;2\/3&#8243;][vc_single_image image=&#8221;1415&#8243; img_size=&#8221;full&#8221;][vc_row_inner][vc_column_inner width=&#8221;1\/3&#8243;][vc_btn title=&#8221;S&#8217;INSCRIRE&#8221; style=&#8221;custom&#8221; custom_background=&#8221;#3e5889&#8243; custom_text=&#8221;#ffffff&#8221; size=&#8221;lg&#8221; align=&#8221;center&#8221; css_animation=&#8221;fadeInDown&#8221; button_block=&#8221;true&#8221; link=&#8221;url:https%3A%2F%2Fcfajeanbosco-hdf.ymag.cloud%2Findex.php%2Fpreinscription%2Framsese%2F0597122W||target:%20_blank|&#8221;][\/vc_column_inner][vc_column_inner width=&#8221;1\/3&#8243;][vc_btn title=&#8221;FICHE FORMATION&#8221; style=&#8221;custom&#8221; custom_background=&#8221;#3e5889&#8243; custom_text=&#8221;#ffffff&#8221; size=&#8221;lg&#8221; align=&#8221;center&#8221; css_animation=&#8221;fadeInDown&#8221; button_block=&#8221;true&#8221; link=&#8221;url:https%3A%2F%2Fwww.ndpo.fr%2Fapp%2Fuploads%2Fsites%2F4%2F2026%2F03%2FCS-Boul-spe-2026.pdf||target:%20_blank|&#8221;][\/vc_column_inner][vc_column_inner width=&#8221;1\/3&#8243;][vc_btn title=&#8221;DEMANDE IMMERSION&#8221;&#8230;<\/p>\n","protected":false},"author":2,"featured_media":0,"parent":0,"menu_order":0,"comment_status":"closed","ping_status":"closed","template":"","meta":{"footnotes":""},"class_list":["post-121","page","type-page","status-publish","hentry"],"_links":{"self":[{"href":"https:\/\/www.ndpo.fr\/ufa\/wp-json\/wp\/v2\/pages\/121","targetHints":{"allow":["GET"]}}],"collection":[{"href":"https:\/\/www.ndpo.fr\/ufa\/wp-json\/wp\/v2\/pages"}],"about":[{"href":"https:\/\/www.ndpo.fr\/ufa\/wp-json\/wp\/v2\/types\/page"}],"author":[{"embeddable":true,"href":"https:\/\/www.ndpo.fr\/ufa\/wp-json\/wp\/v2\/users\/2"}],"replies":[{"embeddable":true,"href":"https:\/\/www.ndpo.fr\/ufa\/wp-json\/wp\/v2\/comments?post=121"}],"version-history":[{"count":28,"href":"https:\/\/www.ndpo.fr\/ufa\/wp-json\/wp\/v2\/pages\/121\/revisions"}],"predecessor-version":[{"id":1549,"href":"https:\/\/www.ndpo.fr\/ufa\/wp-json\/wp\/v2\/pages\/121\/revisions\/1549"}],"wp:attachment":[{"href":"https:\/\/www.ndpo.fr\/ufa\/wp-json\/wp\/v2\/media?parent=121"}],"curies":[{"name":"wp","href":"https:\/\/api.w.org\/{rel}","templated":true}]}}