{"id":129,"date":"2020-08-27T14:34:08","date_gmt":"2020-08-27T12:34:08","guid":{"rendered":"https:\/\/ndpo2020.keeo.com\/ufa\/?page_id=129"},"modified":"2026-04-07T09:28:29","modified_gmt":"2026-04-07T07:28:29","slug":"cap-cuisine","status":"publish","type":"page","link":"https:\/\/www.ndpo.fr\/ufa\/cap-cuisine\/","title":{"rendered":"CAP Cuisine"},"content":{"rendered":"<p>[vc_row][vc_column]\n        <div class=\"rs-heading style2  vc_custom_1601370518135  center\">\n        \t<div class=\"title-inner\">\n\t            \n\t            <h2 >CAP Cuisine<\/h2>\n\t        <\/div><\/div>[\/vc_column][\/vc_row][vc_row][vc_column width=&#8221;2\/3&#8243;][vc_single_image image=&#8221;1133&#8243; img_size=&#8221;800&#215;800&#8243;]\n        <div class=\"rs-heading style5  text-justify \">\n        \t<div class=\"title-inner\">\n\t            \n\t            \n\t        <\/div><div class=\"description\"><p >Le <strong><span style=\"color: #3d578c;\">CAP Cuisine<\/span> <\/strong> forme aux bases du m\u00e9tier de cuisinier en restauration traditionnelle, collective ou commerciale. La formation permet d\u2019acqu\u00e9rir les techniques culinaires essentielles, les r\u00e8gles d\u2019hygi\u00e8ne et de s\u00e9curit\u00e9 alimentaire, ainsi que l\u2019organisation du travail en cuisine.<\/p>\n<p>Elle s\u2019adresse aux personnes souhaitant se former aux fondamentaux de la cuisine et int\u00e9grer rapidement le monde professionnel ou poursuivre un parcours de formation en cuisine.<\/p><\/div><\/div>[vc_row_inner][vc_column_inner width=&#8221;1\/3&#8243;][vc_btn title=&#8221;S&#8217;INSCRIRE&#8221; style=&#8221;custom&#8221; custom_background=&#8221;#3e5889&#8243; custom_text=&#8221;#ffffff&#8221; size=&#8221;lg&#8221; align=&#8221;center&#8221; css_animation=&#8221;fadeInDown&#8221; button_block=&#8221;true&#8221; link=&#8221;url:https%3A%2F%2Fcfajeanbosco-hdf.ymag.cloud%2Findex.php%2Fpreinscription%2Framsese%2F0597122W||target:%20_blank|&#8221;][\/vc_column_inner][vc_column_inner width=&#8221;1\/3&#8243;][vc_btn title=&#8221;FICHE FORMATION&#8221; style=&#8221;custom&#8221; custom_background=&#8221;#3e5889&#8243; custom_text=&#8221;#ffffff&#8221; size=&#8221;lg&#8221; align=&#8221;center&#8221; css_animation=&#8221;fadeInDown&#8221; button_block=&#8221;true&#8221; link=&#8221;url:https%3A%2F%2Fwww.ndpo.fr%2Fapp%2Fuploads%2Fsites%2F4%2F2026%2F03%2FCAP-Cuisine-2026.pdf||target:%20_blank|&#8221;][\/vc_column_inner][vc_column_inner width=&#8221;1\/3&#8243;][vc_btn title=&#8221;DEMANDE IMMERSION&#8221; style=&#8221;custom&#8221; custom_background=&#8221;#3e5889&#8243; custom_text=&#8221;#ffffff&#8221; size=&#8221;lg&#8221; align=&#8221;center&#8221; css_animation=&#8221;fadeInDown&#8221; button_block=&#8221;true&#8221; link=&#8221;url:https%3A%2F%2Fwww.ndpo.fr%2Fufa%2Fimmersion%2F|title:IMMERSION|target:%20_blank|&#8221;][\/vc_column_inner][\/vc_row_inner][vc_row_inner][vc_column_inner][vc_empty_space][\/vc_column_inner][\/vc_row_inner]\n        <div class=\"rs-heading style1   \">\n        \t<div class=\"title-inner\">\n\t            \n\t            <h2 >Contenu de la formation<\/h2>\n\t        <\/div><div class=\"description\"><p >Bloc 1 : Participer aux op\u00e9rations d\u2019approvisionnements et de stockage<br \/>\nBloc 2 : Contribuer \u00e0 l\u2019organisation d\u2019une production culinaire<br \/>\nBloc 3 : Organiser le poste de travail tout au long de l\u2019activit\u00e9 de cuisine<br \/>\nBloc 4 : Mettre en oeuvre les techniques de bases et cuisiner<br \/>\nBloc 5 : Contr\u00f4ler, dresser et envoyer sa production culinaire<br \/>\nBloc 6 : Communiquer dans un contexte professionnel<\/p><\/div><\/div>\n        <div class=\"rs-heading style1   \">\n        \t<div class=\"title-inner\">\n\t            \n\t            <h2 >Modalit\u00e9s, m\u00e9thodes et outils p\u00e9dagogique<\/h2>\n\t        <\/div><div class=\"description\"><p >\u2022 Formation en pr\u00e9sentiel<br \/>\n\u2022 Alternance th\u00e9orique et pratique<br \/>\n\u2022 Accompagnement et suivi individuel<br \/>\n\u2022 Intervention de professionnels<\/p><\/div><\/div>\n        <div class=\"rs-heading style1   \">\n        \t<div class=\"title-inner\">\n\t            \n\t            <h2 >Modalit\u00e9s d'\u00e9valuation<\/h2>\n\t        <\/div><div class=\"description\"><p >\u2022 \u00c9valuation tout au long de la formation<br \/>\n\u2022 Examen ponctuel en fin de formation<\/p><\/div><\/div>\n        <div class=\"rs-heading style1   \">\n        \t<div class=\"title-inner\">\n\t            \n\t            <h2 >Objectifs<\/h2>\n\t        <\/div><div class=\"description\"><p >\u2022\u00a0Remplir rapidement les fonctions d\u2019un.e employ\u00e9.e dans le domaine de la restauration d\u2019h\u00f4tellerie et de collectivit\u00e9<br \/>\n\u2022\u00a0Mettre en oeuvre les techniques de pr\u00e9paration d\u2019une s\u00e9rie de plats : hors d\u2019oeuvre, potage, plats principaux, l\u00e9gumes, desserts &#8230;<br \/>\n\u2022\u00a0Respecter les r\u00e8gles d\u2019hygi\u00e8ne et la s\u00e9curit\u00e9 alimentaire<\/p><\/div><\/div>[\/vc_column][vc_column width=&#8221;1\/3&#8243;]\n        <div class=\"rs-heading style1   \">\n        \t<div class=\"title-inner\">\n\t            \n\t            <h2 >Public concern\u00e9<\/h2>\n\t        <\/div><div class=\"description\"><p >Jeunes entre 15 et 29 ans<\/p><\/div><\/div>\n        <div class=\"rs-heading style1   \">\n        \t<div class=\"title-inner\">\n\t            \n\t            <h2 >Pr\u00e9requis<\/h2>\n\t        <\/div><div class=\"description\"><p ><span class=\"Apple-converted-space\">\u00a0<\/span>L\u2019acc\u00e8s est ouvert aux \u00e9tudiants ayant un niveau scolaire de fin de 3\u00e8me.<span class=\"Apple-converted-space\">\u00a0<\/span><\/p><\/div><\/div>\n        <div class=\"rs-heading style1   \">\n        \t<div class=\"title-inner\">\n\t            \n\t            <h2 >Modalit\u00e9s et d\u00e9lais d'acc\u00e8s<\/h2>\n\t        <\/div><div class=\"description\"><p >\u2022 D\u00e9p\u00f4t du dossier d&#8217;inscription<br \/>\n\u2022 Entretien de motivation<br \/>\n\u2022 Signature du contrat d&#8217;apprentissage<\/p><\/div><\/div>\n        <div class=\"rs-heading style1   \">\n        \t<div class=\"title-inner\">\n\t            \n\t            <h2 >Acc\u00e8s handicap<\/h2>\n\t        <\/div><div class=\"description\"><p ><\/p>\n<p style=\"text-align: left;\">Notre UFA et ses locaux sont accessibles aux<br \/>\napprentis en situation de handicap.<br \/>\nNotre personne ressource handicap est \u00e0 votre \u00e9coute pour am\u00e9nager la formation aux besoins :<br \/>\n<strong>Madame Rachel LIPS<\/strong><br \/>\n<strong>03 20 41 56 84<\/strong><br \/>\n<strong>cpecfa@ndpo.fr<\/strong><\/p><\/div><\/div>\n        <div class=\"rs-heading style1   \">\n        \t<div class=\"title-inner\">\n\t            \n\t            <h2 >Rythme<\/h2>\n\t        <\/div><div class=\"description\"><p >437h de formation <i>(1<\/i><i>\u00e8re <\/i><i>ann\u00e9e) <\/i><br \/>\n463h de formation <i>(2<\/i><i>\u00e8me <\/i><i>ann\u00e9e) <\/i><br \/>\n2 jours par semaine \u00e0 l\u2019UFA<span class=\"Apple-converted-space\">\u00a0<\/span><\/p><\/div><\/div>\n        <div class=\"rs-heading style1   \">\n        \t<div class=\"title-inner\">\n\t            \n\t            <h2 >Co\u00fbt<\/h2>\n\t        <\/div><div class=\"description\"><p >Les \u00e9tudes sont gratuites.<br \/>\nFormation \u00e0 partir de 5888\u20ac\/an<br \/>\nfinanc\u00e9e par les OPCO<\/p><\/div><\/div>\n        <div class=\"rs-heading style1   \">\n        \t<div class=\"title-inner\">\n\t            \n\t            <h2 >Taux de la session 2024 - 2025<\/h2>\n\t        <\/div><div class=\"description\"><p >\u2022 90 % Taux d&#8217;obtention du dipl\u00f4me<br \/>\n\u2022 67 % Taux de poursuite d&#8217;\u00e9tude<br \/>\n\u2022 9 % Taux d&#8217;interruption de la formation<br \/>\n\u2022 33 % Taux d&#8217;insertion professionnel \u00e0 6 mois<br \/>\n\u2022 67 % Dont taux d\u2019insertion dans l\u2019un des m\u00e9tiers vis\u00e9s par la certification<\/p><\/div><\/div>[\/vc_column][\/vc_row][vc_row][vc_column]\n        <div class=\"rs-heading style2   \">\n        \t<div class=\"title-inner\">\n\t            \n\t            <h2 >Poursuites d'\u00e9tudes et d\u00e9bouch\u00e9s<\/h2>\n\t        <\/div><div class=\"description\"><p ><\/p>\n<table>\n<tbody>\n<tr>\n<td width=\"247\"><strong><u>Poursuites d\u2019\u00e9tude UFA<\/u><\/strong><\/td>\n<td width=\"225\"><strong><u>Poursuites d\u2019\u00e9tude autres<\/u><\/strong><\/td>\n<td width=\"225\"><strong><u>D\u00e9bouch\u00e9s professionnels<\/u><\/strong><\/td>\n<\/tr>\n<tr>\n<td width=\"247\">&#8211; CS Dessert de restaurant<\/p>\n<p>&#8211; CS Traiteur<\/p>\n<p>&#8211; BP Arts de la cuisine<\/td>\n<td width=\"225\">&#8211; Baccalaur\u00e9at professionnel cuisine<\/p>\n<p>&#8211; CAP Charcutier-traiteur<\/td>\n<td width=\"225\">&#8211; Commis de cuisine<\/p>\n<p>&#8211; Cuisinier<\/p>\n<p>&#8211; Aide-cuisinier<\/p>\n<p>&#8211; Employ\u00e9 de restauration collective<\/td>\n<\/tr>\n<\/tbody>\n<\/table>\n<p><\/p><\/div><\/div>[\/vc_column][\/vc_row]<\/p>\n","protected":false},"excerpt":{"rendered":"<p>[vc_row][vc_column][\/vc_column][\/vc_row][vc_row][vc_column width=&#8221;2\/3&#8243;][vc_single_image image=&#8221;1133&#8243; img_size=&#8221;800&#215;800&#8243;][vc_row_inner][vc_column_inner width=&#8221;1\/3&#8243;][vc_btn title=&#8221;S&#8217;INSCRIRE&#8221; style=&#8221;custom&#8221; custom_background=&#8221;#3e5889&#8243; custom_text=&#8221;#ffffff&#8221; size=&#8221;lg&#8221; align=&#8221;center&#8221; css_animation=&#8221;fadeInDown&#8221; button_block=&#8221;true&#8221; link=&#8221;url:https%3A%2F%2Fcfajeanbosco-hdf.ymag.cloud%2Findex.php%2Fpreinscription%2Framsese%2F0597122W||target:%20_blank|&#8221;][\/vc_column_inner][vc_column_inner width=&#8221;1\/3&#8243;][vc_btn title=&#8221;FICHE FORMATION&#8221; style=&#8221;custom&#8221; custom_background=&#8221;#3e5889&#8243; custom_text=&#8221;#ffffff&#8221; size=&#8221;lg&#8221; align=&#8221;center&#8221; css_animation=&#8221;fadeInDown&#8221; button_block=&#8221;true&#8221; link=&#8221;url:https%3A%2F%2Fwww.ndpo.fr%2Fapp%2Fuploads%2Fsites%2F4%2F2026%2F03%2FCAP-Cuisine-2026.pdf||target:%20_blank|&#8221;][\/vc_column_inner][vc_column_inner width=&#8221;1\/3&#8243;][vc_btn title=&#8221;DEMANDE IMMERSION&#8221;&#8230;<\/p>\n","protected":false},"author":2,"featured_media":0,"parent":0,"menu_order":0,"comment_status":"closed","ping_status":"closed","template":"","meta":{"footnotes":""},"class_list":["post-129","page","type-page","status-publish","hentry"],"_links":{"self":[{"href":"https:\/\/www.ndpo.fr\/ufa\/wp-json\/wp\/v2\/pages\/129","targetHints":{"allow":["GET"]}}],"collection":[{"href":"https:\/\/www.ndpo.fr\/ufa\/wp-json\/wp\/v2\/pages"}],"about":[{"href":"https:\/\/www.ndpo.fr\/ufa\/wp-json\/wp\/v2\/types\/page"}],"author":[{"embeddable":true,"href":"https:\/\/www.ndpo.fr\/ufa\/wp-json\/wp\/v2\/users\/2"}],"replies":[{"embeddable":true,"href":"https:\/\/www.ndpo.fr\/ufa\/wp-json\/wp\/v2\/comments?post=129"}],"version-history":[{"count":28,"href":"https:\/\/www.ndpo.fr\/ufa\/wp-json\/wp\/v2\/pages\/129\/revisions"}],"predecessor-version":[{"id":1535,"href":"https:\/\/www.ndpo.fr\/ufa\/wp-json\/wp\/v2\/pages\/129\/revisions\/1535"}],"wp:attachment":[{"href":"https:\/\/www.ndpo.fr\/ufa\/wp-json\/wp\/v2\/media?parent=129"}],"curies":[{"name":"wp","href":"https:\/\/api.w.org\/{rel}","templated":true}]}}