{"id":1380,"date":"2026-01-28T10:37:05","date_gmt":"2026-01-28T09:37:05","guid":{"rendered":"https:\/\/www.ndpo.fr\/ufa\/?page_id=1380"},"modified":"2026-04-07T09:41:31","modified_gmt":"2026-04-07T07:41:31","slug":"cs-desserts-de-restaurant","status":"publish","type":"page","link":"https:\/\/www.ndpo.fr\/ufa\/cs-desserts-de-restaurant\/","title":{"rendered":"CS Desserts de Restaurant"},"content":{"rendered":"<p>[vc_row][vc_column]\n        <div class=\"rs-heading style2  vc_custom_1769592937106  center\">\n        \t<div class=\"title-inner\">\n\t            \n\t            <h2 >CERTIFICAT DE SPECIALISATION DESSERTS DE RESTAURANT<\/h2>\n\t        <\/div><\/div>[\/vc_column][\/vc_row][vc_row][vc_column width=&#8221;2\/3&#8243;][vc_single_image image=&#8221;1447&#8243; img_size=&#8221;full&#8221;]\n        <div class=\"rs-heading    \">\n        \t<div class=\"title-inner\">\n\t            \n\t            \n\t        <\/div><div class=\"description\"><p >Le Certificat de Sp\u00e9cialisation Desserts de Restaurant forme des professionnels \u00e0 la r\u00e9alisation de desserts \u00e0 l\u2019assiette et de cr\u00e9ations sucr\u00e9es adapt\u00e9es au service en restauration.<\/p>\n<p>Il permet de perfectionner les comp\u00e9tences techniques et cr\u00e9atives en p\u00e2tisserie, en tenant compte des contraintes du service et de la saisonnalit\u00e9.<\/p>\n<p>Elle s\u2019adresse aux passionn\u00e9s souhaitant se perfectionner et valoriser leur savoir-faire dans le domaine des desserts gastronomiques.<\/p><\/div><\/div>[vc_row_inner][vc_column_inner width=&#8221;1\/3&#8243;][vc_btn title=&#8221;S&#8217;INSCRIRE&#8221; style=&#8221;custom&#8221; custom_background=&#8221;#3e5889&#8243; custom_text=&#8221;#ffffff&#8221; size=&#8221;lg&#8221; align=&#8221;center&#8221; css_animation=&#8221;fadeInDown&#8221; button_block=&#8221;true&#8221; link=&#8221;url:https%3A%2F%2Fcfajeanbosco-hdf.ymag.cloud%2Findex.php%2Fpreinscription%2Framsese%2F0597122W||target:%20_blank|&#8221;][\/vc_column_inner][vc_column_inner width=&#8221;1\/3&#8243;][vc_btn title=&#8221;FICHE FORMATION&#8221; style=&#8221;custom&#8221; custom_background=&#8221;#3e5889&#8243; custom_text=&#8221;#ffffff&#8221; size=&#8221;lg&#8221; align=&#8221;center&#8221; css_animation=&#8221;fadeInDown&#8221; button_block=&#8221;true&#8221; link=&#8221;url:https%3A%2F%2Fwww.ndpo.fr%2Fapp%2Fuploads%2Fsites%2F4%2F2026%2F04%2FCS-Dessert-de-restaurant-2026.pdf|title:CS%20DESSERT%20DE%20RESTAURANT|target:%20_blank|&#8221;][\/vc_column_inner][vc_column_inner width=&#8221;1\/3&#8243;][vc_btn title=&#8221;DEMANDE IMMERSION&#8221; style=&#8221;custom&#8221; custom_background=&#8221;#3e5889&#8243; custom_text=&#8221;#ffffff&#8221; size=&#8221;lg&#8221; align=&#8221;center&#8221; css_animation=&#8221;fadeInDown&#8221; button_block=&#8221;true&#8221; link=&#8221;url:https%3A%2F%2Fwww.ndpo.fr%2Fufa%2Fimmersion%2F|title:IMMERSION|target:%20_blank|&#8221;][\/vc_column_inner][\/vc_row_inner][vc_row_inner][vc_column_inner][vc_empty_space][\/vc_column_inner][\/vc_row_inner]\n        <div class=\"rs-heading style1   \">\n        \t<div class=\"title-inner\">\n\t            \n\t            <h2 >Contenu de la formation<\/h2>\n\t        <\/div><div class=\"description\"><p >&#8211; Bloc 1 : Produire et envoyer des desserts<br \/>\n&#8211; Bloc 2 : Optimiser et g\u00e9rer la production des desserts<\/p><\/div><\/div>\n        <div class=\"rs-heading style1   \">\n        \t<div class=\"title-inner\">\n\t            \n\t            <h2 >Modalit\u00e9s, m\u00e9thodes et outils p\u00e9dagogique<\/h2>\n\t        <\/div><div class=\"description\"><p >\u2022 Formation en pr\u00e9sentiel<br \/>\n\u2022 Alternance th\u00e9orique et pratique<br \/>\n\u2022 Accompagnement et suivi individuel<br \/>\n\u2022 Intervention de professionnels<\/p><\/div><\/div>\n        <div class=\"rs-heading style1   \">\n        \t<div class=\"title-inner\">\n\t            \n\t            <h2 >Modalit\u00e9s d'\u00e9valuation<\/h2>\n\t        <\/div><div class=\"description\"><p >\u2022 \u00c9valuation tout au long de la formation<br \/>\n\u2022 Examen ponctuel en fin de formation<\/p><\/div><\/div>\n        <div class=\"rs-heading style1   \">\n        \t<div class=\"title-inner\">\n\t            \n\t            <h2 >Objectifs<\/h2>\n\t        <\/div><div class=\"description\"><p ><\/p>\n<ul>\n<li>Produire des desserts de restaurant<\/li>\n<li>Dresser, envoyer des desserts et savoir communiquer au cours du service<\/li>\n<li>Participer \u00e0 l\u2019\u00e9laboration de la carte des desserts<\/li>\n<li>Participer aux approvisionnements<\/li>\n<li>Mettre en oeuvre des r\u00e8gles d\u2019hygi\u00e8ne, de s\u00e9curit\u00e9 au travail et de gestion durable des ressources<\/li>\n<\/ul>\n<p><\/p><\/div><\/div>[\/vc_column][vc_column width=&#8221;1\/3&#8243;]\n        <div class=\"rs-heading style1   \">\n        \t<div class=\"title-inner\">\n\t            \n\t            <h2 >Public concern\u00e9<\/h2>\n\t        <\/div><div class=\"description\"><p >Jeunes entre 15 et 29 ans<\/p><\/div><\/div>\n        <div class=\"rs-heading style1   \">\n        \t<div class=\"title-inner\">\n\t            \n\t            <h2 >Pr\u00e9requis<\/h2>\n\t        <\/div><div class=\"description\"><p >L\u2019acc\u00e8s est ouvert aux \u00e9tudiants de l\u2019enseignement h\u00f4telier<br \/>\net m\u00e9tiers de bouche du CAP au BTS option cuisine<\/p><\/div><\/div>\n        <div class=\"rs-heading style1   \">\n        \t<div class=\"title-inner\">\n\t            \n\t            <h2 >Modalit\u00e9s et d\u00e9lais d'acc\u00e8s<\/h2>\n\t        <\/div><div class=\"description\"><p >\u2022 D\u00e9p\u00f4t du dossier d&#8217;inscription<br \/>\n\u2022 Entretien de motivation<br \/>\n\u2022 Signature du contrat d&#8217;apprentissage<\/p><\/div><\/div>\n        <div class=\"rs-heading style1   \">\n        \t<div class=\"title-inner\">\n\t            \n\t            <h2 >Acc\u00e8s handicap<\/h2>\n\t        <\/div><div class=\"description\"><p ><\/p>\n<p style=\"text-align: left;\">Notre UFA et ses locaux sont accessibles aux<br \/>\napprentis en situation de handicap.<br \/>\nNotre personne ressource handicap est \u00e0 votre \u00e9coute pour am\u00e9nager la formation aux besoins :<br \/>\n<strong>Madame Rachel LIPS<\/strong><br \/>\n<strong>03 20 41 56 84<\/strong><br \/>\n<strong>cpecfa@ndpo.fr<\/strong><\/p><\/div><\/div>\n        <div class=\"rs-heading style1   \">\n        \t<div class=\"title-inner\">\n\t            \n\t            <h2 >Rythme<\/h2>\n\t        <\/div><div class=\"description\"><p >420h de formation<br \/>\n1 semaine sur 3 \u00e0 l&#8217;UFA<\/p><\/div><\/div>\n        <div class=\"rs-heading style1   \">\n        \t<div class=\"title-inner\">\n\t            \n\t            <h2 >Co\u00fbt<\/h2>\n\t        <\/div><div class=\"description\"><p >Les \u00e9tudes sont gratuites.<br \/>\nFormation \u00e0 partir de 7496\u20ac\/an<br \/>\nfinanc\u00e9e par les OPCO<\/p><\/div><\/div>\n        <div class=\"rs-heading style1   \">\n        \t<div class=\"title-inner\">\n\t            \n\t            <h2 >Taux de la session 2025 - 2026<\/h2>\n\t        <\/div><div class=\"description\"><p >\u2022 NE % Taux d&#8217;obtention du dipl\u00f4me<br \/>\n\u2022 NE % Taux de poursuite d&#8217;\u00e9tude<br \/>\n\u2022 NE % Taux d&#8217;interruption de la formation<br \/>\n\u2022 NE % Taux d&#8217;insertion professionnel \u00e0 6 mois<br \/>\n\u2022 NE % Dont taux d\u2019insertion dans l\u2019un des m\u00e9tiers vis\u00e9s par la certification<\/p><\/div><\/div>[\/vc_column][\/vc_row][vc_row][vc_column]\n        <div class=\"rs-heading style2   \">\n        \t<div class=\"title-inner\">\n\t            \n\t            <h2 >Poursuites d\u2019\u00e9tude et d\u00e9bouch\u00e9s<\/h2>\n\t        <\/div><div class=\"description\"><p ><\/p>\n<table>\n<tbody>\n<tr>\n<td width=\"247\"><strong><u>Poursuites d\u2019\u00e9tude UFA<\/u><\/strong><\/td>\n<td width=\"225\"><strong><u>Poursuites d\u2019\u00e9tude autres<\/u><\/strong><\/td>\n<td width=\"225\"><strong><u>D\u00e9bouch\u00e9s professionnels<\/u><\/strong><\/td>\n<\/tr>\n<tr>\n<td width=\"247\">&#8211; BP Arts de la cuisine<\/p>\n<p>&#8211; CAP P\u00e2tissier<\/td>\n<td width=\"225\">&#8211; Baccalaur\u00e9at professionnel cuisine<\/p>\n<p>&nbsp;<\/td>\n<td width=\"225\">&#8211; Commis p\u00e2tissier \/ dessert<\/p>\n<p>&#8211; Chef de partie dessert<\/p>\n<p>&#8211; P\u00e2tissier de restaurant<\/p>\n<p>&#8211; Responsable de production desserts<\/td>\n<\/tr>\n<\/tbody>\n<\/table>\n<p><\/p><\/div><\/div>[\/vc_column][\/vc_row]<\/p>\n","protected":false},"excerpt":{"rendered":"<p>[vc_row][vc_column][\/vc_column][\/vc_row][vc_row][vc_column width=&#8221;2\/3&#8243;][vc_single_image image=&#8221;1447&#8243; img_size=&#8221;full&#8221;][vc_row_inner][vc_column_inner width=&#8221;1\/3&#8243;][vc_btn title=&#8221;S&#8217;INSCRIRE&#8221; style=&#8221;custom&#8221; custom_background=&#8221;#3e5889&#8243; custom_text=&#8221;#ffffff&#8221; size=&#8221;lg&#8221; align=&#8221;center&#8221; css_animation=&#8221;fadeInDown&#8221; button_block=&#8221;true&#8221; link=&#8221;url:https%3A%2F%2Fcfajeanbosco-hdf.ymag.cloud%2Findex.php%2Fpreinscription%2Framsese%2F0597122W||target:%20_blank|&#8221;][\/vc_column_inner][vc_column_inner width=&#8221;1\/3&#8243;][vc_btn title=&#8221;FICHE FORMATION&#8221; style=&#8221;custom&#8221; custom_background=&#8221;#3e5889&#8243; custom_text=&#8221;#ffffff&#8221; size=&#8221;lg&#8221; align=&#8221;center&#8221; css_animation=&#8221;fadeInDown&#8221; button_block=&#8221;true&#8221; link=&#8221;url:https%3A%2F%2Fwww.ndpo.fr%2Fapp%2Fuploads%2Fsites%2F4%2F2026%2F04%2FCS-Dessert-de-restaurant-2026.pdf|title:CS%20DESSERT%20DE%20RESTAURANT|target:%20_blank|&#8221;][\/vc_column_inner][vc_column_inner width=&#8221;1\/3&#8243;][vc_btn title=&#8221;DEMANDE IMMERSION&#8221;&#8230;<\/p>\n","protected":false},"author":4,"featured_media":0,"parent":0,"menu_order":0,"comment_status":"closed","ping_status":"closed","template":"","meta":{"footnotes":""},"class_list":["post-1380","page","type-page","status-publish","hentry"],"_links":{"self":[{"href":"https:\/\/www.ndpo.fr\/ufa\/wp-json\/wp\/v2\/pages\/1380","targetHints":{"allow":["GET"]}}],"collection":[{"href":"https:\/\/www.ndpo.fr\/ufa\/wp-json\/wp\/v2\/pages"}],"about":[{"href":"https:\/\/www.ndpo.fr\/ufa\/wp-json\/wp\/v2\/types\/page"}],"author":[{"embeddable":true,"href":"https:\/\/www.ndpo.fr\/ufa\/wp-json\/wp\/v2\/users\/4"}],"replies":[{"embeddable":true,"href":"https:\/\/www.ndpo.fr\/ufa\/wp-json\/wp\/v2\/comments?post=1380"}],"version-history":[{"count":6,"href":"https:\/\/www.ndpo.fr\/ufa\/wp-json\/wp\/v2\/pages\/1380\/revisions"}],"predecessor-version":[{"id":1464,"href":"https:\/\/www.ndpo.fr\/ufa\/wp-json\/wp\/v2\/pages\/1380\/revisions\/1464"}],"wp:attachment":[{"href":"https:\/\/www.ndpo.fr\/ufa\/wp-json\/wp\/v2\/media?parent=1380"}],"curies":[{"name":"wp","href":"https:\/\/api.w.org\/{rel}","templated":true}]}}