{"id":1482,"date":"2026-03-19T10:59:39","date_gmt":"2026-03-19T09:59:39","guid":{"rendered":"https:\/\/www.ndpo.fr\/ufa\/?page_id=1482"},"modified":"2026-03-19T11:04:13","modified_gmt":"2026-03-19T10:04:13","slug":"nosformationshotellerierestauration","status":"publish","type":"page","link":"https:\/\/www.ndpo.fr\/ufa\/nosformationshotellerierestauration\/","title":{"rendered":"NOS FORMATIONS HOTELLERIE &#8211; RESTAURATION"},"content":{"rendered":"<p>[vc_row][vc_column]\n        <div class=\"rs-heading style2   center\">\n        \t<div class=\"title-inner\">\n\t            <span class=\"sub-text\">Nos formations<\/span>\n\t            <h2 >HOTELLERIE - RESTAURATION<\/h2>\n\t        <\/div><\/div>[\/vc_column][\/vc_row][vc_row][vc_column width=&#8221;1\/3&#8243;]<div class=\"rs-services\"><div class=\"service-inner services-style_5 center  vc_custom_1769413068687 text-justify\">\n\t\t\t\t\t<div class=\"services-wrap\"> \n\t\t\t\t        <div class=\"services-item\">\n\t\t\t\t            <a href=\"https:\/\/www.ndpo.fr\/ufa\/mise-a-niveau\/\" title=\"MISE \u00c0 NIVEAU\"><div class=\"services-icon\"><img decoding=\"async\" src=\"https:\/\/www.ndpo.fr\/app\/uploads\/sites\/4\/2021\/05\/ndpo_man.jpg\" alt=\"Rs-service\" \/><\/div><\/a>\n\t\t\t\t\t\t\t<div class=\"services-desc\">\t\n\t\t\t\t\t\t\t\t<h4 class=\"services-title\"><a href=\"https:\/\/www.ndpo.fr\/ufa\/mise-a-niveau\/\" title=\"MISE \u00c0 NIVEAU\">MISE \u00c0 NIVEAU<\/a><\/h4>\t\t\n\t\t\t\t\t\t\t\tPr\u00e9parez-vous efficacement \u00e0 int\u00e9grer un BTS et d\u00e9couvrez les fondamentaux de la cuisine, du service et de l\u2019h\u00e9bergement.<\/p>\n<p><strong>Pr\u00e9requis\u00a0:\u00a0 <\/strong>Titulaire d\u2019un baccalaur\u00e9at<strong><br \/>\n<\/strong><strong>Dur\u00e9e\u00a0: <\/strong>1 an<strong><br \/>\n<\/strong><strong>Rythme d\u2019alternance\u00a0: <\/strong>2 jours par semaine \u00e0 l\u2019UFA, le reste en entreprise \n\t\t\t\t\t\t\t<\/div>\t\t\n\t\t\t\t\t\t<\/div>\t\n\t\t\t\t\t<\/div>\n\t\t\t\t<\/div>\n\t\t\t<\/div>[\/vc_column][vc_column width=&#8221;1\/3&#8243;]<div class=\"rs-services\"><div class=\"service-inner services-style_5 center  vc_custom_1769414460720 text-justify\">\n\t\t\t\t\t<div class=\"services-wrap\"> \n\t\t\t\t        <div class=\"services-item\">\n\t\t\t\t            <a href=\"https:\/\/www.ndpo.fr\/ufa\/cap-cuisine\/\" title=\"CAP CUISINE\"><div class=\"services-icon\"><img decoding=\"async\" src=\"https:\/\/www.ndpo.fr\/app\/uploads\/sites\/4\/2020\/09\/ndpo_formations_cap-cuisine-ufa.jpg\" alt=\"Rs-service\" \/><\/div><\/a>\n\t\t\t\t\t\t\t<div class=\"services-desc\">\t\n\t\t\t\t\t\t\t\t<h4 class=\"services-title\"><a href=\"https:\/\/www.ndpo.fr\/ufa\/cap-cuisine\/\" title=\"CAP CUISINE\">CAP CUISINE<\/a><\/h4>\t\t\n\t\t\t\t\t\t\t\tAcqu\u00e9rez les bases de la cuisine professionnelle et d\u00e9veloppez vos comp\u00e9tences pratiques et techniques en atelier.<\/p>\n<p><strong>Pr\u00e9requis\u00a0:\u00a0 <\/strong>Aucun pr\u00e9requis<strong><br \/>\n<\/strong><strong>Dur\u00e9e\u00a0: <\/strong>2 ans<strong><br \/>\n<\/strong><strong>Rythme d\u2019alternance\u00a0: <\/strong>2 jours par semaine \u00e0 l\u2019UFA, le reste en entreprise \n\t\t\t\t\t\t\t<\/div>\t\t\n\t\t\t\t\t\t<\/div>\t\n\t\t\t\t\t<\/div>\n\t\t\t\t<\/div>\n\t\t\t<\/div>[\/vc_column][vc_column width=&#8221;1\/3&#8243;]<div class=\"rs-services\"><div class=\"service-inner services-style_5 center  vc_custom_1769414525220 text-justify\">\n\t\t\t\t\t<div class=\"services-wrap\"> \n\t\t\t\t        <div class=\"services-item\">\n\t\t\t\t            <a href=\"https:\/\/www.ndpo.fr\/ufa\/cap-service\/\" title=\"CAP SERVICE\"><div class=\"services-icon\"><img decoding=\"async\" src=\"https:\/\/www.ndpo.fr\/app\/uploads\/sites\/4\/2021\/05\/capservice.jpg\" alt=\"Rs-service\" \/><\/div><\/a>\n\t\t\t\t\t\t\t<div class=\"services-desc\">\t\n\t\t\t\t\t\t\t\t<h4 class=\"services-title\"><a href=\"https:\/\/www.ndpo.fr\/ufa\/cap-service\/\" title=\"CAP SERVICE\">CAP SERVICE<\/a><\/h4>\t\t\n\t\t\t\t\t\t\t\tFormez-vous au service en salle et \u00e0 l\u2019accueil client, tout en d\u00e9couvrant les m\u00e9tiers de la restauration et de l\u2019h\u00f4tellerie.<\/p>\n<p><strong>Pr\u00e9requis\u00a0:\u00a0 <\/strong>Aucun pr\u00e9requis<br \/>\n<strong>Dur\u00e9e\u00a0: <\/strong>2 ans<br \/>\n<strong>Rythme d\u2019alternance\u00a0: <\/strong>2 jours par semaine \u00e0 l\u2019UFA, le reste en entreprise \n\t\t\t\t\t\t\t<\/div>\t\t\n\t\t\t\t\t\t<\/div>\t\n\t\t\t\t\t<\/div>\n\t\t\t\t<\/div>\n\t\t\t<\/div>[\/vc_column][\/vc_row][vc_row][vc_column][vc_empty_space][\/vc_column][\/vc_row][vc_row][vc_column width=&#8221;1\/3&#8243;]<div class=\"rs-services\"><div class=\"service-inner services-style_5 center  vc_custom_1772545547355 text-justify\">\n\t\t\t\t\t<div class=\"services-wrap\"> \n\t\t\t\t        <div class=\"services-item\">\n\t\t\t\t            <a href=\"https:\/\/www.ndpo.fr\/ufa\/bts-management-en-hotellerie-restauration-option-a\/\" title=\"BTS MANAGEMENT EN H\u00d4TELLERIE RESTAURATION OPTION A\"><div class=\"services-icon\"><img decoding=\"async\" src=\"https:\/\/www.ndpo.fr\/app\/uploads\/sites\/4\/2026\/03\/SITE-CFC-1-1-1024x1024.jpg\" alt=\"Rs-service\" \/><\/div><\/a>\n\t\t\t\t\t\t\t<div class=\"services-desc\">\t\n\t\t\t\t\t\t\t\t<h4 class=\"services-title\"><a href=\"https:\/\/www.ndpo.fr\/ufa\/bts-management-en-hotellerie-restauration-option-a\/\" title=\"BTS MANAGEMENT EN H\u00d4TELLERIE RESTAURATION OPTION A\">BTS MANAGEMENT EN H\u00d4TELLERIE RESTAURATION OPTION A<\/a><\/h4>\t\t\n\t\t\t\t\t\t\t\tApprenez \u00e0 g\u00e9rer et superviser le fonctionnement complet d\u2019un restaurant, du service en salle \u00e0 la gestion commerciale.<\/p>\n<p><strong>Pr\u00e9requis\u00a0:\u00a0 <\/strong>Titulaire d\u2019un baccalaur\u00e9at h\u00f4telier ou apr\u00e8s une Mise \u00e0 Niveau<br \/>\n<strong>Dur\u00e9e\u00a0: <\/strong>2 ans<br \/>\n<strong>Rythme d\u2019alternance\u00a0: <\/strong>2 jours par semaine \u00e0 l\u2019UFA, le reste en entreprise \n\t\t\t\t\t\t\t<\/div>\t\t\n\t\t\t\t\t\t<\/div>\t\n\t\t\t\t\t<\/div>\n\t\t\t\t<\/div>\n\t\t\t<\/div>[\/vc_column][vc_column width=&#8221;1\/3&#8243;]<div class=\"rs-services\"><div class=\"service-inner services-style_5 center  vc_custom_1769413399735 text-justify\">\n\t\t\t\t\t<div class=\"services-wrap\"> \n\t\t\t\t        <div class=\"services-item\">\n\t\t\t\t            <a href=\"https:\/\/www.ndpo.fr\/ufa\/bts-management-en-hotellerie-restauration-option-b\/\" title=\"BTS MANAGEMENT EN H\u00d4TELLERIE RESTAURATION OPTION B\"><div class=\"services-icon\"><img decoding=\"async\" src=\"https:\/\/www.ndpo.fr\/app\/uploads\/sites\/4\/2020\/09\/ndpo_formations_bts-a-ufa.jpg\" alt=\"Rs-service\" \/><\/div><\/a>\n\t\t\t\t\t\t\t<div class=\"services-desc\">\t\n\t\t\t\t\t\t\t\t<h4 class=\"services-title\"><a href=\"https:\/\/www.ndpo.fr\/ufa\/bts-management-en-hotellerie-restauration-option-b\/\" title=\"BTS MANAGEMENT EN H\u00d4TELLERIE RESTAURATION OPTION B\">BTS MANAGEMENT EN H\u00d4TELLERIE RESTAURATION OPTION B<\/a><\/h4>\t\t\n\t\t\t\t\t\t\t\tD\u00e9veloppez vos comp\u00e9tences en gestion et production culinaire pour superviser cuisines et \u00e9quipes avec expertise.<\/p>\n<p><strong>Pr\u00e9requis\u00a0:\u00a0 <\/strong>Titulaire d\u2019un baccalaur\u00e9at h\u00f4telier ou apr\u00e8s une Mise \u00e0 Niveau<strong><br \/>\n<\/strong><strong>Dur\u00e9e\u00a0: <\/strong>2 ans<strong><br \/>\n<\/strong><strong>Rythme d\u2019alternance\u00a0: <\/strong>2 jours par semaine \u00e0 l\u2019UFA, le reste en entreprise \n\t\t\t\t\t\t\t<\/div>\t\t\n\t\t\t\t\t\t<\/div>\t\n\t\t\t\t\t<\/div>\n\t\t\t\t<\/div>\n\t\t\t<\/div>[\/vc_column][vc_column width=&#8221;1\/3&#8243;]<div class=\"rs-services\"><div class=\"service-inner services-style_5 center  vc_custom_1772545302507 text-justify\">\n\t\t\t\t\t<div class=\"services-wrap\"> \n\t\t\t\t        <div class=\"services-item\">\n\t\t\t\t            <a href=\"https:\/\/www.ndpo.fr\/ufa\/bts-management-en-hotellerie-restauration-option-c\/\" title=\"BTS MANAGEMENT EN H\u00d4TELLERIE RESTAURATION OPTION C\"><div class=\"services-icon\"><img decoding=\"async\" src=\"https:\/\/www.ndpo.fr\/app\/uploads\/sites\/4\/2022\/10\/BTS-image@2x-1024x1024.png\" alt=\"Rs-service\" \/><\/div><\/a>\n\t\t\t\t\t\t\t<div class=\"services-desc\">\t\n\t\t\t\t\t\t\t\t<h4 class=\"services-title\"><a href=\"https:\/\/www.ndpo.fr\/ufa\/bts-management-en-hotellerie-restauration-option-c\/\" title=\"BTS MANAGEMENT EN H\u00d4TELLERIE RESTAURATION OPTION C\">BTS MANAGEMENT EN H\u00d4TELLERIE RESTAURATION OPTION C<\/a><\/h4>\t\t\n\t\t\t\t\t\t\t\tFormez-vous \u00e0 la gestion d\u2019une unit\u00e9 d\u2019h\u00e9bergement, du management du personnel \u00e0 la qualit\u00e9 de l\u2019accueil et des prestations.<\/p>\n<p><strong>Pr\u00e9requis\u00a0:\u00a0 <\/strong>Titulaire d\u2019un baccalaur\u00e9at h\u00f4telier ou g\u00e9n\u00e9ral, ou apr\u00e8s une Mise \u00e0 Niveau<br \/>\n<strong>Dur\u00e9e\u00a0:<\/strong> 2 ans<br \/>\n<strong>Rythme d\u2019alternance\u00a0:<\/strong> 2 jours par semaine \u00e0 l\u2019UFA, le reste en entreprise \n\t\t\t\t\t\t\t<\/div>\t\t\n\t\t\t\t\t\t<\/div>\t\n\t\t\t\t\t<\/div>\n\t\t\t\t<\/div>\n\t\t\t<\/div>[\/vc_column][\/vc_row][vc_row][vc_column width=&#8221;1\/3&#8243;]<div class=\"rs-services\"><div class=\"service-inner services-style_5 center  vc_custom_1770043291628 text-justify\">\n\t\t\t\t\t<div class=\"services-wrap\"> \n\t\t\t\t        <div class=\"services-item\">\n\t\t\t\t            <a href=\"https:\/\/www.ndpo.fr\/ufa\/cs-metiers-du-bar\/\" title=\"CS METIERS DU BAR\" target=\"_blank\"><div class=\"services-icon\"><img decoding=\"async\" src=\"https:\/\/www.ndpo.fr\/app\/uploads\/sites\/4\/2026\/02\/SITE-CFC-3-1024x1024.png\" alt=\"Rs-service\" \/><\/div><\/a>\n\t\t\t\t\t\t\t<div class=\"services-desc\">\t\n\t\t\t\t\t\t\t\t<h4 class=\"services-title\"><a href=\"https:\/\/www.ndpo.fr\/ufa\/cs-metiers-du-bar\/\" title=\"CS METIERS DU BAR\" target=\"_blank\">CS M\u00c9TIERS DU BAR<\/a><\/h4>\t\t\n\t\t\t\t\t\t\t\tApprenez \u00e0 concevoir, pr\u00e9parer et servir boissons et cocktails tout en d\u00e9veloppant votre sens du relationnel et du service.<\/p>\n<p><strong>Pr\u00e9requis\u00a0: <\/strong>Titulaire d\u2019un baccalaur\u00e9at h\u00f4telier<strong><br \/>\n<\/strong><strong>Dur\u00e9e\u00a0: <\/strong>1 an<strong><br \/>\n<\/strong><strong>Rythme d\u2019alternance\u00a0: <\/strong>1 semaine \u00e0 l\u2019UFA \/ 3 semaines en entreprise<\/p>\n<p><strong>\u00a0<\/strong> \n\t\t\t\t\t\t\t<\/div>\t\t\n\t\t\t\t\t\t<\/div>\t\n\t\t\t\t\t<\/div>\n\t\t\t\t<\/div>\n\t\t\t<\/div>[\/vc_column][vc_column width=&#8221;1\/3&#8243;]<div class=\"rs-services\"><div class=\"service-inner services-style_5 center  vc_custom_1769413727345 text-justify\">\n\t\t\t\t\t<div class=\"services-wrap\"> \n\t\t\t\t        <div class=\"services-item\">\n\t\t\t\t            <a href=\"https:\/\/www.ndpo.fr\/ufa\/cs-sommellerie\/\" title=\"CS SOMMELLERIE\" target=\"_blank\"><div class=\"services-icon\"><img decoding=\"async\" src=\"https:\/\/www.ndpo.fr\/app\/uploads\/sites\/4\/2020\/09\/ndpo_formations_mc-sommellerie-ufa.jpg\" alt=\"Rs-service\" \/><\/div><\/a>\n\t\t\t\t\t\t\t<div class=\"services-desc\">\t\n\t\t\t\t\t\t\t\t<h4 class=\"services-title\"><a href=\"https:\/\/www.ndpo.fr\/ufa\/cs-sommellerie\/\" title=\"CS SOMMELLERIE\" target=\"_blank\">CS SOMMELLERIE<\/a><\/h4>\t\t\n\t\t\t\t\t\t\t\tSp\u00e9cialisez-vous dans le conseil, la s\u00e9lection et le service des vins et boissons, pour valoriser l\u2019exp\u00e9rience client.<\/p>\n<p><strong>Pr\u00e9requis\u00a0: <\/strong>Titulaire d\u2019un baccalaur\u00e9at h\u00f4telier<strong><br \/>\n<\/strong><strong>Dur\u00e9e\u00a0: <\/strong>1 an<strong><br \/>\n<\/strong><strong>Rythme d\u2019alternance\u00a0: <\/strong>1 semaine \u00e0 l\u2019UFA \/ 3 semaines en entreprise \n\t\t\t\t\t\t\t<\/div>\t\t\n\t\t\t\t\t\t<\/div>\t\n\t\t\t\t\t<\/div>\n\t\t\t\t<\/div>\n\t\t\t<\/div>[\/vc_column][vc_column width=&#8221;1\/3&#8243;]<div class=\"rs-services\"><div class=\"service-inner services-style_5 center  vc_custom_1773396588074 text-justify\">\n\t\t\t\t\t<div class=\"services-wrap\"> \n\t\t\t\t        <div class=\"services-item\">\n\t\t\t\t            <a href=\"https:\/\/www.ndpo.fr\/ufa\/cs-desserts-de-restaurant\/\" title=\"CS Desserts de Restaurant\" target=\"_blank\"><div class=\"services-icon\"><img decoding=\"async\" src=\"https:\/\/www.ndpo.fr\/app\/uploads\/sites\/4\/2026\/03\/WhatsApp-Image-2026-03-03-at-18.00.03-4-1024x1024.jpeg\" alt=\"Rs-service\" \/><\/div><\/a>\n\t\t\t\t\t\t\t<div class=\"services-desc\">\t\n\t\t\t\t\t\t\t\t<h4 class=\"services-title\"><a href=\"https:\/\/www.ndpo.fr\/ufa\/cs-desserts-de-restaurant\/\" title=\"CS Desserts de Restaurant\" target=\"_blank\">CS DESSERT DE RESTAURANT<\/a><\/h4>\t\t\n\t\t\t\t\t\t\t\tMa\u00eetrisez la cr\u00e9ation de desserts \u00e0 l\u2019assiette et d\u00e9veloppez vos comp\u00e9tences techniques et artistiques pour la restauration.<\/p>\n<p><strong>Pr\u00e9requis :<\/strong>Titulaire d\u2019un CAP minimum<strong><br \/>\n<\/strong><strong>Dur\u00e9e\u00a0: <\/strong>1 an<strong><br \/>\n<\/strong><strong>Rythme d\u2019alternance\u00a0: <\/strong>1 semaine \u00e0 l\u2019UFA \/ 3 semaines en entreprise \n\t\t\t\t\t\t\t<\/div>\t\t\n\t\t\t\t\t\t<\/div>\t\n\t\t\t\t\t<\/div>\n\t\t\t\t<\/div>\n\t\t\t<\/div>[\/vc_column][\/vc_row][vc_row][vc_column][vc_row_inner][vc_column_inner width=&#8221;1\/3&#8243;]<div class=\"rs-services\"><div class=\"service-inner services-style_5 center  vc_custom_1772548416004 text-justify\">\n\t\t\t\t\t<div class=\"services-wrap\"> \n\t\t\t\t        <div class=\"services-item\">\n\t\t\t\t            <a href=\"https:\/\/www.ndpo.fr\/ufa\/bp-arts-de-la-cuisine\/\" title=\"BP ARTS DE LA CUISINE\" target=\"_blank\"><div class=\"services-icon\"><img decoding=\"async\" src=\"https:\/\/www.ndpo.fr\/app\/uploads\/sites\/4\/2024\/05\/septor23Plan-de-travail-1_15@3x-1024x1024.png\" alt=\"Rs-service\" \/><\/div><\/a>\n\t\t\t\t\t\t\t<div class=\"services-desc\">\t\n\t\t\t\t\t\t\t\t<h4 class=\"services-title\"><a href=\"https:\/\/www.ndpo.fr\/ufa\/bp-arts-de-la-cuisine\/\" title=\"BP ARTS DE LA CUISINE\" target=\"_blank\">BP ARTS DE LA CUISINE<\/a><\/h4>\t\t\n\t\t\t\t\t\t\t\tPerfectionnez vos comp\u00e9tences en cuisine et apprenez \u00e0 concevoir et r\u00e9aliser des plats \u00e9labor\u00e9s pour tous types de restauration.<\/p>\n<p><strong>Pr\u00e9requis : <\/strong>Titulaire d\u2019un CAP minimum<strong><br \/>\n<\/strong><strong>Dur\u00e9e : <\/strong>2 ans<strong><br \/>\n<\/strong><strong>Rythme d\u2019alternance : <\/strong>2 jours par semaine \u00e0 l\u2019UFA, le reste en entreprise \n\t\t\t\t\t\t\t<\/div>\t\t\n\t\t\t\t\t\t<\/div>\t\n\t\t\t\t\t<\/div>\n\t\t\t\t<\/div>\n\t\t\t<\/div>[\/vc_column_inner][vc_column_inner width=&#8221;1\/3&#8243;]<div class=\"rs-services\"><div class=\"service-inner services-style_5 center  vc_custom_1773396614828 text-justify\">\n\t\t\t\t\t<div class=\"services-wrap\"> \n\t\t\t\t        <div class=\"services-item\">\n\t\t\t\t            <a href=\"https:\/\/www.ndpo.fr\/ufa\/bp-arts-de-la-table\/\" title=\"BP ARTS DE LA CUISINE\" target=\"_blank\"><div class=\"services-icon\"><img decoding=\"async\" src=\"https:\/\/www.ndpo.fr\/app\/uploads\/sites\/4\/2026\/03\/cs-DR-mars-26-1024x1024.jpg\" alt=\"Rs-service\" \/><\/div><\/a>\n\t\t\t\t\t\t\t<div class=\"services-desc\">\t\n\t\t\t\t\t\t\t\t<h4 class=\"services-title\"><a href=\"https:\/\/www.ndpo.fr\/ufa\/bp-arts-de-la-table\/\" title=\"BP ARTS DE LA CUISINE\" target=\"_blank\">BP ARTS DE LA TABLE<\/a><\/h4>\t\t\n\t\t\t\t\t\t\t\tFormez-vous aux techniques de service et \u00e0 l\u2019organisation du service en restauration pour valoriser l\u2019exp\u00e9rience client.<\/p>\n<p><strong>Pr\u00e9requis : <\/strong>Titulaire d\u2019un CAP minimum<strong><br \/>\n<\/strong><strong>Dur\u00e9e : <\/strong>2 ans<strong><br \/>\n<\/strong><strong>Rythme d\u2019alternance : <\/strong>2 jours par semaine \u00e0 l\u2019UFA, le reste en entreprise \n\t\t\t\t\t\t\t<\/div>\t\t\n\t\t\t\t\t\t<\/div>\t\n\t\t\t\t\t<\/div>\n\t\t\t\t<\/div>\n\t\t\t<\/div>[\/vc_column_inner][vc_column_inner width=&#8221;1\/3&#8243;][\/vc_column_inner][\/vc_row_inner][vc_empty_space][\/vc_column][\/vc_row]<\/p>\n","protected":false},"excerpt":{"rendered":"<p>[vc_row][vc_column][\/vc_column][\/vc_row][vc_row][vc_column width=&#8221;1\/3&#8243;][\/vc_column][vc_column width=&#8221;1\/3&#8243;][\/vc_column][vc_column width=&#8221;1\/3&#8243;][\/vc_column][\/vc_row][vc_row][vc_column][vc_empty_space][\/vc_column][\/vc_row][vc_row][vc_column width=&#8221;1\/3&#8243;][\/vc_column][vc_column width=&#8221;1\/3&#8243;][\/vc_column][vc_column width=&#8221;1\/3&#8243;][\/vc_column][\/vc_row][vc_row][vc_column width=&#8221;1\/3&#8243;][\/vc_column][vc_column width=&#8221;1\/3&#8243;][\/vc_column][vc_column width=&#8221;1\/3&#8243;][\/vc_column][\/vc_row][vc_row][vc_column][vc_row_inner][vc_column_inner width=&#8221;1\/3&#8243;][\/vc_column_inner][vc_column_inner width=&#8221;1\/3&#8243;][\/vc_column_inner][vc_column_inner width=&#8221;1\/3&#8243;][\/vc_column_inner][\/vc_row_inner][vc_empty_space][\/vc_column]&#8230;<\/p>\n","protected":false},"author":4,"featured_media":0,"parent":0,"menu_order":0,"comment_status":"closed","ping_status":"closed","template":"","meta":{"footnotes":""},"class_list":["post-1482","page","type-page","status-publish","hentry"],"_links":{"self":[{"href":"https:\/\/www.ndpo.fr\/ufa\/wp-json\/wp\/v2\/pages\/1482","targetHints":{"allow":["GET"]}}],"collection":[{"href":"https:\/\/www.ndpo.fr\/ufa\/wp-json\/wp\/v2\/pages"}],"about":[{"href":"https:\/\/www.ndpo.fr\/ufa\/wp-json\/wp\/v2\/types\/page"}],"author":[{"embeddable":true,"href":"https:\/\/www.ndpo.fr\/ufa\/wp-json\/wp\/v2\/users\/4"}],"replies":[{"embeddable":true,"href":"https:\/\/www.ndpo.fr\/ufa\/wp-json\/wp\/v2\/comments?post=1482"}],"version-history":[{"count":1,"href":"https:\/\/www.ndpo.fr\/ufa\/wp-json\/wp\/v2\/pages\/1482\/revisions"}],"predecessor-version":[{"id":1483,"href":"https:\/\/www.ndpo.fr\/ufa\/wp-json\/wp\/v2\/pages\/1482\/revisions\/1483"}],"wp:attachment":[{"href":"https:\/\/www.ndpo.fr\/ufa\/wp-json\/wp\/v2\/media?parent=1482"}],"curies":[{"name":"wp","href":"https:\/\/api.w.org\/{rel}","templated":true}]}}