{"id":1485,"date":"2026-03-19T11:05:38","date_gmt":"2026-03-19T10:05:38","guid":{"rendered":"https:\/\/www.ndpo.fr\/ufa\/?page_id=1485"},"modified":"2026-03-19T11:05:45","modified_gmt":"2026-03-19T10:05:45","slug":"nos-formations-en-metiers-de-bouche","status":"publish","type":"page","link":"https:\/\/www.ndpo.fr\/ufa\/nos-formations-en-metiers-de-bouche\/","title":{"rendered":"NOS FORMATIONS EN METIERS DE BOUCHE"},"content":{"rendered":"<p>[vc_row][vc_column]\n        <div class=\"rs-heading style2   center\">\n        \t<div class=\"title-inner\">\n\t            <span class=\"sub-text\">Nos formations<\/span>\n\t            <h2 >METIERS DE BOUCHE<\/h2>\n\t        <\/div><\/div>[\/vc_column][\/vc_row][vc_row][vc_column width=&#8221;1\/3&#8243;]<div class=\"rs-services\"><div class=\"service-inner services-style_5 center  vc_custom_1772544776981 text-justify\">\n\t\t\t\t\t<div class=\"services-wrap\"> \n\t\t\t\t        <div class=\"services-item\">\n\t\t\t\t            <a href=\"https:\/\/www.ndpo.fr\/ufa\/cap-patisserie\/\" title=\"CAP P\u00c2TISSERIE\"><div class=\"services-icon\"><img decoding=\"async\" src=\"https:\/\/www.ndpo.fr\/app\/uploads\/sites\/4\/2026\/03\/SITE-CFC-1-1024x1024.jpg\" alt=\"Rs-service\" \/><\/div><\/a>\n\t\t\t\t\t\t\t<div class=\"services-desc\">\t\n\t\t\t\t\t\t\t\t<h4 class=\"services-title\"><a href=\"https:\/\/www.ndpo.fr\/ufa\/cap-patisserie\/\" title=\"CAP P\u00c2TISSERIE\">CAP P\u00c2TISSERIE<\/a><\/h4>\t\t\n\t\t\t\t\t\t\t\tApprenez les techniques fondamentales de la p\u00e2tisserie, des viennoiseries aux desserts, et valorisez votre cr\u00e9ativit\u00e9.<\/p>\n<p><strong>Pr\u00e9requis\u00a0:\u00a0 <\/strong>Aucun pr\u00e9requis<strong><br \/>\n<\/strong><strong>Dur\u00e9e\u00a0: <\/strong>2 ans<strong><br \/>\n<\/strong><strong>Rythme d\u2019alternance\u00a0: <\/strong>1 semaine \u00e0 l\u2019UFA \/ 3 semaines en entreprise \n\t\t\t\t\t\t\t<\/div>\t\t\n\t\t\t\t\t\t<\/div>\t\n\t\t\t\t\t<\/div>\n\t\t\t\t<\/div>\n\t\t\t<\/div>[\/vc_column][vc_column width=&#8221;1\/3&#8243;]<div class=\"rs-services\"><div class=\"service-inner services-style_5 center  vc_custom_1769162413211 text-justify\">\n\t\t\t\t\t<div class=\"services-wrap\"> \n\t\t\t\t        <div class=\"services-item\">\n\t\t\t\t            <a href=\"https:\/\/www.ndpo.fr\/ufa\/cs-employe-traiteur\/\" title=\"CS Employ\u00e9 traiteur\" target=\"_blank\"><div class=\"services-icon\"><img decoding=\"async\" src=\"https:\/\/www.ndpo.fr\/app\/uploads\/sites\/4\/2021\/01\/Traiteur.jpg\" alt=\"Rs-service\" \/><\/div><\/a>\n\t\t\t\t\t\t\t<div class=\"services-desc\">\t\n\t\t\t\t\t\t\t\t<h4 class=\"services-title\"><a href=\"https:\/\/www.ndpo.fr\/ufa\/cs-employe-traiteur\/\" title=\"CS Employ\u00e9 traiteur\" target=\"_blank\">CS EMPLOY\u00c9 TRAITEUR<\/a><\/h4>\t\t\n\t\t\t\t\t\t\t\tMa\u00eetrisez la pr\u00e9paration et la pr\u00e9sentation de plats traiteurs et buffets pour des prestations \u00e9v\u00e9nementielles de qualit\u00e9.<\/p>\n<p><strong>PR\u00c9REQUIS : <\/strong>Titulaire d&#8217;un CAP minimum<strong><br \/>\n<\/strong><strong>DUR\u00c9E<\/strong> : 1 an<br \/>\n<strong>RYTHME<\/strong>\u00a0 : 1 semaine \u00e0 l\u2019UFA \/ 3 semaines en entreprise \n\t\t\t\t\t\t\t<\/div>\t\t\n\t\t\t\t\t\t<\/div>\t\n\t\t\t\t\t<\/div>\n\t\t\t\t<\/div>\n\t\t\t<\/div>[\/vc_column][vc_column width=&#8221;1\/3&#8243;]<div class=\"rs-services\"><div class=\"service-inner services-style_5 center  vc_custom_1772543678301 text-justify\">\n\t\t\t\t\t<div class=\"services-wrap\"> \n\t\t\t\t        <div class=\"services-item\">\n\t\t\t\t            <a href=\"https:\/\/www.ndpo.fr\/ufa\/mc-patissier-glacier-confiseur-chocolatier-specialisee\/\" title=\"CS P\u00c2TISSERIE DE BOUTIQUE\"><div class=\"services-icon\"><img decoding=\"async\" src=\"https:\/\/www.ndpo.fr\/app\/uploads\/sites\/4\/2026\/03\/SITE-CFC-1024x1024.jpg\" alt=\"Rs-service\" \/><\/div><\/a>\n\t\t\t\t\t\t\t<div class=\"services-desc\">\t\n\t\t\t\t\t\t\t\t<h4 class=\"services-title\"><a href=\"https:\/\/www.ndpo.fr\/ufa\/mc-patissier-glacier-confiseur-chocolatier-specialisee\/\" title=\"CS P\u00c2TISSERIE DE BOUTIQUE\">CS P\u00c2TISSERIE DE BOUTIQUE<\/a><\/h4>\t\t\n\t\t\t\t\t\t\t\tPerfectionnez votre savoir-faire en p\u00e2tisserie artisanale pour boutique et vitrine, du classique aux cr\u00e9ations innovantes.<\/p>\n<p><strong>Pr\u00e9requis\u00a0<\/strong>: Titulaire d\u2019un CAP p\u00e2tissier minimum<strong><br \/>\n<\/strong><strong>Dur\u00e9e\u00a0<\/strong>: 1 an<strong><br \/>\n<\/strong><strong>Rythme d\u2019alternance\u00a0: <\/strong>1 semaine \u00e0 l\u2019UFA \/ 3 semaines en entreprise \n\t\t\t\t\t\t\t<\/div>\t\t\n\t\t\t\t\t\t<\/div>\t\n\t\t\t\t\t<\/div>\n\t\t\t\t<\/div>\n\t\t\t<\/div>[\/vc_column][\/vc_row][vc_row][vc_column][vc_empty_space][\/vc_column][\/vc_row][vc_row][vc_column width=&#8221;1\/3&#8243;]<div class=\"rs-services\"><div class=\"service-inner services-style_5 center  vc_custom_1770044155342 text-justify\">\n\t\t\t\t\t<div class=\"services-wrap\"> \n\t\t\t\t        <div class=\"services-item\">\n\t\t\t\t            <a href=\"https:\/\/www.ndpo.fr\/ufa\/cap-boulangerie\/\" title=\"CAP BOULANGERIE\"><div class=\"services-icon\"><img decoding=\"async\" src=\"https:\/\/www.ndpo.fr\/app\/uploads\/sites\/4\/2026\/02\/SITE-CFC-3-1024x1024.jpg\" alt=\"Rs-service\" \/><\/div><\/a>\n\t\t\t\t\t\t\t<div class=\"services-desc\">\t\n\t\t\t\t\t\t\t\t<h4 class=\"services-title\"><a href=\"https:\/\/www.ndpo.fr\/ufa\/cap-boulangerie\/\" title=\"CAP BOULANGERIE\">CAP BOULANGERIE<\/a><\/h4>\t\t\n\t\t\t\t\t\t\t\tMa\u00eetrisez la fabrication artisanale de pains, viennoiseries et produits boulangers, avec rigueur et savoir-faire.<\/p>\n<p><strong>Pr\u00e9requis\u00a0:\u00a0 <\/strong>Aucun pr\u00e9requis<strong><br \/>\n<\/strong><strong>Dur\u00e9e\u00a0: <\/strong>2 ans<strong><br \/>\n<\/strong><strong>Rythme d\u2019alternance\u00a0: <\/strong>1 semaine \u00e0 l\u2019UFA \/ 3 semaines en entreprise \n\t\t\t\t\t\t\t<\/div>\t\t\n\t\t\t\t\t\t<\/div>\t\n\t\t\t\t\t<\/div>\n\t\t\t\t<\/div>\n\t\t\t<\/div>[\/vc_column][vc_column width=&#8221;1\/3&#8243;]<div class=\"rs-services\"><div class=\"service-inner services-style_5 center  vc_custom_1769413615370 text-justify\">\n\t\t\t\t\t<div class=\"services-wrap\"> \n\t\t\t\t        <div class=\"services-item\">\n\t\t\t\t            <a href=\"https:\/\/www.ndpo.fr\/ufa\/bp-boulangerie\/\" title=\"BP BOULANGERIE\"><div class=\"services-icon\"><img decoding=\"async\" src=\"https:\/\/www.ndpo.fr\/app\/uploads\/sites\/4\/2020\/09\/ndpo_formations_bp-boulangerie-ufa.jpg\" alt=\"Rs-service\" \/><\/div><\/a>\n\t\t\t\t\t\t\t<div class=\"services-desc\">\t\n\t\t\t\t\t\t\t\t<h4 class=\"services-title\"><a href=\"https:\/\/www.ndpo.fr\/ufa\/bp-boulangerie\/\" title=\"BP BOULANGERIE\">BP BOULANGERIE<\/a><\/h4>\t\t\n\t\t\t\t\t\t\t\tDevenez un professionnel capable de ma\u00eetriser la production boulang\u00e8re et de cr\u00e9er des pains et viennoiseries de qualit\u00e9.<\/p>\n<p><strong>Pr\u00e9requis\u00a0:\u00a0 <\/strong>Titulaire d\u2019un CAP minimum<strong><br \/>\n<\/strong><strong>Dur\u00e9e\u00a0: <\/strong>2 ans<strong><br \/>\n<\/strong><strong>Rythme d\u2019alternance\u00a0:<\/strong> 1 semaine \u00e0 l\u2019UFA \/ 3 semaines en entreprise<\/p>\n<p><strong>\u00a0<\/strong> \n\t\t\t\t\t\t\t<\/div>\t\t\n\t\t\t\t\t\t<\/div>\t\n\t\t\t\t\t<\/div>\n\t\t\t\t<\/div>\n\t\t\t<\/div>[\/vc_column][vc_column width=&#8221;1\/3&#8243;]<div class=\"rs-services\"><div class=\"service-inner services-style_5 center  vc_custom_1770043997831 text-justify\">\n\t\t\t\t\t<div class=\"services-wrap\"> \n\t\t\t\t        <div class=\"services-item\">\n\t\t\t\t            <a href=\"https:\/\/www.ndpo.fr\/ufa\/cs-boulangerie-specialisee\/\" title=\"CS BOULANGERIE SP\u00c9CIALIS\u00c9E\"><div class=\"services-icon\"><img decoding=\"async\" src=\"https:\/\/www.ndpo.fr\/app\/uploads\/sites\/4\/2026\/02\/SITE-CFC-4-1024x1024.jpg\" alt=\"Rs-service\" \/><\/div><\/a>\n\t\t\t\t\t\t\t<div class=\"services-desc\">\t\n\t\t\t\t\t\t\t\t<h4 class=\"services-title\"><a href=\"https:\/\/www.ndpo.fr\/ufa\/cs-boulangerie-specialisee\/\" title=\"CS BOULANGERIE SP\u00c9CIALIS\u00c9E\">CS BOULANGERIE SP\u00c9CIALIS\u00c9E<\/a><\/h4>\t\t\n\t\t\t\t\t\t\t\tDevenez expert en pains sp\u00e9ciaux et produits boulangers, en alliant technique, cr\u00e9ativit\u00e9 et savoir-faire artisanal.<\/p>\n<p><strong>Pr\u00e9requis\u00a0: <\/strong>Titulaire d\u2019un CAP boulanger minimum<strong><br \/>\n<\/strong><strong>Dur\u00e9e\u00a0: <\/strong>1 an<strong><br \/>\n<\/strong><strong>Rythme d\u2019alternance\u00a0: <\/strong>1 semaine \u00e0 l\u2019UFA \/ 3 semaines en entreprise \n\t\t\t\t\t\t\t<\/div>\t\t\n\t\t\t\t\t\t<\/div>\t\n\t\t\t\t\t<\/div>\n\t\t\t\t<\/div>\n\t\t\t<\/div>[\/vc_column][\/vc_row]<\/p>\n","protected":false},"excerpt":{"rendered":"<p>[vc_row][vc_column][\/vc_column][\/vc_row][vc_row][vc_column width=&#8221;1\/3&#8243;][\/vc_column][vc_column width=&#8221;1\/3&#8243;][\/vc_column][vc_column width=&#8221;1\/3&#8243;][\/vc_column][\/vc_row][vc_row][vc_column][vc_empty_space][\/vc_column][\/vc_row][vc_row][vc_column width=&#8221;1\/3&#8243;][\/vc_column][vc_column width=&#8221;1\/3&#8243;][\/vc_column][vc_column width=&#8221;1\/3&#8243;][\/vc_column]&#8230;<\/p>\n","protected":false},"author":4,"featured_media":0,"parent":0,"menu_order":0,"comment_status":"closed","ping_status":"closed","template":"","meta":{"footnotes":""},"class_list":["post-1485","page","type-page","status-publish","hentry"],"_links":{"self":[{"href":"https:\/\/www.ndpo.fr\/ufa\/wp-json\/wp\/v2\/pages\/1485","targetHints":{"allow":["GET"]}}],"collection":[{"href":"https:\/\/www.ndpo.fr\/ufa\/wp-json\/wp\/v2\/pages"}],"about":[{"href":"https:\/\/www.ndpo.fr\/ufa\/wp-json\/wp\/v2\/types\/page"}],"author":[{"embeddable":true,"href":"https:\/\/www.ndpo.fr\/ufa\/wp-json\/wp\/v2\/users\/4"}],"replies":[{"embeddable":true,"href":"https:\/\/www.ndpo.fr\/ufa\/wp-json\/wp\/v2\/comments?post=1485"}],"version-history":[{"count":1,"href":"https:\/\/www.ndpo.fr\/ufa\/wp-json\/wp\/v2\/pages\/1485\/revisions"}],"predecessor-version":[{"id":1486,"href":"https:\/\/www.ndpo.fr\/ufa\/wp-json\/wp\/v2\/pages\/1485\/revisions\/1486"}],"wp:attachment":[{"href":"https:\/\/www.ndpo.fr\/ufa\/wp-json\/wp\/v2\/media?parent=1485"}],"curies":[{"name":"wp","href":"https:\/\/api.w.org\/{rel}","templated":true}]}}