{"id":1487,"date":"2026-03-19T11:07:31","date_gmt":"2026-03-19T10:07:31","guid":{"rendered":"https:\/\/www.ndpo.fr\/ufa\/?page_id=1487"},"modified":"2026-03-19T11:07:31","modified_gmt":"2026-03-19T10:07:31","slug":"nos-formations-du-secteur-tertiaire","status":"publish","type":"page","link":"https:\/\/www.ndpo.fr\/ufa\/nos-formations-du-secteur-tertiaire\/","title":{"rendered":"NOS FORMATIONS DU SECTEUR TERTIAIRE"},"content":{"rendered":"<p>[vc_row][vc_column]\n        <div class=\"rs-heading style2   center\">\n        \t<div class=\"title-inner\">\n\t            <span class=\"sub-text\">Nos formations<\/span>\n\t            <h2 >SECTEUR TERTIAIRE<\/h2>\n\t        <\/div><\/div>[\/vc_column][\/vc_row][vc_row][vc_column width=&#8221;1\/3&#8243;][\/vc_column][vc_column width=&#8221;1\/3&#8243;]<div class=\"rs-services\"><div class=\"service-inner services-style_5 center  vc_custom_1773842173161 text-justify\">\n\t\t\t\t\t<div class=\"services-wrap\"> \n\t\t\t\t        <div class=\"services-item\">\n\t\t\t\t            <a href=\"https:\/\/www.ndpo.fr\/ufa\/bts-commerce-international\/\" title=\"BTS MANAGEMENT EN H\u00d4TELLERIE RESTAURATION OPTION C\" target=\"_blank\"><div class=\"services-icon\"><img decoding=\"async\" src=\"https:\/\/www.ndpo.fr\/app\/uploads\/sites\/4\/2026\/03\/SITE-CFC-3-1024x1024.jpg\" alt=\"Rs-service\" \/><\/div><\/a>\n\t\t\t\t\t\t\t<div class=\"services-desc\">\t\n\t\t\t\t\t\t\t\t<h4 class=\"services-title\"><a href=\"https:\/\/www.ndpo.fr\/ufa\/bts-commerce-international\/\" title=\"BTS MANAGEMENT EN H\u00d4TELLERIE RESTAURATION OPTION C\" target=\"_blank\">BTS COMMERCE INTERNATIONAL<\/a><\/h4>\t\t\n\t\t\t\t\t\t\t\tD\u00e9veloppez des comp\u00e9tences en n\u00e9gociation, gestion et d\u00e9veloppement des \u00e9changes \u00e0 l\u2019international, tout en renfor\u00e7ant votre sens de l\u2019analyse, de la communication et de l\u2019adaptation interculturelle.<\/p>\n<p><strong>Pr\u00e9requis\u00a0:\u00a0 <\/strong>Titulaire d\u2019un baccalaur\u00e9at g\u00e9n\u00e9ral, technologique ou professionnel<br \/>\n<strong>Dur\u00e9e\u00a0:<\/strong> 2 ans<br \/>\n<strong>Rythme d\u2019alternance\u00a0:<\/strong> 1 semaine sur 2 en centre d\u2019apprentissage \n\t\t\t\t\t\t\t<\/div>\t\t\n\t\t\t\t\t\t<\/div>\t\n\t\t\t\t\t<\/div>\n\t\t\t\t<\/div>\n\t\t\t<\/div>[\/vc_column][vc_column width=&#8221;1\/3&#8243;][\/vc_column][\/vc_row]<\/p>\n","protected":false},"excerpt":{"rendered":"<p>[vc_row][vc_column][\/vc_column][\/vc_row][vc_row][vc_column width=&#8221;1\/3&#8243;][\/vc_column][vc_column width=&#8221;1\/3&#8243;][\/vc_column][vc_column width=&#8221;1\/3&#8243;][\/vc_column]&#8230;<\/p>\n","protected":false},"author":4,"featured_media":0,"parent":0,"menu_order":0,"comment_status":"closed","ping_status":"closed","template":"","meta":{"footnotes":""},"class_list":["post-1487","page","type-page","status-publish","hentry"],"_links":{"self":[{"href":"https:\/\/www.ndpo.fr\/ufa\/wp-json\/wp\/v2\/pages\/1487","targetHints":{"allow":["GET"]}}],"collection":[{"href":"https:\/\/www.ndpo.fr\/ufa\/wp-json\/wp\/v2\/pages"}],"about":[{"href":"https:\/\/www.ndpo.fr\/ufa\/wp-json\/wp\/v2\/types\/page"}],"author":[{"embeddable":true,"href":"https:\/\/www.ndpo.fr\/ufa\/wp-json\/wp\/v2\/users\/4"}],"replies":[{"embeddable":true,"href":"https:\/\/www.ndpo.fr\/ufa\/wp-json\/wp\/v2\/comments?post=1487"}],"version-history":[{"count":1,"href":"https:\/\/www.ndpo.fr\/ufa\/wp-json\/wp\/v2\/pages\/1487\/revisions"}],"predecessor-version":[{"id":1488,"href":"https:\/\/www.ndpo.fr\/ufa\/wp-json\/wp\/v2\/pages\/1487\/revisions\/1488"}],"wp:attachment":[{"href":"https:\/\/www.ndpo.fr\/ufa\/wp-json\/wp\/v2\/media?parent=1487"}],"curies":[{"name":"wp","href":"https:\/\/api.w.org\/{rel}","templated":true}]}}