{"id":20,"date":"2020-07-11T11:38:09","date_gmt":"2020-07-11T09:38:09","guid":{"rendered":"https:\/\/ndpo2020.keeo.com\/ufa\/?page_id=20"},"modified":"2026-01-26T09:52:42","modified_gmt":"2026-01-26T08:52:42","slug":"equipe-educative","status":"publish","type":"page","link":"https:\/\/www.ndpo.fr\/ufa\/equipe-educative\/","title":{"rendered":"\u00c9QUIPE \u00c9DUCATIVE"},"content":{"rendered":"<p>[vc_row][vc_column width=&#8221;2\/3&#8243;][vc_single_image image=&#8221;330&#8243; img_size=&#8221;full&#8221;][\/vc_column][vc_column width=&#8221;1\/3&#8243;][vc_empty_space height=&#8221;200&#8243;]\n        <div class=\"rs-heading style2   \">\n        \t<div class=\"title-inner\">\n\t            <span class=\"sub-text\">Chef d'\u00e9tablissement<\/span>\n\t            <h2 >Philippe Besin<\/h2>\n\t        <\/div><\/div>[vc_btn 0=&#8221;link=https:\/\/www.ndpo.fr\/app\/uploads\/sites\/1\/2026\/01\/organigramme-SEPT-2025.pdf||target:%20_blank|&#8220;&#8221; title=&#8221;Organigramme&#8221; style=&#8221;custom&#8221; custom_background=&#8221;#3d578c&#8221; custom_text=&#8221;#ffffff&#8221; align=&#8221;center&#8221; button_block=&#8221;true&#8221; link=&#8221;url:https%3A%2F%2Fwww.ndpo.fr%2Fapp%2Fuploads%2Fsites%2F4%2F2026%2F01%2Forganigramme-SEPT-2025.pdf|title:Organnigramme|target:%20_blank|&#8221;][\/vc_column][\/vc_row][vc_row][vc_column]\n        <div class=\"rs-heading style2   center\">\n        \t<div class=\"title-inner\">\n\t            \n\t            <h2 >L'\u00e9quipe de direction<\/h2>\n\t        <\/div><\/div><div class=\"rs-team-style2 rs-team\"><div class=\"team-gird row\"><div class=\"team-item col-md-4 col-sm-6 col-xs-12 \">\n\t\t\t\t\t\t\t<div class=\"team-item\">\n\t\t\t\t\t\t\t    <div class=\"team-img\">\n\t\t\t\t\t\t\t        <img decoding=\"async\" src=\"https:\/\/www.ndpo.fr\/app\/uploads\/sites\/4\/2020\/12\/domontl.jpg\" alt=\"Ludovic DOMONT\" \/>\n\t\t\t\t\t\t\t        <div class=\"team-social\">\t\t\t  \n\t\t\t\t\t                  \t  \n\t\t\t\t\t                \t  \n\t\t\t\t\t                \t  \n\t\t\t\t\t                \t  \t\n\t\t\t\t\t\t            <\/div>\n\t\t\t\t\t\t\t    <\/div>\n\t\t\t\t\t\t\t    <div class=\"team-content\">\n\t\t\t\t                <h3 class=\"team-name\"><a href=\"https:\/\/www.ndpo.fr\/ufa\/teams\/ludovic-domont\/\">Ludovic DOMONT<\/a><\/h3>\n\t\t\t\t                <span class=\"team-title\">Directeur adjoint de l'UFA<\/span>\n\t\t\t\t\t\t    <\/div>\n\t\t\t\t\t\t<\/div>\n\t\t\t\t\t<\/div><div class=\"team-item col-md-4 col-sm-6 col-xs-12 \">\n\t\t\t\t\t\t\t<div class=\"team-item\">\n\t\t\t\t\t\t\t    <div class=\"team-img\">\n\t\t\t\t\t\t\t        <img decoding=\"async\" src=\"https:\/\/www.ndpo.fr\/app\/uploads\/sites\/4\/2023\/07\/JESSICA-DEVOS@3x.png\" alt=\"Jessica DEVOS\" \/>\n\t\t\t\t\t\t\t        <div class=\"team-social\">\t\t\t  \n\t\t\t\t\t                  \t  \n\t\t\t\t\t                \t  \n\t\t\t\t\t                \t  \n\t\t\t\t\t                \t  \t\n\t\t\t\t\t\t            <\/div>\n\t\t\t\t\t\t\t    <\/div>\n\t\t\t\t\t\t\t    <div class=\"team-content\">\n\t\t\t\t                <h3 class=\"team-name\"><a href=\"https:\/\/www.ndpo.fr\/ufa\/teams\/jessica-devos\/\">Jessica DEVOS<\/a><\/h3>\n\t\t\t\t                <span class=\"team-title\">Secr\u00e9taire de direction g\u00e9n\u00e9rale<\/span>\n\t\t\t\t\t\t    <\/div>\n\t\t\t\t\t\t<\/div>\n\t\t\t\t\t<\/div><\/div><div style=\"clear:both\"><\/div><\/div>[\/vc_column][\/vc_row][vc_row][vc_column]\n        <div class=\"rs-heading style2   center\">\n        \t<div class=\"title-inner\">\n\t            \n\t            <h2 >Administration et \u00e9conomat<\/h2>\n\t        <\/div><\/div><div class=\"rs-team-style2\">\n\t\t<div class=\"team-carousel owl-carousel owl-navigation-yes\" data-carousel-options=\"{&quot;nav&quot;:true,&quot;navText&quot;:[&quot;&lt;i class=&#039;fa fa-angle-left&#039;&gt;&lt;\\\/i&gt;&quot;,&quot;&lt;i class=&#039;fa fa-angle-right&#039;&gt;&lt;\\\/i&gt;&quot;],&quot;dots&quot;:false,&quot;autoplay&quot;:true,&quot;autoplayTimeout&quot;:&quot;3000&quot;,&quot;autoplaySpeed&quot;:&quot;200&quot;,&quot;autoplayHoverPause&quot;:true,&quot;loop&quot;:true,&quot;margin&quot;:20,&quot;responsive&quot;:{&quot;0&quot;:{&quot;items&quot;:&quot;1&quot;},&quot;480&quot;:{&quot;items&quot;:&quot;2&quot;},&quot;768&quot;:{&quot;items&quot;:&quot;3&quot;},&quot;992&quot;:{&quot;items&quot;:&quot;3&quot;},&quot;1200&quot;:{&quot;items&quot;:&quot;3&quot;}}}\"><div class=\"team-item\">\n\t\t\t\t    <div class=\"team-img\">\n\t\t\t\t        <img decoding=\"async\" src=\"https:\/\/www.ndpo.fr\/app\/uploads\/sites\/4\/2021\/05\/david-cortier@3x.png\" alt=\"David CORTIER\" \/>\n\t\t\t\t        <div class=\"team-social\">\t\t\t  \n\t\t                  \t  \n\t\t                \t  \n\t\t                \t  \n\t\t                \t  \t\n\t\t\t            <\/div>\n\t\t\t\t    <\/div>\n\t\t\t\t    <div class=\"team-content\">\n\t                <h3 class=\"team-name\"><a href=\"https:\/\/www.ndpo.fr\/ufa\/teams\/david-cortier\/\">David CORTIER<\/a><\/h3>\n\t                <span class=\"team-title\">\u00c9conomat<\/span>\n\t\t\t    <\/div>\n\t\t\t\t<\/div><div class=\"team-item\">\n\t\t\t\t    <div class=\"team-img\">\n\t\t\t\t        <img decoding=\"async\" src=\"https:\/\/www.ndpo.fr\/app\/uploads\/sites\/4\/2021\/05\/Jessica-Guilbert@3x.png\" alt=\"Jessica GUILBERT\" \/>\n\t\t\t\t        <div class=\"team-social\">\t\t\t  \n\t\t                  \t  \n\t\t                \t  \n\t\t                \t  \n\t\t                \t  \t\n\t\t\t            <\/div>\n\t\t\t\t    <\/div>\n\t\t\t\t    <div class=\"team-content\">\n\t                <h3 class=\"team-name\"><a href=\"https:\/\/www.ndpo.fr\/ufa\/teams\/jessica-guilbert\/\">Jessica GUILBERT<\/a><\/h3>\n\t                <span class=\"team-title\">Accueil<\/span>\n\t\t\t    <\/div>\n\t\t\t\t<\/div><div class=\"team-item\">\n\t\t\t\t    <div class=\"team-img\">\n\t\t\t\t        <img decoding=\"async\" src=\"https:\/\/www.ndpo.fr\/app\/uploads\/sites\/4\/2020\/12\/Corine-delvallet@3x.png\" alt=\"Corine DELVALLET\" \/>\n\t\t\t\t        <div class=\"team-social\">\t\t\t  \n\t\t                  \t  \n\t\t                \t  \n\t\t                \t  \n\t\t                \t  \t\n\t\t\t            <\/div>\n\t\t\t\t    <\/div>\n\t\t\t\t    <div class=\"team-content\">\n\t                <h3 class=\"team-name\"><a href=\"https:\/\/www.ndpo.fr\/ufa\/teams\/corine-delvallet\/\">Corine DELVALLET<\/a><\/h3>\n\t                <span class=\"team-title\">Secr\u00e9taire du directeur adjoint<\/span>\n\t\t\t    <\/div>\n\t\t\t\t<\/div><div class=\"team-item\">\n\t\t\t\t    <div class=\"team-img\">\n\t\t\t\t        <img decoding=\"async\" src=\"https:\/\/www.ndpo.fr\/app\/uploads\/sites\/4\/2020\/12\/Antoine-DETAVERNIER@3x.png\" alt=\"Antoine DETAVERNIER\" \/>\n\t\t\t\t        <div class=\"team-social\">\t\t\t  \n\t\t                  \t  \n\t\t                \t  \n\t\t                \t  \n\t\t                \t  \t\n\t\t\t            <\/div>\n\t\t\t\t    <\/div>\n\t\t\t\t    <div class=\"team-content\">\n\t                <h3 class=\"team-name\"><a href=\"https:\/\/www.ndpo.fr\/ufa\/teams\/antoine-detavernier\/\">Antoine DETAVERNIER<\/a><\/h3>\n\t                <span class=\"team-title\">Charg\u00e9 de communication<\/span>\n\t\t\t    <\/div>\n\t\t\t\t<\/div><div class=\"team-item\">\n\t\t\t\t    <div class=\"team-img\">\n\t\t\t\t        <img decoding=\"async\" src=\"https:\/\/www.ndpo.fr\/app\/uploads\/sites\/4\/2020\/12\/rachel-lips@3x.png\" alt=\"Rachel LIPS\" \/>\n\t\t\t\t        <div class=\"team-social\">\t\t\t  \n\t\t                  \t  \n\t\t                \t  \n\t\t                \t  \n\t\t                \t  \t\n\t\t\t            <\/div>\n\t\t\t\t    <\/div>\n\t\t\t\t    <div class=\"team-content\">\n\t                <h3 class=\"team-name\"><a href=\"https:\/\/www.ndpo.fr\/ufa\/teams\/rachel-lips\/\">Rachel LIPS<\/a><\/h3>\n\t                <span class=\"team-title\">Secr\u00e9taire des apprentis<\/span>\n\t\t\t    <\/div>\n\t\t\t\t<\/div><\/div>\n\t   <div>\n\t <\/div>\n\t<\/div>[\/vc_column][\/vc_row][vc_row][vc_column]\n        <div class=\"rs-heading style2   center\">\n        \t<div class=\"title-inner\">\n\t            \n\t            <h2 >Maintenance<\/h2>\n\t        <\/div><\/div><div class=\"rs-team-style2 rs-team\"><div class=\"team-gird row\"><div class=\"team-item col-md-4 col-sm-6 col-xs-12 \">\n\t\t\t\t\t\t\t<div class=\"team-item\">\n\t\t\t\t\t\t\t    <div class=\"team-img\">\n\t\t\t\t\t\t\t        <img decoding=\"async\" src=\"https:\/\/www.ndpo.fr\/app\/uploads\/sites\/4\/2020\/12\/ndpo-ufa-avatar-homme-copie-2.png\" alt=\"Damien AVINES\" \/>\n\t\t\t\t\t\t\t        <div class=\"team-social\">\t\t\t  \n\t\t\t\t\t                  \t  \n\t\t\t\t\t                \t  \n\t\t\t\t\t                \t  \n\t\t\t\t\t                \t  \t\n\t\t\t\t\t\t            <\/div>\n\t\t\t\t\t\t\t    <\/div>\n\t\t\t\t\t\t\t    <div class=\"team-content\">\n\t\t\t\t                <h3 class=\"team-name\"><a href=\"https:\/\/www.ndpo.fr\/ufa\/teams\/damien-avines\/\">Damien AVINES<\/a><\/h3>\n\t\t\t\t                <span class=\"team-title\">Maintenance<\/span>\n\t\t\t\t\t\t    <\/div>\n\t\t\t\t\t\t<\/div>\n\t\t\t\t\t<\/div><div class=\"team-item col-md-4 col-sm-6 col-xs-12 \">\n\t\t\t\t\t\t\t<div class=\"team-item\">\n\t\t\t\t\t\t\t    <div class=\"team-img\">\n\t\t\t\t\t\t\t        <img decoding=\"async\" src=\"https:\/\/www.ndpo.fr\/app\/uploads\/sites\/4\/2020\/12\/ndpo-ufa-avatar-homme-copie-2.png\" alt=\"Philippe LESCOL\" \/>\n\t\t\t\t\t\t\t        <div class=\"team-social\">\t\t\t  \n\t\t\t\t\t                  \t  \n\t\t\t\t\t                \t  \n\t\t\t\t\t                \t  \n\t\t\t\t\t                \t  \t\n\t\t\t\t\t\t            <\/div>\n\t\t\t\t\t\t\t    <\/div>\n\t\t\t\t\t\t\t    <div class=\"team-content\">\n\t\t\t\t                <h3 class=\"team-name\"><a href=\"https:\/\/www.ndpo.fr\/ufa\/teams\/philippe-lescol\/\">Philippe LESCOL<\/a><\/h3>\n\t\t\t\t                <span class=\"team-title\">Responsable maintenance<\/span>\n\t\t\t\t\t\t    <\/div>\n\t\t\t\t\t\t<\/div>\n\t\t\t\t\t<\/div><div class=\"team-item col-md-4 col-sm-6 col-xs-12 \">\n\t\t\t\t\t\t\t<div class=\"team-item\">\n\t\t\t\t\t\t\t    <div class=\"team-img\">\n\t\t\t\t\t\t\t        <img decoding=\"async\" src=\"https:\/\/www.ndpo.fr\/app\/uploads\/sites\/4\/2020\/12\/Charlotte-PONCET.png\" alt=\"Charlotte PONCET\" \/>\n\t\t\t\t\t\t\t        <div class=\"team-social\">\t\t\t  \n\t\t\t\t\t                  \t  \n\t\t\t\t\t                \t  \n\t\t\t\t\t                \t  \n\t\t\t\t\t                \t  \t\n\t\t\t\t\t\t            <\/div>\n\t\t\t\t\t\t\t    <\/div>\n\t\t\t\t\t\t\t    <div class=\"team-content\">\n\t\t\t\t                <h3 class=\"team-name\"><a href=\"https:\/\/www.ndpo.fr\/ufa\/teams\/charlotte-poncet\/\">Charlotte PONCET<\/a><\/h3>\n\t\t\t\t                <span class=\"team-title\">Maintenance<\/span>\n\t\t\t\t\t\t    <\/div>\n\t\t\t\t\t\t<\/div>\n\t\t\t\t\t<\/div><\/div><div style=\"clear:both\"><\/div><\/div>[\/vc_column][\/vc_row]<\/p>\n","protected":false},"excerpt":{"rendered":"<p>[vc_row][vc_column width=&#8221;2\/3&#8243;][vc_single_image image=&#8221;330&#8243; img_size=&#8221;full&#8221;][\/vc_column][vc_column width=&#8221;1\/3&#8243;][vc_empty_space height=&#8221;200&#8243;][vc_btn 0=&#8221;link=https:\/\/www.ndpo.fr\/app\/uploads\/sites\/1\/2026\/01\/organigramme-SEPT-2025.pdf||target:%20_blank|&#8220;&#8221; title=&#8221;Organigramme&#8221; style=&#8221;custom&#8221; custom_background=&#8221;#3d578c&#8221; custom_text=&#8221;#ffffff&#8221; align=&#8221;center&#8221; button_block=&#8221;true&#8221; link=&#8221;url:https%3A%2F%2Fwww.ndpo.fr%2Fapp%2Fuploads%2Fsites%2F4%2F2026%2F01%2Forganigramme-SEPT-2025.pdf|title:Organnigramme|target:%20_blank|&#8221;][\/vc_column][\/vc_row][vc_row][vc_column][\/vc_column][\/vc_row][vc_row][vc_column][\/vc_column][\/vc_row][vc_row][vc_column][\/vc_column]&#8230;<\/p>\n","protected":false},"author":2,"featured_media":0,"parent":0,"menu_order":0,"comment_status":"closed","ping_status":"closed","template":"","meta":{"footnotes":""},"class_list":["post-20","page","type-page","status-publish","hentry"],"_links":{"self":[{"href":"https:\/\/www.ndpo.fr\/ufa\/wp-json\/wp\/v2\/pages\/20","targetHints":{"allow":["GET"]}}],"collection":[{"href":"https:\/\/www.ndpo.fr\/ufa\/wp-json\/wp\/v2\/pages"}],"about":[{"href":"https:\/\/www.ndpo.fr\/ufa\/wp-json\/wp\/v2\/types\/page"}],"author":[{"embeddable":true,"href":"https:\/\/www.ndpo.fr\/ufa\/wp-json\/wp\/v2\/users\/2"}],"replies":[{"embeddable":true,"href":"https:\/\/www.ndpo.fr\/ufa\/wp-json\/wp\/v2\/comments?post=20"}],"version-history":[{"count":26,"href":"https:\/\/www.ndpo.fr\/ufa\/wp-json\/wp\/v2\/pages\/20\/revisions"}],"predecessor-version":[{"id":1277,"href":"https:\/\/www.ndpo.fr\/ufa\/wp-json\/wp\/v2\/pages\/20\/revisions\/1277"}],"wp:attachment":[{"href":"https:\/\/www.ndpo.fr\/ufa\/wp-json\/wp\/v2\/media?parent=20"}],"curies":[{"name":"wp","href":"https:\/\/api.w.org\/{rel}","templated":true}]}}