{"id":22,"date":"2020-07-11T11:38:24","date_gmt":"2020-07-11T09:38:24","guid":{"rendered":"https:\/\/ndpo2020.keeo.com\/ufa\/?page_id=22"},"modified":"2026-01-28T11:25:58","modified_gmt":"2026-01-28T10:25:58","slug":"nos-locaux","status":"publish","type":"page","link":"https:\/\/www.ndpo.fr\/ufa\/nos-locaux\/","title":{"rendered":"NOS LOCAUX"},"content":{"rendered":"<p>[vc_row][vc_column]\n        <div class=\"rs-heading style2   center\">\n        \t<div class=\"title-inner\">\n\t            \n\t            <h2 >Unit\u00e9 de Formation par Apprentissage<\/h2>\n\t        <\/div><div class=\"description\"><p >Plongez au c\u0153ur de l\u2019Unit\u00e9 de Formation par Apprentissage La Providence Orchies et d\u00e9couvrez des locaux pens\u00e9s exclusivement pour l\u2019apprentissage, id\u00e9alement situ\u00e9s \u00e0 seulement 300 m\u00e8tres de la gare SNCF d\u2019Orchies.<br data-start=\"285\" data-end=\"288\" \/>Situ\u00e9e au 38 rue Jules Ferry, l\u2019UFA dispose d\u2019un restaurant et d\u2019un magasin d\u2019application, d\u2019une cuisine p\u00e9dagogique spacieuse, de salles de classe vastes et lumineuses, d\u2019un espace caf\u00e9t\u00e9ria\/foyer d\u00e9di\u00e9 aux apprentis, ainsi que de laboratoires de p\u00e2tisserie \u00e9quip\u00e9s de technologies professionnelles de derni\u00e8re g\u00e9n\u00e9ration.<\/p><\/div><\/div>[\/vc_column][\/vc_row][vc_row][vc_column]\n        <div class=\"rs-heading style2   center\">\n        \t<div class=\"title-inner\">\n\t            \n\t            <h2 >En images ...<\/h2>\n\t        <\/div><\/div>[\/vc_column][\/vc_row][vc_row][vc_column][vc_media_grid gap=&#8221;30&#8243; initial_loading_animation=&#8221;pulse&#8221; grid_id=&#8221;vc_gid:1769595723101-d1e31372-bf7f-9&#8243; include=&#8221;403,402,177,178,184,181,180,183,185,179&#8243;][\/vc_column][\/vc_row]<\/p>\n","protected":false},"excerpt":{"rendered":"<p>[vc_row][vc_column][\/vc_column][\/vc_row][vc_row][vc_column][\/vc_column][\/vc_row][vc_row][vc_column][vc_media_grid gap=&#8221;30&#8243; initial_loading_animation=&#8221;pulse&#8221; grid_id=&#8221;vc_gid:1769595723101-d1e31372-bf7f-9&#8243; include=&#8221;403,402,177,178,184,181,180,183,185,179&#8243;][\/vc_column]&#8230;<\/p>\n","protected":false},"author":2,"featured_media":0,"parent":0,"menu_order":0,"comment_status":"closed","ping_status":"closed","template":"","meta":{"footnotes":""},"class_list":["post-22","page","type-page","status-publish","hentry"],"_links":{"self":[{"href":"https:\/\/www.ndpo.fr\/ufa\/wp-json\/wp\/v2\/pages\/22","targetHints":{"allow":["GET"]}}],"collection":[{"href":"https:\/\/www.ndpo.fr\/ufa\/wp-json\/wp\/v2\/pages"}],"about":[{"href":"https:\/\/www.ndpo.fr\/ufa\/wp-json\/wp\/v2\/types\/page"}],"author":[{"embeddable":true,"href":"https:\/\/www.ndpo.fr\/ufa\/wp-json\/wp\/v2\/users\/2"}],"replies":[{"embeddable":true,"href":"https:\/\/www.ndpo.fr\/ufa\/wp-json\/wp\/v2\/comments?post=22"}],"version-history":[{"count":11,"href":"https:\/\/www.ndpo.fr\/ufa\/wp-json\/wp\/v2\/pages\/22\/revisions"}],"predecessor-version":[{"id":1405,"href":"https:\/\/www.ndpo.fr\/ufa\/wp-json\/wp\/v2\/pages\/22\/revisions\/1405"}],"wp:attachment":[{"href":"https:\/\/www.ndpo.fr\/ufa\/wp-json\/wp\/v2\/media?parent=22"}],"curies":[{"name":"wp","href":"https:\/\/api.w.org\/{rel}","templated":true}]}}