{"id":28,"date":"2020-07-11T11:39:13","date_gmt":"2020-07-11T09:39:13","guid":{"rendered":"https:\/\/ndpo2020.keeo.com\/ufa\/?page_id=28"},"modified":"2026-01-27T11:37:59","modified_gmt":"2026-01-27T10:37:59","slug":"la-vie-a-lufa","status":"publish","type":"page","link":"https:\/\/www.ndpo.fr\/ufa\/la-vie-a-lufa\/","title":{"rendered":"LA VIE \u00c0 L&#8217;UFA"},"content":{"rendered":"<p>[vc_row][vc_column width=&#8221;1\/2&#8243;][vc_single_image image=&#8221;258&#8243; img_size=&#8221;full&#8221;][\/vc_column][vc_column width=&#8221;1\/2&#8243;]\n        <div class=\"rs-heading style2   \">\n        \t<div class=\"title-inner\">\n\t            \n\t            <h2 >Foyer des apprentis<\/h2>\n\t        <\/div><div class=\"description\"><p ><\/p>\n<p data-start=\"80\" data-end=\"344\">L\u2019UFA propose aux apprentis un espace caf\u00e9t\u00e9ria o\u00f9 ils peuvent se restaurer pendant leurs pauses. \u00c9quip\u00e9 de frigos, micro-ondes et fontaine \u00e0 eau, cet espace a \u00e9t\u00e9 pens\u00e9 comme un v\u00e9ritable lieu de convivialit\u00e9, inspir\u00e9 de l\u2019ambiance chaleureuse d\u2019un pub anglais.<\/p>\n<p data-start=\"346\" data-end=\"513\">Les apprentis veillent eux-m\u00eames \u00e0 la propret\u00e9 et au bon fonctionnement de ce foyer, participant ainsi \u00e0 son maintien dans un esprit de partage et de responsabilit\u00e9.<\/p>\n<p><\/p><\/div><\/div>[\/vc_column][\/vc_row][vc_row][vc_column][vc_empty_space][\/vc_column][\/vc_row][vc_row][vc_column]\n        <div class=\"rs-heading style2   center\">\n        \t<div class=\"title-inner\">\n\t            \n\t            <h2 >La vie \u00e0 l'ufa<\/h2>\n\t        <\/div><\/div>[vc_row_inner][vc_column_inner width=&#8221;1\/3&#8243;]\n\t\t\t<div class=\"rs-services-style3  vc_custom_1623307681384 \">\n\t\t\t\t<div class=\"services-item rs-animation-hover\">\n\t\t\t\t    <div class=\"services-icon\">\n\t\t\t\t        <i  class=\"vc_icon_element-icon vc_li vc_li-note rs-animation-scale-up\"><\/i>\n\t\t\t\t    <\/div>\n\t\t\t\t    <div class=\"services-desc\">\n\t\t\t\t        <h4 class=\"services-title\"><a href=\"https:\/\/www.ndpo.fr\/ufa\/documents-importants\/\" title=\"Documents importants\">Documents importants<\/a><\/h4>\n\t\t\t\t        <p>Veuillez trouver les circulaires et textes<br \/>\nfondamentaux : r\u00e8glements, projets, &#8230;<\/p>\n\t\t\t\t    <\/div>\n\t\t\t\t<\/div>\n\t\t\t<\/div>\n\t\t\t[\/vc_column_inner][vc_column_inner width=&#8221;1\/3&#8243;]\n\t\t\t<div class=\"rs-services-style3  vc_custom_1623307696762 \">\n\t\t\t\t<div class=\"services-item rs-animation-hover\">\n\t\t\t\t    <div class=\"services-icon\">\n\t\t\t\t        <i  class=\"vc_icon_element-icon vc_li vc_li-megaphone rs-animation-scale-up\"><\/i>\n\t\t\t\t    <\/div>\n\t\t\t\t    <div class=\"services-desc\">\n\t\t\t\t        <h4 class=\"services-title\"><a href=\"https:\/\/www.ndpo.fr\/ufa\/evenements\/\" title=\"\u00c9V\u00c8NEMENTS\">Ev\u00e8nements<\/a><\/h4>\n\t\t\t\t        <p>D\u00e9couvrez les diff\u00e9rents \u00e9v\u00e9nements<br \/>\nqui se passe \u00e0 l&#8217;UFA et en ext\u00e9rieur<\/p>\n\t\t\t\t    <\/div>\n\t\t\t\t<\/div>\n\t\t\t<\/div>\n\t\t\t[\/vc_column_inner][vc_column_inner width=&#8221;1\/3&#8243;]\n\t\t\t<div class=\"rs-services-style3  vc_custom_1623307709254 \">\n\t\t\t\t<div class=\"services-item rs-animation-hover\">\n\t\t\t\t    <div class=\"services-icon\">\n\t\t\t\t        <i  class=\"vc_icon_element-icon vc-material vc-material-local_hotel rs-animation-scale-up\"><\/i>\n\t\t\t\t    <\/div>\n\t\t\t\t    <div class=\"services-desc\">\n\t\t\t\t        <h4 class=\"services-title\"><a href=\"https:\/\/www.ndpo.fr\/ufa\/internat\/\" title=\"INTERNAT\">Internat<\/a><\/h4>\n\t\t\t\t        <p>La Providence dispose d&#8217;un Internat fille<br \/>\net d&#8217;un internat gar\u00e7on.<\/p>\n\t\t\t\t    <\/div>\n\t\t\t\t<\/div>\n\t\t\t<\/div>\n\t\t\t[\/vc_column_inner][\/vc_row_inner][\/vc_column][\/vc_row]<\/p>\n","protected":false},"excerpt":{"rendered":"<p>[vc_row][vc_column width=&#8221;1\/2&#8243;][vc_single_image image=&#8221;258&#8243; img_size=&#8221;full&#8221;][\/vc_column][vc_column width=&#8221;1\/2&#8243;][\/vc_column][\/vc_row][vc_row][vc_column][vc_empty_space][\/vc_column][\/vc_row][vc_row][vc_column][vc_row_inner][vc_column_inner width=&#8221;1\/3&#8243;][\/vc_column_inner][vc_column_inner width=&#8221;1\/3&#8243;][\/vc_column_inner][vc_column_inner width=&#8221;1\/3&#8243;][\/vc_column_inner][\/vc_row_inner][\/vc_column]&#8230;<\/p>\n","protected":false},"author":2,"featured_media":0,"parent":0,"menu_order":0,"comment_status":"closed","ping_status":"closed","template":"","meta":{"footnotes":""},"class_list":["post-28","page","type-page","status-publish","hentry"],"_links":{"self":[{"href":"https:\/\/www.ndpo.fr\/ufa\/wp-json\/wp\/v2\/pages\/28","targetHints":{"allow":["GET"]}}],"collection":[{"href":"https:\/\/www.ndpo.fr\/ufa\/wp-json\/wp\/v2\/pages"}],"about":[{"href":"https:\/\/www.ndpo.fr\/ufa\/wp-json\/wp\/v2\/types\/page"}],"author":[{"embeddable":true,"href":"https:\/\/www.ndpo.fr\/ufa\/wp-json\/wp\/v2\/users\/2"}],"replies":[{"embeddable":true,"href":"https:\/\/www.ndpo.fr\/ufa\/wp-json\/wp\/v2\/comments?post=28"}],"version-history":[{"count":18,"href":"https:\/\/www.ndpo.fr\/ufa\/wp-json\/wp\/v2\/pages\/28\/revisions"}],"predecessor-version":[{"id":1344,"href":"https:\/\/www.ndpo.fr\/ufa\/wp-json\/wp\/v2\/pages\/28\/revisions\/1344"}],"wp:attachment":[{"href":"https:\/\/www.ndpo.fr\/ufa\/wp-json\/wp\/v2\/media?parent=28"}],"curies":[{"name":"wp","href":"https:\/\/api.w.org\/{rel}","templated":true}]}}