{"id":36,"date":"2020-07-11T11:40:11","date_gmt":"2020-07-11T09:40:11","guid":{"rendered":"https:\/\/ndpo2020.keeo.com\/ufa\/?page_id=36"},"modified":"2026-01-28T11:47:17","modified_gmt":"2026-01-28T10:47:17","slug":"apprentissage","status":"publish","type":"page","link":"https:\/\/www.ndpo.fr\/ufa\/apprentissage\/","title":{"rendered":"APPRENTISSAGE"},"content":{"rendered":"<p>[vc_row css=&#8221;.vc_custom_1601452639445{margin-top: -70px !important;}&#8221;][vc_column width=&#8221;1\/2&#8243;]\n        <div class=\"rs-heading style2   \">\n        \t<div class=\"title-inner\">\n\t            <span class=\"sub-text\">Pourquoi<\/span>\n\t            <h2 >L'Alternance ?<\/h2>\n\t        <\/div><div class=\"description\"><p >&#8211; Pr\u00e9parer un dipl\u00f4me national technologique et professionnel sans financer la scolarit\u00e9;<\/p>\n<p>&#8211; Cumuler des comp\u00e9tences th\u00e9oriques tout en d\u00e9veloppant une ma\u00eetrise pratique;<\/p>\n<p>&#8211; Gagner &#8220;sa vie&#8221; tout en apprenant un m\u00e9tier;<\/p>\n<p>&#8211; Avoir un statut de jeune salari\u00e9;<\/p>\n<p>&#8211; Avoir la certitude d&#8217;un emploi \u00e0 la fin du cursus;<\/p>\n<p>&#8211; \u00catre dans le cadre de la nouvelle loi travail, favorisant l&#8217;alternance;<\/p>\n<p>&#8211; Se reconvertir en partenariat avec P\u00f4le Emploi (CSP)<\/p>\n<p><\/p><\/div><\/div>[\/vc_column][vc_column width=&#8221;1\/2&#8243;][vc_single_image image=&#8221;17&#8243; img_size=&#8221;full&#8221;][\/vc_column][\/vc_row][vc_row][vc_column][vc_single_image image=&#8221;139&#8243; img_size=&#8221;full&#8221; onclick=&#8221;custom_link&#8221; img_link_target=&#8221;_blank&#8221; css_animation=&#8221;fadeIn&#8221; link=&#8221;https:\/\/generation.hautsdefrance.fr\/carte-generation-hdf\/&#8221;][\/vc_column][\/vc_row][vc_row][vc_column width=&#8221;1\/2&#8243;][vc_single_image image=&#8221;184&#8243; img_size=&#8221;full&#8221;][\/vc_column][vc_column width=&#8221;1\/2&#8243;][vc_empty_space height=&#8221;60&#8243;]\n        <div class=\"rs-heading style2   \">\n        \t<div class=\"title-inner\">\n\t            <span class=\"sub-text\">D\u00e9couvrir<\/span>\n\t            <h2 >L'Alternance<\/h2>\n\t        <\/div><div class=\"description\"><p >L\u2019alternance permet de se former \u00e0 un m\u00e9tier et de s\u2019int\u00e9grer plus facilement \u00e0 la vie et la culture de l\u2019entreprise. C\u2019est un syst\u00e8me de formation qui est fond\u00e9 sur une phase pratique et une phase th\u00e9orique qui alternent. C\u2019est une v\u00e9ritable passerelle vers l\u2019emploi et l\u2019insertion professionnelle.<\/p>\n<p>L\u2019alternance comprend deux types de contrats : le contrat d\u2019apprentissage et le contrat de professionnalisation qui r\u00e9pondent tous deux au m\u00eame objectif de mont\u00e9e en comp\u00e9tence du salari\u00e9 en combinant travail en entreprise et formation th\u00e9orique.<\/p><\/div><\/div>[vc_btn title=&#8221;D\u00e9couvrir&#8221; style=&#8221;custom&#8221; custom_background=&#8221;#3e5885&#8243; custom_text=&#8221;#ffffff&#8221; link=&#8221;url:https%3A%2F%2Fwww.alternance.emploi.gouv.fr%2Fportail_alternance%2Fjcms%2Frecleader_6113%2Fdecouvrir-l-alternance||target:%20_blank|&#8221;][\/vc_column][\/vc_row]<\/p>\n","protected":false},"excerpt":{"rendered":"<p>[vc_row css=&#8221;.vc_custom_1601452639445{margin-top: -70px !important;}&#8221;][vc_column width=&#8221;1\/2&#8243;][\/vc_column][vc_column width=&#8221;1\/2&#8243;][vc_single_image image=&#8221;17&#8243; img_size=&#8221;full&#8221;][\/vc_column][\/vc_row][vc_row][vc_column][vc_single_image image=&#8221;139&#8243; img_size=&#8221;full&#8221; onclick=&#8221;custom_link&#8221; img_link_target=&#8221;_blank&#8221; css_animation=&#8221;fadeIn&#8221; link=&#8221;https:\/\/generation.hautsdefrance.fr\/carte-generation-hdf\/&#8221;][\/vc_column][\/vc_row][vc_row][vc_column width=&#8221;1\/2&#8243;][vc_single_image image=&#8221;184&#8243; img_size=&#8221;full&#8221;][\/vc_column][vc_column width=&#8221;1\/2&#8243;][vc_empty_space height=&#8221;60&#8243;][vc_btn title=&#8221;D\u00e9couvrir&#8221; style=&#8221;custom&#8221; custom_background=&#8221;#3e5885&#8243; custom_text=&#8221;#ffffff&#8221; link=&#8221;url:https%3A%2F%2Fwww.alternance.emploi.gouv.fr%2Fportail_alternance%2Fjcms%2Frecleader_6113%2Fdecouvrir-l-alternance||target:%20_blank|&#8221;][\/vc_column]&#8230;<\/p>\n","protected":false},"author":2,"featured_media":0,"parent":0,"menu_order":0,"comment_status":"closed","ping_status":"closed","template":"","meta":{"footnotes":""},"class_list":["post-36","page","type-page","status-publish","hentry"],"_links":{"self":[{"href":"https:\/\/www.ndpo.fr\/ufa\/wp-json\/wp\/v2\/pages\/36","targetHints":{"allow":["GET"]}}],"collection":[{"href":"https:\/\/www.ndpo.fr\/ufa\/wp-json\/wp\/v2\/pages"}],"about":[{"href":"https:\/\/www.ndpo.fr\/ufa\/wp-json\/wp\/v2\/types\/page"}],"author":[{"embeddable":true,"href":"https:\/\/www.ndpo.fr\/ufa\/wp-json\/wp\/v2\/users\/2"}],"replies":[{"embeddable":true,"href":"https:\/\/www.ndpo.fr\/ufa\/wp-json\/wp\/v2\/comments?post=36"}],"version-history":[{"count":8,"href":"https:\/\/www.ndpo.fr\/ufa\/wp-json\/wp\/v2\/pages\/36\/revisions"}],"predecessor-version":[{"id":1409,"href":"https:\/\/www.ndpo.fr\/ufa\/wp-json\/wp\/v2\/pages\/36\/revisions\/1409"}],"wp:attachment":[{"href":"https:\/\/www.ndpo.fr\/ufa\/wp-json\/wp\/v2\/media?parent=36"}],"curies":[{"name":"wp","href":"https:\/\/api.w.org\/{rel}","templated":true}]}}