{"id":89,"date":"2020-08-26T11:52:34","date_gmt":"2020-08-26T09:52:34","guid":{"rendered":"https:\/\/ndpo2020.keeo.com\/ufa\/?page_id=89"},"modified":"2026-04-07T09:29:55","modified_gmt":"2026-04-07T07:29:55","slug":"mise-a-niveau","status":"publish","type":"page","link":"https:\/\/www.ndpo.fr\/ufa\/mise-a-niveau\/","title":{"rendered":"Mise \u00e0 Niveau"},"content":{"rendered":"<p>[vc_row][vc_column]\n        <div class=\"rs-heading style2  vc_custom_1601284897592  center\">\n        \t<div class=\"title-inner\">\n\t            \n\t            <h2 >Mise \u00e0 niveau<\/h2>\n\t        <\/div><\/div>[\/vc_column][\/vc_row][vc_row][vc_column width=&#8221;2\/3&#8243;][vc_single_image image=&#8221;482&#8243; img_size=&#8221;full&#8221;]\n        <div class=\"rs-heading    \">\n        \t<div class=\"title-inner\">\n\t            \n\t            \n\t        <\/div><div class=\"description\"><p >La <strong><span style=\"color: #3d578c;\">Mise \u00e0 Niveau en h\u00f4tellerie-restauration<\/span> <\/strong>(cuisine ou service) pr\u00e9pare \u00e0 l\u2019int\u00e9gration d\u2019un BTS H\u00f4tellerie-Restauration. Elle permet d\u2019acqu\u00e9rir ou de renforcer les comp\u00e9tences de base en techniques culinaires, service en salle, hygi\u00e8ne et s\u00e9curit\u00e9 alimentaire, ainsi qu\u2019en organisation du travail en \u00e9tablissement. Cette formation s\u2019adresse aux personnes issues ou non du milieu h\u00f4telier, souhaitant se pr\u00e9parer efficacement \u00e0 suivre un BTS MHR, se r\u00e9orienter vers les m\u00e9tiers de l\u2019h\u00f4tellerie-restauration et r\u00e9ussir leur insertion dans ce secteur.<\/p><\/div><\/div>[vc_row_inner][vc_column_inner width=&#8221;1\/3&#8243;][vc_btn title=&#8221;S&#8217;INSCRIRE&#8221; style=&#8221;custom&#8221; custom_background=&#8221;#3d578c&#8221; custom_text=&#8221;#ffffff&#8221; size=&#8221;lg&#8221; align=&#8221;center&#8221; css_animation=&#8221;fadeInDown&#8221; button_block=&#8221;true&#8221; link=&#8221;url:https%3A%2F%2Fcfajeanbosco-hdf.ymag.cloud%2Findex.php%2Fpreinscription%2Framsese%2F0597122W||target:%20_blank|&#8221;][\/vc_column_inner][vc_column_inner width=&#8221;1\/3&#8243;][vc_btn title=&#8221;FICHE FORMATION&#8221; style=&#8221;custom&#8221; custom_background=&#8221;#3d578c&#8221; custom_text=&#8221;#ffffff&#8221; size=&#8221;lg&#8221; align=&#8221;center&#8221; css_animation=&#8221;fadeInDown&#8221; button_block=&#8221;true&#8221; link=&#8221;url:https%3A%2F%2Fwww.ndpo.fr%2Fapp%2Fuploads%2Fsites%2F4%2F2026%2F03%2FMAN-2026.pdf||target:%20_blank|&#8221;][\/vc_column_inner][vc_column_inner width=&#8221;1\/3&#8243;][vc_btn title=&#8221;DEMANDE IMMERSION&#8221; style=&#8221;custom&#8221; custom_background=&#8221;#3d578c&#8221; custom_text=&#8221;#ffffff&#8221; size=&#8221;lg&#8221; align=&#8221;center&#8221; css_animation=&#8221;fadeInDown&#8221; button_block=&#8221;true&#8221; link=&#8221;url:https%3A%2F%2Fwww.ndpo.fr%2Fufa%2Fimmersion%2F||target:%20_blank|&#8221;][\/vc_column_inner][\/vc_row_inner][vc_row_inner][vc_column_inner][vc_empty_space][\/vc_column_inner][\/vc_row_inner]\n        <div class=\"rs-heading style1   \">\n        \t<div class=\"title-inner\">\n\t            \n\t            <h2 >Contenu de la formation<\/h2>\n\t        <\/div><div class=\"description\"><p >Bloc 1 : Langues vivantes \u00e9trang\u00e8res<br \/>\nBloc 2 : \u00c9conomie et gestion h\u00f4teli\u00e8re<br \/>\nBloc 3 : Sciences et technologies culinaires<br \/>\nBloc 4 : Sciences et technologies des services<br \/>\nBloc 5 : Enseignement scientifique Alimentaire-Environnement<\/p><\/div><\/div>\n        <div class=\"rs-heading style1   \">\n        \t<div class=\"title-inner\">\n\t            \n\t            <h2 >Modalit\u00e9s, m\u00e9thodes et outils p\u00e9dagogiques<\/h2>\n\t        <\/div><div class=\"description\"><p >\u2022 Formation en pr\u00e9sentiel<br \/>\n\u2022 Alternance th\u00e9orique et pratique<br \/>\n\u2022 Accompagnement et suivi individuel<br \/>\n\u2022 Intervention de professionnels<\/p><\/div><\/div>\n        <div class=\"rs-heading style1   \">\n        \t<div class=\"title-inner\">\n\t            \n\t            <h2 >Modalit\u00e9s d'\u00e9valuation<\/h2>\n\t        <\/div><div class=\"description\"><p >\u2022 \u00c9valuation tout au long de la formation<br \/>\n\u2022 Examen ponctuel en fin de formation<\/p><\/div><\/div>\n        <div class=\"rs-heading style1   \">\n        \t<div class=\"title-inner\">\n\t            \n\t            <h2 >Objectifs<\/h2>\n\t        <\/div><div class=\"description\"><p >\u2022 R\u00e9alisation de plats en utilisant diff\u00e9rentes techniques de production culinaire<br \/>\n\u2022 Connaissance des produits alimentaires et gestion de l&#8217;approvisionnement<br \/>\n\u2022 Pr\u00e9parations pr\u00e9liminaires et \u00e9laboration des plats<br \/>\n\u2022 Notions d&#8217;hygi\u00e8ne<br \/>\n\u2022 Notions sur les fili\u00e8res<br \/>\n\u2022 Technologie cuisine<\/p><\/div><\/div>[\/vc_column][vc_column width=&#8221;1\/3&#8243;]\n        <div class=\"rs-heading style1   \">\n        \t<div class=\"title-inner\">\n\t            \n\t            <h2 >Public concern\u00e9<\/h2>\n\t        <\/div><div class=\"description\"><p >Jeune entre 15 et 29 ans.<\/p><\/div><\/div>\n        <div class=\"rs-heading style1   \">\n        \t<div class=\"title-inner\">\n\t            \n\t            <h2 >Pr\u00e9requis<\/h2>\n\t        <\/div><div class=\"description\"><p >L&#8217;acc\u00e8s est ouvert aux \u00e9tudiants titulaires d&#8217;un baccalaur\u00e9at<\/p><\/div><\/div>\n        <div class=\"rs-heading style1   \">\n        \t<div class=\"title-inner\">\n\t            \n\t            <h2 >Modalit\u00e9s et d\u00e9lais d'acc\u00e8s<\/h2>\n\t        <\/div><div class=\"description\"><p >\u2022 D\u00e9p\u00f4t du dossier d&#8217;inscription<br \/>\n\u2022 Entretien de motivation<br \/>\n\u2022 Signature du contrat d&#8217;apprentissage<\/p><\/div><\/div>\n        <div class=\"rs-heading style1   \">\n        \t<div class=\"title-inner\">\n\t            \n\t            <h2 >Rythme<\/h2>\n\t        <\/div><div class=\"description\"><p >455h de formation<br \/>\n2 jours par semaine \u00e0 l&#8217;UFA<\/p><\/div><\/div>\n        <div class=\"rs-heading style1   \">\n        \t<div class=\"title-inner\">\n\t            \n\t            <h2 >Co\u00fbt<\/h2>\n\t        <\/div><div class=\"description\"><p >Les \u00e9tudes sont gratuites.<br \/>\nFormation \u00e0 partir de 5888\u20ac\/an pour l&#8217;option cuisine<br \/>\net 6687\u20ac\/an pour l&#8217;option service, financ\u00e9e par les OPCO<\/p><\/div><\/div>\n        <div class=\"rs-heading style1   \">\n        \t<div class=\"title-inner\">\n\t            \n\t            <h2 >Taux de la session 2024 - 2025<\/h2>\n\t        <\/div><div class=\"description\"><p >\u2022 100% taux d&#8217;obtention du dipl\u00f4me<br \/>\n\u2022 82 % taux de poursuite d&#8217;\u00e9tude<br \/>\n\u2022 21 % Taux d&#8217;interruption de la formation<br \/>\n\u2022 18 % Taux d&#8217;insertion professionnel \u00e0 6 mois<br \/>\n\u2022 100 % dont taux d&#8217;insertion dans l&#8217;un des m\u00e9tiers vis\u00e9s par la certification<\/p><\/div><\/div>\n        <div class=\"rs-heading style1   \">\n        \t<div class=\"title-inner\">\n\t            \n\t            <h2 >Acc\u00e8s handicap<\/h2>\n\t        <\/div><div class=\"description\"><p ><\/p>\n<p style=\"text-align: left;\">Notre UFA et ses locaux sont accessibles aux<br \/>\napprentis en situation de handicap.<br \/>\nNotre personne ressource handicap est \u00e0 votre \u00e9coute pour am\u00e9nager la formation aux besoins :<br \/>\n<strong>Madame Rachel LIPS<\/strong><br \/>\n<strong>03 20 41 56 84<\/strong><br \/>\n<strong>cpecfa@ndpo.fr<\/strong><\/p><\/div><\/div>[\/vc_column][vc_column][\/vc_column][\/vc_row][vc_row][vc_column]\n        <div class=\"rs-heading style2   \">\n        \t<div class=\"title-inner\">\n\t            \n\t            <h2 >Poursuites d'\u00e9tudes et d\u00e9bouch\u00e9s<\/h2>\n\t        <\/div><div class=\"description\"><p ><\/p>\n<table>\n<tbody>\n<tr>\n<td width=\"247\"><strong><u>Poursuites d\u2019\u00e9tude UFA<\/u><\/strong><\/td>\n<td width=\"225\"><strong><u>Poursuites d\u2019\u00e9tude autres<\/u><\/strong><\/td>\n<td width=\"225\"><strong><u>D\u00e9bouch\u00e9s professionnels<\/u><\/strong><\/td>\n<\/tr>\n<tr>\n<td width=\"247\">&#8211; BTS MHR (option A, B ou C)<\/p>\n<p>&#8211; BP Arts de la cuisine<\/p>\n<p>&#8211; BP Arts de la table<\/p>\n<p>&#8211; CS Sommellerie<\/p>\n<p>&#8211; CS M\u00e9tiers du bar<\/td>\n<td width=\"225\">&#8211; Baccalaur\u00e9at professionnel commercialisation et services en restauration<\/p>\n<p>&#8211; Baccalaur\u00e9at professionnel cuisine<\/p>\n<p>&#8211; CS Organisateur de r\u00e9ception<\/td>\n<td width=\"225\">&#8211; Commis de cuisine<\/p>\n<p>&#8211; Cuisinier<\/p>\n<p>&#8211; Aide-cuisinier<\/p>\n<p>&#8211; Employ\u00e9 de restauration collective<\/p>\n<p>&#8211; Serveur \/ serveuse<\/p>\n<p>&#8211; Employ\u00e9 de restaurant<\/p>\n<p>&#8211; Commis de salle<\/p>\n<p>&#8211; Employ\u00e9 polyvalent en HCR<\/td>\n<\/tr>\n<\/tbody>\n<\/table>\n<p><\/p><\/div><\/div>[\/vc_column][\/vc_row]<\/p>\n","protected":false},"excerpt":{"rendered":"<p>[vc_row][vc_column][\/vc_column][\/vc_row][vc_row][vc_column width=&#8221;2\/3&#8243;][vc_single_image image=&#8221;482&#8243; img_size=&#8221;full&#8221;][vc_row_inner][vc_column_inner width=&#8221;1\/3&#8243;][vc_btn title=&#8221;S&#8217;INSCRIRE&#8221; style=&#8221;custom&#8221; custom_background=&#8221;#3d578c&#8221; custom_text=&#8221;#ffffff&#8221; size=&#8221;lg&#8221; align=&#8221;center&#8221; css_animation=&#8221;fadeInDown&#8221; button_block=&#8221;true&#8221; link=&#8221;url:https%3A%2F%2Fcfajeanbosco-hdf.ymag.cloud%2Findex.php%2Fpreinscription%2Framsese%2F0597122W||target:%20_blank|&#8221;][\/vc_column_inner][vc_column_inner width=&#8221;1\/3&#8243;][vc_btn title=&#8221;FICHE FORMATION&#8221; style=&#8221;custom&#8221; custom_background=&#8221;#3d578c&#8221; custom_text=&#8221;#ffffff&#8221; size=&#8221;lg&#8221; align=&#8221;center&#8221; css_animation=&#8221;fadeInDown&#8221; button_block=&#8221;true&#8221; link=&#8221;url:https%3A%2F%2Fwww.ndpo.fr%2Fapp%2Fuploads%2Fsites%2F4%2F2026%2F03%2FMAN-2026.pdf||target:%20_blank|&#8221;][\/vc_column_inner][vc_column_inner width=&#8221;1\/3&#8243;][vc_btn title=&#8221;DEMANDE IMMERSION&#8221;&#8230;<\/p>\n","protected":false},"author":2,"featured_media":0,"parent":0,"menu_order":0,"comment_status":"closed","ping_status":"closed","template":"","meta":{"footnotes":""},"class_list":["post-89","page","type-page","status-publish","hentry"],"_links":{"self":[{"href":"https:\/\/www.ndpo.fr\/ufa\/wp-json\/wp\/v2\/pages\/89","targetHints":{"allow":["GET"]}}],"collection":[{"href":"https:\/\/www.ndpo.fr\/ufa\/wp-json\/wp\/v2\/pages"}],"about":[{"href":"https:\/\/www.ndpo.fr\/ufa\/wp-json\/wp\/v2\/types\/page"}],"author":[{"embeddable":true,"href":"https:\/\/www.ndpo.fr\/ufa\/wp-json\/wp\/v2\/users\/2"}],"replies":[{"embeddable":true,"href":"https:\/\/www.ndpo.fr\/ufa\/wp-json\/wp\/v2\/comments?post=89"}],"version-history":[{"count":49,"href":"https:\/\/www.ndpo.fr\/ufa\/wp-json\/wp\/v2\/pages\/89\/revisions"}],"predecessor-version":[{"id":1346,"href":"https:\/\/www.ndpo.fr\/ufa\/wp-json\/wp\/v2\/pages\/89\/revisions\/1346"}],"wp:attachment":[{"href":"https:\/\/www.ndpo.fr\/ufa\/wp-json\/wp\/v2\/media?parent=89"}],"curies":[{"name":"wp","href":"https:\/\/api.w.org\/{rel}","templated":true}]}}