{"id":989,"date":"2024-04-02T14:46:26","date_gmt":"2024-04-02T12:46:26","guid":{"rendered":"https:\/\/www.ndpo.fr\/ufa\/?page_id=989"},"modified":"2026-04-07T15:44:31","modified_gmt":"2026-04-07T13:44:31","slug":"immersion","status":"publish","type":"page","link":"https:\/\/www.ndpo.fr\/ufa\/immersion\/","title":{"rendered":"IMMERSION"},"content":{"rendered":"<p>[vc_row][vc_column]\n        <div class=\"rs-heading style2   center\">\n        \t<div class=\"title-inner\">\n\t            \n\t            <h2 >INSCRIPTION JOURN\u00c9E D'IMMERSION<\/h2>\n\t        <\/div><div class=\"description\"><p ><\/p>\n<p class=\"isSelectedEnd\">D\u00e9sol\u00e9s, nos journ\u00e9es d\u2019immersion sont victimes de leur succ\u00e8s !<\/p>\n<p class=\"isSelectedEnd\">Nous serons de retour d\u00e9but octobre avec de nouvelles dates.<\/p>\n<p class=\"isSelectedEnd\">Pour certaines formations, il reste encore quelques places disponibles :<br \/>\nContactez-nous directement au 03 20 41 10 40<\/p>\n<p>\u00c0 tr\u00e8s vite !<\/p><\/div><\/div>[\/vc_column][\/vc_row][vc_row][vc_column][\/vc_column][\/vc_row]<\/p>\n","protected":false},"excerpt":{"rendered":"<p>[vc_row][vc_column][\/vc_column][\/vc_row][vc_row][vc_column][\/vc_column]&#8230;<\/p>\n","protected":false},"author":4,"featured_media":0,"parent":0,"menu_order":0,"comment_status":"closed","ping_status":"closed","template":"","meta":{"footnotes":""},"class_list":["post-989","page","type-page","status-publish","hentry"],"_links":{"self":[{"href":"https:\/\/www.ndpo.fr\/ufa\/wp-json\/wp\/v2\/pages\/989","targetHints":{"allow":["GET"]}}],"collection":[{"href":"https:\/\/www.ndpo.fr\/ufa\/wp-json\/wp\/v2\/pages"}],"about":[{"href":"https:\/\/www.ndpo.fr\/ufa\/wp-json\/wp\/v2\/types\/page"}],"author":[{"embeddable":true,"href":"https:\/\/www.ndpo.fr\/ufa\/wp-json\/wp\/v2\/users\/4"}],"replies":[{"embeddable":true,"href":"https:\/\/www.ndpo.fr\/ufa\/wp-json\/wp\/v2\/comments?post=989"}],"version-history":[{"count":3,"href":"https:\/\/www.ndpo.fr\/ufa\/wp-json\/wp\/v2\/pages\/989\/revisions"}],"predecessor-version":[{"id":1554,"href":"https:\/\/www.ndpo.fr\/ufa\/wp-json\/wp\/v2\/pages\/989\/revisions\/1554"}],"wp:attachment":[{"href":"https:\/\/www.ndpo.fr\/ufa\/wp-json\/wp\/v2\/media?parent=989"}],"curies":[{"name":"wp","href":"https:\/\/api.w.org\/{rel}","templated":true}]}}